{"id":413274,"date":"2025-08-18T17:40:57","date_gmt":"2025-08-18T17:40:57","guid":{"rendered":"https:\/\/raktoras.lt\/product\/ivoriu-traversos-nuemimo-uzdejimo-rinkinys-15vnt-bmw-mercedes-benz\/"},"modified":"2025-10-27T16:27:43","modified_gmt":"2025-10-27T16:27:43","slug":"ivoriu-traversos-nuemimo-uzdejimo-rinkinys-15vnt-bmw-mercedes-benz","status":"publish","type":"product","link":"https:\/\/raktoras.lt\/ru\/product\/ivoriu-traversos-nuemimo-uzdejimo-rinkinys-15vnt-bmw-mercedes-benz\/","title":{"rendered":"\u012evori\u0173\/traversos nu\u0117mimo\/u\u017ed\u0117jimo rinkinys (15vnt)  BMW, Mercedes-Benz"},"content":{"rendered":"<p>Tinka \u0161iems modeliams:<br \/>\n\tMercedes-Benz: W220, W211, W203<br \/>\n\tBMW: E31, E32, E34, E38, E39, E53, E60, E65, E66<\/p>","protected":false},"excerpt":{"rendered":"<p>Tinka \u0161iems modeliams: Mercedes-Benz: W220, W211, W203 BMW: E31, E32, E34, E38, E39, E53, E60, E65, E66<\/p>","protected":false},"featured_media":418558,"comment_status":"closed","ping_status":"open","template":"","meta":[],"product_cat":[11095,11230,11229,10287],"product_tag":[],"class_list":{"0":"post-413274","1":"product","2":"type-product","3":"status-publish","4":"has-post-thumbnail","6":"product_cat-autoservisu-iranga-prekiu-katalogas","7":"product_cat-guoliu-ivoriu-nuemikliai-nuemikliai-autoservisu-iranga-prekiu-katalogas","8":"product_cat-nuemikliai-autoservisu-iranga-prekiu-katalogas","9":"product_cat-prekiu-katalogas","11":"first","12":"instock","13":"purchasable","14":"product-type-simple"},"jetpack_sharing_enabled":true,"_links":{"self":[{"href":"https:\/\/raktoras.lt\/ru\/wp-json\/wp\/v2\/product\/413274","targetHints":{"allow":["GET"]}}],"collection":[{"href":"https:\/\/raktoras.lt\/ru\/wp-json\/wp\/v2\/product"}],"about":[{"href":"https:\/\/raktoras.lt\/ru\/wp-json\/wp\/v2\/types\/product"}],"replies":[{"embeddable":true,"href":"https:\/\/raktoras.lt\/ru\/wp-json\/wp\/v2\/comments?post=413274"}],"version-history":[{"count":1,"href":"https:\/\/raktoras.lt\/ru\/wp-json\/wp\/v2\/product\/413274\/revisions"}],"predecessor-version":[{"id":413275,"href":"https:\/\/raktoras.lt\/ru\/wp-json\/wp\/v2\/product\/413274\/revisions\/413275"}],"wp:featuredmedia":[{"embeddable":true,"href":"https:\/\/raktoras.lt\/ru\/wp-json\/wp\/v2\/media\/418558"}],"wp:attachment":[{"href":"https:\/\/raktoras.lt\/ru\/wp-json\/wp\/v2\/media?parent=413274"}],"wp:term":[{"taxonomy":"product_cat","embeddable":true,"href":"https:\/\/raktoras.lt\/ru\/wp-json\/wp\/v2\/product_cat?post=413274"},{"taxonomy":"product_tag","embeddable":true,"href":"https:\/\/raktoras.lt\/ru\/wp-json\/wp\/v2\/product_tag?post=413274"}],"curies":[{"name":"wp","href":"https:\/\/api.w.org\/{rel}","templated":true}]}}