{"id":413366,"date":"2025-08-18T17:41:25","date_gmt":"2025-08-18T17:41:25","guid":{"rendered":"https:\/\/raktoras.lt\/product\/isiurbimo-sklendziu-valiklis-mannol-400ml\/"},"modified":"2025-12-07T16:16:49","modified_gmt":"2025-12-07T16:16:49","slug":"isiurbimo-sklendziu-valiklis-mannol-400ml","status":"publish","type":"product","link":"https:\/\/raktoras.lt\/ru\/product\/isiurbimo-sklendziu-valiklis-mannol-400ml\/","title":{"rendered":"\u012esiurbimo sklend\u017ei\u0173 valiklis MANNOL 400ml"},"content":{"rendered":"<p>\u012esiurbimo kolektori\u0173 valiklis &ndash; itin efektyvi priemon\u0117 benzinini\u0173 varikli\u0173 \u012fsiurbimo sistemai iki \u012fsiurbimo vo\u017etuv\u0173 ir neprieinamiausiose vietose valyti nuo vis\u0173 tipi\u0161k\u0173 ne\u0161varum\u0173 nei\u0161ardant sistemos. Daugeliu atvej\u0173 pakanka vieno u\u017etepimo, kad \u012fsiurbimo sistema b\u016bt\u0173 nepriekai\u0161tinga.<br \/>\n\tKai veikia tu\u0161\u010diosios eigos vo\u017etuvas (IAC), ant jo palaipsniui kaupiasi nuos\u0117dos, kurios galiausiai paveikia oro ir duj\u0173 cirkuliacij\u0105. Tai suma\u017eina variklio gali\u0105 ir pagreit\u012f, sutrikdo tu\u0161\u010diosios eigos sklandum\u0105 ir \u017eymiai padidina degal\u0173 s\u0105naudas. U\u017esikim\u0161usio tu\u0161\u010diosios eigos vo\u017etuvo po\u017eymiai gali b\u016bti:<br \/>\n\t&#8211; Sunkus paleidimas;<br \/>\n\t&#8211; Protarpinis tu\u0161\u010diosios eigos re\u017eimas, kur\u012f rodo \u0161okin\u0117jantys tachometro rodmenys;<br \/>\n\t&#8211; L\u0117tas grei\u010dio ma\u017einimas spaud\u017eiant sankabos pedal\u0105 va\u017eiuojant;<br \/>\n\t&#8211; Juodi d\u016bmai i\u0161 i\u0161metimo vamzd\u017eio.<\/p>\n<p>Savyb\u0117s:<br \/>\n\t&#8211; Greitai, efektyviai ir kruop\u0161\u010diai pa\u0161alina ne\u0161varumus, suod\u017eius, anglies, derv\u0173 ir tepal\u0173 nuos\u0117das bei kitus sunkiausiai pa\u0161alinamus ir senus ne\u0161varumus;<br \/>\n\t&#8211; Toliau apsaugo \u012fsiurbimo sistemos elementus nuo korozijos ir oksidacijos, neleid\u017eia ant j\u0173 susidaryti naujiems ne\u0161varumams ir nuos\u0117doms, u\u017etikrina judan\u010di\u0173 dali\u0173 funkcionalum\u0105 ir mobilum\u0105, &#8211; pailgina \u012fsiurbimo sistemos tarnavimo laik\u0105 ir suma\u017eina remonto i\u0161laidas;<br \/>\n\t&#8211; Palengvina \u0161alt\u0105 u\u017evedim\u0105, atkuria tu\u0161\u010diosios eigos grei\u010dio vienodum\u0105 ir suma\u017eina degal\u0173 s\u0105naudas;<br \/>\n\t&#8211; Sud\u0117tyje yra acetono, kuris yra agresyvus da\u017eytiems pavir\u0161iams ir plastikams;<br \/>\n\t&#8211; Saugus katalizatoriams, deguonies jutikliams ir turbokompresoriams.<\/p>\n<p>Naudojimas: prie\u0161 naudojim\u0105 balion\u0105 gerai suplakite. Produktas turi b\u016bti pur\u0161kiamas u\u017e oro srauto matuoklio (priemon\u0117s neturi patekti ant jo) ne trumpiau kaip 30 sekund\u017ei\u0173 (priklausomai nuo u\u017eter\u0161tumo laipsnio), kai variklis veikia tu\u0161\u010di\u0105ja eiga (ne ma\u017eiau kaip 2000 aps.\/min.).<br \/>\n\tJei ant droselio, \u012fsiurbimo kolektoriaus viduje arba ant \u012fsiurbimo vo\u017etuv\u0173 yra ypa\u010d nuolatini\u0173 nuos\u0117d\u0173, valymo proced\u016br\u0105 galima pakartoti. U\u017etep\u0119 leiskite varikliui veikti apie 20 sekund\u017ei\u0173 min. 2000 aps.\/min., kad galimi liku\u010diai \u012fsiurbimo sistemoje sudegt\u0173.&nbsp;<\/p>","protected":false},"excerpt":{"rendered":"<p>\u012esiurbimo kolektori\u0173 valiklis &ndash; itin efektyvi priemon\u0117 benzinini\u0173 varikli\u0173 \u012fsiurbimo sistemai iki \u012fsiurbimo vo\u017etuv\u0173 ir neprieinamiausiose vietose valyti nuo vis\u0173 tipi\u0161k\u0173 ne\u0161varum\u0173 nei\u0161ardant sistemos. Daugeliu atvej\u0173 pakanka vieno u\u017etepimo, kad<\/p>","protected":false},"featured_media":418604,"comment_status":"closed","ping_status":"open","template":"","meta":[],"product_cat":[11510,11180,10287],"product_tag":[],"class_list":{"0":"post-413366","1":"product","2":"type-product","3":"status-publish","4":"has-post-thumbnail","6":"product_brand-mannol","7":"product_cat-autochemija-alyvos-automobiliniai-priedai-ivairus-prekiu-katalogas","8":"product_cat-automobiliniai-priedai-ivairus-prekiu-katalogas","9":"product_cat-prekiu-katalogas","11":"first","12":"instock","13":"purchasable","14":"product-type-simple"},"jetpack_sharing_enabled":true,"_links":{"self":[{"href":"https:\/\/raktoras.lt\/ru\/wp-json\/wp\/v2\/product\/413366","targetHints":{"allow":["GET"]}}],"collection":[{"href":"https:\/\/raktoras.lt\/ru\/wp-json\/wp\/v2\/product"}],"about":[{"href":"https:\/\/raktoras.lt\/ru\/wp-json\/wp\/v2\/types\/product"}],"replies":[{"embeddable":true,"href":"https:\/\/raktoras.lt\/ru\/wp-json\/wp\/v2\/comments?post=413366"}],"version-history":[{"count":1,"href":"https:\/\/raktoras.lt\/ru\/wp-json\/wp\/v2\/product\/413366\/revisions"}],"predecessor-version":[{"id":413367,"href":"https:\/\/raktoras.lt\/ru\/wp-json\/wp\/v2\/product\/413366\/revisions\/413367"}],"wp:featuredmedia":[{"embeddable":true,"href":"https:\/\/raktoras.lt\/ru\/wp-json\/wp\/v2\/media\/418604"}],"wp:attachment":[{"href":"https:\/\/raktoras.lt\/ru\/wp-json\/wp\/v2\/media?parent=413366"}],"wp:term":[{"taxonomy":"product_cat","embeddable":true,"href":"https:\/\/raktoras.lt\/ru\/wp-json\/wp\/v2\/product_cat?post=413366"},{"taxonomy":"product_tag","embeddable":true,"href":"https:\/\/raktoras.lt\/ru\/wp-json\/wp\/v2\/product_tag?post=413366"}],"curies":[{"name":"wp","href":"https:\/\/api.w.org\/{rel}","templated":true}]}}