{"id":413402,"date":"2025-08-18T17:41:33","date_gmt":"2025-08-18T17:41:33","guid":{"rendered":"https:\/\/raktoras.lt\/product\/plastmasiniu-vamzdziu-pjoviklis-33mm\/"},"modified":"2025-10-02T17:55:35","modified_gmt":"2025-10-02T17:55:35","slug":"plastmasiniu-vamzdziu-pjoviklis-33mm","status":"publish","type":"product","link":"https:\/\/raktoras.lt\/ru\/product\/plastmasiniu-vamzdziu-pjoviklis-33mm\/","title":{"rendered":"Plastmasini\u0173 vamzd\u017ei\u0173 pjoviklis 33mm"},"content":{"rendered":"<p>Pjovimo diametras iki 33 mm<br \/>\n\tPVC, aluminio ir plastiko vamzdeliams<br \/>\n\tSu reketo mechanizmu<br \/>\n\tMetalin\u0117 konstrukcija didesniam patikimumui<\/p>","protected":false},"excerpt":{"rendered":"<p>Pjovimo diametras iki 33 mm PVC, aluminio ir plastiko vamzdeliams Su reketo mechanizmu Metalin\u0117 konstrukcija didesniam patikimumui<\/p>","protected":false},"featured_media":418622,"comment_status":"closed","ping_status":"open","template":"","meta":[],"product_cat":[11092,10287,11080,11083],"product_tag":[],"class_list":{"0":"post-413402","1":"product","2":"type-product","3":"status-publish","4":"has-post-thumbnail","6":"product_brand-changlu-tools","7":"product_cat-pjovikliai-pjuklai-vielos-ir-kabelio-zirkles-reples-zirkles-pjovimo-irankiai-rankiniai-irankiai","8":"product_cat-prekiu-katalogas","9":"product_cat-rankiniai-irankiai","10":"product_cat-reples-zirkles-pjovimo-irankiai-rankiniai-irankiai","12":"first","13":"instock","14":"purchasable","15":"product-type-simple"},"jetpack_sharing_enabled":true,"_links":{"self":[{"href":"https:\/\/raktoras.lt\/ru\/wp-json\/wp\/v2\/product\/413402","targetHints":{"allow":["GET"]}}],"collection":[{"href":"https:\/\/raktoras.lt\/ru\/wp-json\/wp\/v2\/product"}],"about":[{"href":"https:\/\/raktoras.lt\/ru\/wp-json\/wp\/v2\/types\/product"}],"replies":[{"embeddable":true,"href":"https:\/\/raktoras.lt\/ru\/wp-json\/wp\/v2\/comments?post=413402"}],"version-history":[{"count":1,"href":"https:\/\/raktoras.lt\/ru\/wp-json\/wp\/v2\/product\/413402\/revisions"}],"predecessor-version":[{"id":413403,"href":"https:\/\/raktoras.lt\/ru\/wp-json\/wp\/v2\/product\/413402\/revisions\/413403"}],"wp:featuredmedia":[{"embeddable":true,"href":"https:\/\/raktoras.lt\/ru\/wp-json\/wp\/v2\/media\/418622"}],"wp:attachment":[{"href":"https:\/\/raktoras.lt\/ru\/wp-json\/wp\/v2\/media?parent=413402"}],"wp:term":[{"taxonomy":"product_cat","embeddable":true,"href":"https:\/\/raktoras.lt\/ru\/wp-json\/wp\/v2\/product_cat?post=413402"},{"taxonomy":"product_tag","embeddable":true,"href":"https:\/\/raktoras.lt\/ru\/wp-json\/wp\/v2\/product_tag?post=413402"}],"curies":[{"name":"wp","href":"https:\/\/api.w.org\/{rel}","templated":true}]}}