{"id":413420,"date":"2025-08-18T17:41:33","date_gmt":"2025-08-18T17:41:33","guid":{"rendered":"https:\/\/raktoras.lt\/product\/akumuliatorine-freza-20v-li-ion\/"},"modified":"2025-11-26T12:58:01","modified_gmt":"2025-11-26T12:58:01","slug":"akumuliatorine-freza-20v-li-ion","status":"publish","type":"product","link":"https:\/\/raktoras.lt\/ru\/product\/akumuliatorine-freza-20v-li-ion\/","title":{"rendered":"Akumuliatorin\u0117 freza 20V LI-ION"},"content":{"rendered":"<p>Akumuliatorin\u0117 freza WORCRAFT CER-S20LiB yra unikalus ir universalus \u012frankis profiliams, grioveliams ir i\u0161ilgin\u0117ms skyl\u0117ms formuoti. Jis puikiai susidoroja su frezavimo ra\u0161tais, ornamentais ir u\u017era\u0161ais, taip pat su skyli\u0173 gr\u0119\u017eimu, dali\u0173 valymu ir poliravimu bei daugeliu kit\u0173 u\u017eduo\u010di\u0173.<\/p>\n<p>Variklis u\u017etikrina didel\u012f na\u0161um\u0105, o ergonomi\u0161ka sulankstoma konstrukcija padaro \u012frank\u012f dar universalesn\u012f.<\/p>\n<p>PAGRINDINIAI PARAMETRAI<\/p>\n<p>&#8211; Sukimosi greitis 8000-26000 aps.\/min<br \/>\n\t&#8211; Pjovimo \u012fterpimo gylis iki 55 mm<br \/>\n\t&#8211; 6 ir 8 mm griebtuvai<br \/>\n\t&#8211; Variklis be \u0161epet\u0117li\u0173<br \/>\n\t&#8211; Mink\u0161tas startas<br \/>\n\t&#8211; LED ap\u0161vietimas<\/p>\n<p>Atramin\u0117je platformoje yra 8 \u017eingsni\u0173 atrama su 3 mm \u017eingsniu, kad b\u016bt\u0173 galima greitai pakeisti frezavimo gyl\u012f.<br \/>\n\tSulankstoma konstrukcija leid\u017eia nuimti mar\u0161rutizatori\u0173 nuo stovo ir dirbti rankiniu re\u017eimu, tod\u0117l \u012frankis tikrai atlieka daugyb\u0119 u\u017eduo\u010di\u0173.<br \/>\n\tSuklio fiksavimo mygtukas leid\u017eia lengvai pakeisti griebtuv\u0105.<br \/>\n\tLED ap\u0161vietimas leid\u017eia dirbti net esant silpnam ap\u0161vietimui ir palengvina atliekam\u0173 operacij\u0173 valdym\u0105.<br \/>\n\tGumuotas d\u0117klas u\u017etikrina patikim\u0105 \u012frankio fiksavim\u0105 rankoje ir ger\u0105 valdym\u0105.<br \/>\n\tSpecialus antgalis leid\u017eia prijungti dulki\u0173 siurbl\u012f dulk\u0117ms pa\u0161alinti, o tai labai padidina darbo proceso komfort\u0105.<br \/>\n\tAkumuliatorin\u0117 frezavimo stakl\u0117s CER-S20LiB;<\/p>\n<p>Komplekte:<\/p>\n<p>Gr\u0119\u017eimo atraminis stovas;<br \/>\n\tLygiagretus kir\u010diavimas su kreiptuvais;<br \/>\n\t6 ir 8 mm griebtuvai;<br \/>\n\tKopijavimo plok\u0161tel\u0117;<br \/>\n\tKompaso antgalis;<br \/>\n\tLaikiklis su ratuku kreiviniam apdorojimui;<br \/>\n\tRankenos;<br \/>\n\t\u0160e\u0161iakampis raktas;<br \/>\n\tVer\u017eliaraktis;<br \/>\n\tNaudojimosi instrukcija.&nbsp;<\/p>","protected":false},"excerpt":{"rendered":"<p>\u0160i\u0105 prek\u0119 galima \u012fsigyti be akumuliatoriaus ir (arba) \u012fkroviklio<\/p>","protected":false},"featured_media":418631,"comment_status":"closed","ping_status":"closed","template":"","meta":[],"product_cat":[11424,11247,11425,10287],"product_tag":[],"class_list":{"0":"post-413420","1":"product","2":"type-product","3":"status-publish","4":"has-post-thumbnail","6":"product_brand-worcraft","7":"product_cat-akumuliatoriniai-irankiai-elektriniai-akumuliatoriniai-irankiai-prekiu-katalogas","8":"product_cat-elektriniai-akumuliatoriniai-irankiai-prekiu-katalogas","9":"product_cat-kampiniai-slifuokliai-pjuklai-siaurapjukliai-akumuliatoriniai-irankiai-elektriniai-akumuliatoriniai-irankiai-prekiu-katalogas","10":"product_cat-prekiu-katalogas","12":"first","13":"instock","14":"purchasable","15":"product-type-simple"},"jetpack_sharing_enabled":true,"_links":{"self":[{"href":"https:\/\/raktoras.lt\/ru\/wp-json\/wp\/v2\/product\/413420","targetHints":{"allow":["GET"]}}],"collection":[{"href":"https:\/\/raktoras.lt\/ru\/wp-json\/wp\/v2\/product"}],"about":[{"href":"https:\/\/raktoras.lt\/ru\/wp-json\/wp\/v2\/types\/product"}],"replies":[{"embeddable":true,"href":"https:\/\/raktoras.lt\/ru\/wp-json\/wp\/v2\/comments?post=413420"}],"version-history":[{"count":1,"href":"https:\/\/raktoras.lt\/ru\/wp-json\/wp\/v2\/product\/413420\/revisions"}],"predecessor-version":[{"id":413421,"href":"https:\/\/raktoras.lt\/ru\/wp-json\/wp\/v2\/product\/413420\/revisions\/413421"}],"wp:featuredmedia":[{"embeddable":true,"href":"https:\/\/raktoras.lt\/ru\/wp-json\/wp\/v2\/media\/418631"}],"wp:attachment":[{"href":"https:\/\/raktoras.lt\/ru\/wp-json\/wp\/v2\/media?parent=413420"}],"wp:term":[{"taxonomy":"product_cat","embeddable":true,"href":"https:\/\/raktoras.lt\/ru\/wp-json\/wp\/v2\/product_cat?post=413420"},{"taxonomy":"product_tag","embeddable":true,"href":"https:\/\/raktoras.lt\/ru\/wp-json\/wp\/v2\/product_tag?post=413420"}],"curies":[{"name":"wp","href":"https:\/\/api.w.org\/{rel}","templated":true}]}}