{"id":413422,"date":"2025-08-18T17:41:33","date_gmt":"2025-08-18T17:41:33","guid":{"rendered":"https:\/\/raktoras.lt\/product\/akumuliatorinis-trimeris-2in1-40v-20v20v-li-ion\/"},"modified":"2026-01-31T11:33:36","modified_gmt":"2026-01-31T11:33:36","slug":"akumuliatorinis-trimeris-2in1-40v-20v20v-li-ion","status":"publish","type":"product","link":"https:\/\/raktoras.lt\/ru\/product\/akumuliatorinis-trimeris-2in1-40v-20v20v-li-ion\/","title":{"rendered":"Akumuliatorinis trimeris 2in1 40V (20V+20V) LI-ION"},"content":{"rendered":"<p>Akumuliatorin\u0117 \u017eoliapjov\u0117 WORCRAFT CGT-S40LiBHP yra labai efektyvi, produktyvus ir lengvai naudojamas \u012frankis, idealiai tinkantis greitai ir kokybi\u0161kai pjauti \u017eol\u0119 ir kr\u016bmus. D formos rankena padaro \u017eoliapjov\u0119 manevringesn\u0119, ypa\u010d naudojant \u012fvairius priedus, tokius kaip kr\u016bm\u0173 \u017eirkl\u0117s, mini pj\u016bklas ir kt.<\/p>\n<p>Galingas 40V variklis, kurio maksimalus greitis yra 6700 aps.\/min., leid\u017eia greitai ir efektyviai pa\u0161alinti perteklin\u0119 augmenij\u0105 tiek su valu, tiek su plieniniu trij\u0173 a\u0161men\u0173 peiliu net tose vietose, kur n\u0117ra prieigos prie elektros tinklo ir kur \u012fprasta v\u0117japjov\u0117 negali prieiti.&nbsp;<\/p>\n<p>PAGRINDINIAI PARAMETRAI<\/p>\n<p>&#8211; 3 grei\u010diai<br \/>\n\t&#8211; Kombinuota D formos rankena<br \/>\n\t&#8211; Apsauga nuo atsitiktinio \u012fsijungimo<br \/>\n\t&#8211; Apsauga nuo perkrovos<br \/>\n\t&#8211; Pastovi galia&nbsp;<\/p>\n<p>Kombinuota D formos rankena u\u017etikrina patog\u0173 sukibim\u0105 ir puik\u0173 \u012frankio valdym\u0105, tod\u0117l j\u012f vienodai patogu naudoti tiek de\u0161iniarankiams, tiek kairiarankiams.<br \/>\n\tSukimosi grei\u010dio indikatorius, leid\u017eiantis pasirinkti bet kur\u012f i\u0161 3 grei\u010dio re\u017eim\u0173.<br \/>\n\tApsauginiai dangteliai apsaugo vartotoj\u0105 nuo skraidan\u010dios \u017eol\u0117s ir atsitiktini\u0173 daikt\u0173 pjaunant, o taip pat apatin\u0119 pavar\u0173 d\u0117\u017e\u0119 nuo atsitiktini\u0173 sm\u016bgi\u0173.<br \/>\n\tSulankstoma juostos konstrukcija leid\u017eia laikyti ir transportuoti \u012frank\u012f i\u0161ardyt\u0105. D\u0117l \u0161ios prie\u017easties \u017eoliapjov\u0119 galima lengvai \u012fd\u0117ti \u012f baga\u017ein\u0119 arba ant galin\u0117s automobilio s\u0117dyn\u0117s.<br \/>\n\tPaleidimo klavi\u0161o u\u017erakto mygtukas ir elektronin\u0117 \u012fjungimo sistema padeda i\u0161vengti nety\u010dinio \u012frankio \u012fjungimo. Pridedamas pe\u010di\u0173 dir\u017eelis padeda suma\u017einti rank\u0173 \u012ftamp\u0105 ir grei\u010diau bei geriau pjauti vej\u0105.<br \/>\n\tRinkin\u012f sudaro rit\u0117 su me\u0161ker\u0117s valaliu ir 3 a\u0161men\u0173 plieninis peilis efektyviam darbui su \u012fvairi\u0173 r\u016b\u0161i\u0173 \u017eole ir kr\u016bmais.<br \/>\n\tBendro akumuliatoriaus lygio indikatorius padeda kontroliuoti j\u0173 \u012fkrovimo laipsn\u012f.<br \/>\n\tVariklis be \u0161epet\u0117li\u0173 sukurtas taip, kad veikt\u0173 prakti\u0161kai be vibracijos ir labai \u017eemo triuk\u0161mo lygio.<\/p>\n<p>Patvarus dizainas, pagamintas i\u0161 auk\u0161tos kokyb\u0117s ABS plastiko su stiklo pluo\u0161to u\u017epildu apsaugo nuo variklio bloko vidini\u0173 element\u0173 pa\u017eeidimo sm\u016bgio ar nukritimo metu, o metalinis strypas su plieniniu velenu ir pavar\u0173 d\u0117\u017e\u0117 metaliniame korpuse u\u017etikrina maksimal\u0173 variklio patikimum\u0105 ir ilgaam\u017ei\u0161kum\u0105. darbin\u0117 \u012frankio dalis.<br \/>\n\tAuk\u0161tos kokyb\u0117s med\u017eiag\u0173 ir dali\u0173 naudojimas u\u017etikrina ilg\u0105 \u017eoliapjov\u0117s tarnavimo laik\u0105.<br \/>\n\tVeiksminga, pertvarkyta variklio au\u0161inimo sistema apsaugo nuo perkaitimo ir prailgina nenutr\u016bkstam\u0105 veikim\u0105.<\/p>\n<p>Nepriklausomyb\u0117 nuo elektros lizdo u\u017etikrina vartotojo saugum\u0105 nuo elektros sm\u016bgio.<br \/>\n\tPalyginti su dujin\u0117mis ir elektrin\u0117mis \u017eoliapjov\u0117mis, akumuliatorin\u0117 \u017eoliapjov\u0117 yra lengvesn\u0117, patogesn\u0117 ir beveik tyli.<br \/>\n\tAkumuliatorin\u0117 \u017eoliapjov\u0117 su varikliu be \u0161epet\u0117li\u0173 yra nepretenzinga ir nereikalauja specialios reguliarios prie\u017ei\u016bros ir prie\u017ei\u016bros.<br \/>\n\tLabai aplinkai nekenksmingas \u012frankis, nes n\u0117ra kenksming\u0173 ter\u0161al\u0173.<\/p>\n<p>Komplekte:<\/p>\n<p>Akumuliatorin\u0117 sodo \u017eoliapjov\u0117 WORCRAFT CGT-S40LiBHP ;<br \/>\n\tRit\u0117 su pjovimo linija, kurios skersmuo 1.6 mm;<br \/>\n\tPjovimo peilis;<br \/>\n\tApsauginiai dangteliai;<br \/>\n\tPetne\u0161\u0117l\u0117;<br \/>\n\t\u012eranki\u0173 rinkinys;<br \/>\n\tTvirtinimo detali\u0173 rinkinys;<br \/>\n\tInstrukcij\u0173 vadovas.&nbsp;<\/p>\n<p>Bendras svoris: 9.3 kg su akumuliatoriais<\/p>\n<p>Prie komplekto galima prisid\u0117ti gen\u0117jimo pj\u016bkl\u0105 ir gyvatvori\u0173 \u017eirkles<\/p>\n<p><iframe allow=\"accelerometer; autoplay; clipboard-write; encrypted-media; gyroscope; picture-in-picture; web-share\" allowfullscreen=\"\" frameborder=\"0\" height=\"444\" referrerpolicy=\"strict-origin-when-cross-origin\" src=\"https:\/\/www.youtube.com\/embed\/qGCr-mOhw-g\" title=\"WORCRAFT Cordless Grass Trimmer \/ Brush Cutter, Brushless CGT-S40LiBH\" width=\"789\"><\/iframe><\/p>","protected":false},"excerpt":{"rendered":"<p>\u0160i\u0105 prek\u0119 galima \u012fsigyti be akumuliatoriaus ir (arba) \u012fkroviklio<\/p>","protected":false},"featured_media":418632,"comment_status":"closed","ping_status":"closed","template":"","meta":[],"product_cat":[10287,11300,11546,11554],"product_tag":[],"class_list":{"0":"post-413422","1":"product","2":"type-product","3":"status-publish","4":"has-post-thumbnail","6":"product_brand-worcraft","7":"product_cat-prekiu-katalogas","8":"product_cat-sodo-plovimo-valymo-iranga-prekiu-katalogas","9":"product_cat-sodo-iranga-sodo-plovimo-valymo-iranga-prekiu-katalogas","10":"product_cat-trimeriai-pjuklai-ir-priedai-sodo-iranga-sodo-plovimo-valymo-iranga-prekiu-katalogas","12":"first","13":"instock","14":"purchasable","15":"product-type-simple"},"jetpack_sharing_enabled":true,"_links":{"self":[{"href":"https:\/\/raktoras.lt\/ru\/wp-json\/wp\/v2\/product\/413422","targetHints":{"allow":["GET"]}}],"collection":[{"href":"https:\/\/raktoras.lt\/ru\/wp-json\/wp\/v2\/product"}],"about":[{"href":"https:\/\/raktoras.lt\/ru\/wp-json\/wp\/v2\/types\/product"}],"replies":[{"embeddable":true,"href":"https:\/\/raktoras.lt\/ru\/wp-json\/wp\/v2\/comments?post=413422"}],"version-history":[{"count":1,"href":"https:\/\/raktoras.lt\/ru\/wp-json\/wp\/v2\/product\/413422\/revisions"}],"predecessor-version":[{"id":413423,"href":"https:\/\/raktoras.lt\/ru\/wp-json\/wp\/v2\/product\/413422\/revisions\/413423"}],"wp:featuredmedia":[{"embeddable":true,"href":"https:\/\/raktoras.lt\/ru\/wp-json\/wp\/v2\/media\/418632"}],"wp:attachment":[{"href":"https:\/\/raktoras.lt\/ru\/wp-json\/wp\/v2\/media?parent=413422"}],"wp:term":[{"taxonomy":"product_cat","embeddable":true,"href":"https:\/\/raktoras.lt\/ru\/wp-json\/wp\/v2\/product_cat?post=413422"},{"taxonomy":"product_tag","embeddable":true,"href":"https:\/\/raktoras.lt\/ru\/wp-json\/wp\/v2\/product_tag?post=413422"}],"curies":[{"name":"wp","href":"https:\/\/api.w.org\/{rel}","templated":true}]}}