{"id":413492,"date":"2025-08-18T17:41:52","date_gmt":"2025-08-18T17:41:52","guid":{"rendered":"https:\/\/raktoras.lt\/product\/ratu-montav-stakliu-pl-1221-1227-1256-ats-dalis-5-krypciu-voztuvo-pedalas-kaire\/"},"modified":"2025-10-24T17:33:35","modified_gmt":"2025-10-24T17:33:35","slug":"ratu-montav-stakliu-pl-1221-1227-1256-ats-dalis-5-krypciu-voztuvo-pedalas-kaire","status":"publish","type":"product","link":"https:\/\/raktoras.lt\/ru\/product\/ratu-montav-stakliu-pl-1221-1227-1256-ats-dalis-5-krypciu-voztuvo-pedalas-kaire\/","title":{"rendered":"Rat\u0173 montav. stakli\u0173 PL-1221\/1227\/1256 ats.dalis 5 kryp\u010di\u0173 vo\u017etuvo pedalas (kair\u0117)"},"content":{"rendered":"","protected":false},"excerpt":{"rendered":"","protected":false},"featured_media":418667,"comment_status":"closed","ping_status":"open","template":"","meta":[],"product_cat":[11095,10287,11273,11315],"product_tag":[],"class_list":{"0":"post-413492","1":"product","2":"type-product","3":"status-publish","4":"has-post-thumbnail","6":"product_brand-puli","7":"product_cat-autoservisu-iranga-prekiu-katalogas","8":"product_cat-prekiu-katalogas","9":"product_cat-ratu-balansavimas-montavimas-autoservisu-iranga-prekiu-katalogas","10":"product_cat-ratu-remonto-priedai-ir-stakliu-atsargines-dalys-ratu-balansavimas-montavimas-autoservisu-iranga-prekiu-katalogas","12":"first","13":"instock","14":"purchasable","15":"product-type-simple"},"jetpack_sharing_enabled":true,"_links":{"self":[{"href":"https:\/\/raktoras.lt\/ru\/wp-json\/wp\/v2\/product\/413492","targetHints":{"allow":["GET"]}}],"collection":[{"href":"https:\/\/raktoras.lt\/ru\/wp-json\/wp\/v2\/product"}],"about":[{"href":"https:\/\/raktoras.lt\/ru\/wp-json\/wp\/v2\/types\/product"}],"replies":[{"embeddable":true,"href":"https:\/\/raktoras.lt\/ru\/wp-json\/wp\/v2\/comments?post=413492"}],"version-history":[{"count":1,"href":"https:\/\/raktoras.lt\/ru\/wp-json\/wp\/v2\/product\/413492\/revisions"}],"predecessor-version":[{"id":413493,"href":"https:\/\/raktoras.lt\/ru\/wp-json\/wp\/v2\/product\/413492\/revisions\/413493"}],"wp:featuredmedia":[{"embeddable":true,"href":"https:\/\/raktoras.lt\/ru\/wp-json\/wp\/v2\/media\/418667"}],"wp:attachment":[{"href":"https:\/\/raktoras.lt\/ru\/wp-json\/wp\/v2\/media?parent=413492"}],"wp:term":[{"taxonomy":"product_cat","embeddable":true,"href":"https:\/\/raktoras.lt\/ru\/wp-json\/wp\/v2\/product_cat?post=413492"},{"taxonomy":"product_tag","embeddable":true,"href":"https:\/\/raktoras.lt\/ru\/wp-json\/wp\/v2\/product_tag?post=413492"}],"curies":[{"name":"wp","href":"https:\/\/api.w.org\/{rel}","templated":true}]}}