{"id":413590,"date":"2025-08-18T17:42:18","date_gmt":"2025-08-18T17:42:18","guid":{"rendered":"https:\/\/raktoras.lt\/product\/traukiu-nuemejas-2-griebtuvu-160mm\/"},"modified":"2025-10-27T16:10:44","modified_gmt":"2025-10-27T16:10:44","slug":"traukiu-nuemejas-2-griebtuvu-160mm","status":"publish","type":"product","link":"https:\/\/raktoras.lt\/ru\/product\/traukiu-nuemejas-2-griebtuvu-160mm\/","title":{"rendered":"Trauki\u0173 nu\u0117m\u0117jas 2 griebtuv\u0173 160mm"},"content":{"rendered":"","protected":false},"excerpt":{"rendered":"","protected":false},"featured_media":418716,"comment_status":"closed","ping_status":"open","template":"","meta":[],"product_cat":[11095,11229,10287,11318],"product_tag":[],"class_list":{"0":"post-413590","1":"product","2":"type-product","3":"status-publish","4":"has-post-thumbnail","6":"product_brand-sata","7":"product_cat-autoservisu-iranga-prekiu-katalogas","8":"product_cat-nuemikliai-autoservisu-iranga-prekiu-katalogas","9":"product_cat-prekiu-katalogas","10":"product_cat-sarnyru-traukiu-antgaliu-nuemikliai-nuemikliai-autoservisu-iranga-prekiu-katalogas","12":"first","13":"instock","14":"purchasable","15":"product-type-simple"},"jetpack_sharing_enabled":true,"_links":{"self":[{"href":"https:\/\/raktoras.lt\/ru\/wp-json\/wp\/v2\/product\/413590","targetHints":{"allow":["GET"]}}],"collection":[{"href":"https:\/\/raktoras.lt\/ru\/wp-json\/wp\/v2\/product"}],"about":[{"href":"https:\/\/raktoras.lt\/ru\/wp-json\/wp\/v2\/types\/product"}],"replies":[{"embeddable":true,"href":"https:\/\/raktoras.lt\/ru\/wp-json\/wp\/v2\/comments?post=413590"}],"version-history":[{"count":1,"href":"https:\/\/raktoras.lt\/ru\/wp-json\/wp\/v2\/product\/413590\/revisions"}],"predecessor-version":[{"id":413591,"href":"https:\/\/raktoras.lt\/ru\/wp-json\/wp\/v2\/product\/413590\/revisions\/413591"}],"wp:featuredmedia":[{"embeddable":true,"href":"https:\/\/raktoras.lt\/ru\/wp-json\/wp\/v2\/media\/418716"}],"wp:attachment":[{"href":"https:\/\/raktoras.lt\/ru\/wp-json\/wp\/v2\/media?parent=413590"}],"wp:term":[{"taxonomy":"product_cat","embeddable":true,"href":"https:\/\/raktoras.lt\/ru\/wp-json\/wp\/v2\/product_cat?post=413590"},{"taxonomy":"product_tag","embeddable":true,"href":"https:\/\/raktoras.lt\/ru\/wp-json\/wp\/v2\/product_tag?post=413590"}],"curies":[{"name":"wp","href":"https:\/\/api.w.org\/{rel}","templated":true}]}}