{"id":413616,"date":"2025-08-18T17:42:18","date_gmt":"2025-08-18T17:42:18","guid":{"rendered":"https:\/\/raktoras.lt\/product\/reples-laidu-uzspaudimui-175mm-cl6-6\/"},"modified":"2026-01-31T11:24:53","modified_gmt":"2026-01-31T11:24:53","slug":"reples-laidu-uzspaudimui-175mm-cl6-6","status":"publish","type":"product","link":"https:\/\/raktoras.lt\/ru\/product\/reples-laidu-uzspaudimui-175mm-cl6-6\/","title":{"rendered":"Repl\u0117s laid\u0173 u\u017espaudimui 175mm CL6-6"},"content":{"rendered":"<p>Terk\u0161lin\u0117s<br \/>\nL= 175 mm<br \/>\nLaido storiui 0.25-6.0 mm\u00b2<\/p>\n<p>Pagaminta i\u0161 auk\u0161to kokyb\u0117s plieno HRC35-42\u00b0<br \/>\nUnikali \u0161e\u0161iakamp\u0117 \u012fvor\u0117s repli\u0173 galvut\u0117s suspaudimo konstrukcija, tiksli gnybt\u0173 u\u017espaudimo anga nepa\u017eeid\u017eia laido,<br \/>\nPVC neslystan\u010dios rankenos dizainas, pastorintas ir patogus naudotojams laikyti<br \/>\nNelituojamoms ir standartin\u0117ms elektros jungtims, tinka plikiems laid\u0173 antgaliams ir izoliuotiems laid\u0173 antgaliams<\/p>","protected":false},"excerpt":{"rendered":"<p>Terk\u0161lin\u0117s L= 175 mm Laido storiui 0.25-6.0 mm\u00b2 Pagaminta i\u0161 auk\u0161to kokyb\u0117s plieno HRC35-42\u00b0 Unikali \u0161e\u0161iakamp\u0117 \u012fvor\u0117s repli\u0173 galvut\u0117s suspaudimo konstrukcija, tiksli gnybt\u0173 u\u017espaudimo anga nepa\u017eeid\u017eia laido, PVC neslystan\u010dios rankenos<\/p>","protected":false},"featured_media":418729,"comment_status":"closed","ping_status":"closed","template":"","meta":[],"product_cat":[10287,11080,11091,11083],"product_tag":[],"class_list":{"0":"post-413616","1":"product","2":"type-product","3":"status-publish","4":"has-post-thumbnail","6":"product_brand-changlu-tools","7":"product_cat-prekiu-katalogas","8":"product_cat-rankiniai-irankiai","9":"product_cat-reples-laidu-nuvalymui-ir-uzspaudimui-reples-zirkles-pjovimo-irankiai-rankiniai-irankiai","10":"product_cat-reples-zirkles-pjovimo-irankiai-rankiniai-irankiai","12":"first","13":"instock","14":"purchasable","15":"product-type-simple"},"jetpack_sharing_enabled":true,"_links":{"self":[{"href":"https:\/\/raktoras.lt\/ru\/wp-json\/wp\/v2\/product\/413616","targetHints":{"allow":["GET"]}}],"collection":[{"href":"https:\/\/raktoras.lt\/ru\/wp-json\/wp\/v2\/product"}],"about":[{"href":"https:\/\/raktoras.lt\/ru\/wp-json\/wp\/v2\/types\/product"}],"replies":[{"embeddable":true,"href":"https:\/\/raktoras.lt\/ru\/wp-json\/wp\/v2\/comments?post=413616"}],"version-history":[{"count":2,"href":"https:\/\/raktoras.lt\/ru\/wp-json\/wp\/v2\/product\/413616\/revisions"}],"predecessor-version":[{"id":420979,"href":"https:\/\/raktoras.lt\/ru\/wp-json\/wp\/v2\/product\/413616\/revisions\/420979"}],"wp:featuredmedia":[{"embeddable":true,"href":"https:\/\/raktoras.lt\/ru\/wp-json\/wp\/v2\/media\/418729"}],"wp:attachment":[{"href":"https:\/\/raktoras.lt\/ru\/wp-json\/wp\/v2\/media?parent=413616"}],"wp:term":[{"taxonomy":"product_cat","embeddable":true,"href":"https:\/\/raktoras.lt\/ru\/wp-json\/wp\/v2\/product_cat?post=413616"},{"taxonomy":"product_tag","embeddable":true,"href":"https:\/\/raktoras.lt\/ru\/wp-json\/wp\/v2\/product_tag?post=413616"}],"curies":[{"name":"wp","href":"https:\/\/api.w.org\/{rel}","templated":true}]}}