{"id":413682,"date":"2025-08-18T17:42:33","date_gmt":"2025-08-18T17:42:33","guid":{"rendered":"https:\/\/raktoras.lt\/product\/universalus-raktas-su-keiciamais-kaisciais-o2-5-9mm-20-100mm\/"},"modified":"2025-10-24T17:02:07","modified_gmt":"2025-10-24T17:02:07","slug":"universalus-raktas-su-keiciamais-kaisciais-o2-5-9mm-20-100mm","status":"publish","type":"product","link":"https:\/\/raktoras.lt\/ru\/product\/universalus-raktas-su-keiciamais-kaisciais-o2-5-9mm-20-100mm\/","title":{"rendered":"Universalus raktas su kei\u010diamais kais\u010diais \u00d82.5-9mm, 20-100mm"},"content":{"rendered":"<p>Kai\u0161\u010diai (mm): &Phi;2.5, &Phi;3.0, &Phi;4.0, &Phi;5.0, &Phi;6.0, &Phi;7.0, &Phi;8.0, &Phi;9.0&nbsp;<br \/>\n\tAtviras ver\u017eliaraktis (10 ir 12 mm)<br \/>\n\tDiapazonas: 20 ~ 100 mm (centro atstumas nuo dviej\u0173 skyli\u0173)&nbsp;<\/p>","protected":false},"excerpt":{"rendered":"<p>Kai\u0161\u010diai (mm): &Phi;2.5, &Phi;3.0, &Phi;4.0, &Phi;5.0, &Phi;6.0, &Phi;7.0, &Phi;8.0, &Phi;9.0&nbsp; Atviras ver\u017eliaraktis (10 ir 12 mm) Diapazonas: 20 ~ 100 mm (centro atstumas nuo dviej\u0173 skyli\u0173)&nbsp;<\/p>","protected":false},"featured_media":418762,"comment_status":"closed","ping_status":"open","template":"","meta":[],"product_cat":[10287,11080,11285,11224],"product_tag":[],"class_list":{"0":"post-413682","1":"product","2":"type-product","3":"status-publish","4":"has-post-thumbnail","6":"product_brand-ellient-tools","7":"product_cat-prekiu-katalogas","8":"product_cat-rankiniai-irankiai","9":"product_cat-reguliuojami-universalus-raktai-verzliarakciai-rankiniai-irankiai","10":"product_cat-verzliarakciai-rankiniai-irankiai","12":"first","13":"instock","14":"purchasable","15":"product-type-simple"},"jetpack_sharing_enabled":true,"_links":{"self":[{"href":"https:\/\/raktoras.lt\/ru\/wp-json\/wp\/v2\/product\/413682","targetHints":{"allow":["GET"]}}],"collection":[{"href":"https:\/\/raktoras.lt\/ru\/wp-json\/wp\/v2\/product"}],"about":[{"href":"https:\/\/raktoras.lt\/ru\/wp-json\/wp\/v2\/types\/product"}],"replies":[{"embeddable":true,"href":"https:\/\/raktoras.lt\/ru\/wp-json\/wp\/v2\/comments?post=413682"}],"version-history":[{"count":1,"href":"https:\/\/raktoras.lt\/ru\/wp-json\/wp\/v2\/product\/413682\/revisions"}],"predecessor-version":[{"id":413683,"href":"https:\/\/raktoras.lt\/ru\/wp-json\/wp\/v2\/product\/413682\/revisions\/413683"}],"wp:featuredmedia":[{"embeddable":true,"href":"https:\/\/raktoras.lt\/ru\/wp-json\/wp\/v2\/media\/418762"}],"wp:attachment":[{"href":"https:\/\/raktoras.lt\/ru\/wp-json\/wp\/v2\/media?parent=413682"}],"wp:term":[{"taxonomy":"product_cat","embeddable":true,"href":"https:\/\/raktoras.lt\/ru\/wp-json\/wp\/v2\/product_cat?post=413682"},{"taxonomy":"product_tag","embeddable":true,"href":"https:\/\/raktoras.lt\/ru\/wp-json\/wp\/v2\/product_tag?post=413682"}],"curies":[{"name":"wp","href":"https:\/\/api.w.org\/{rel}","templated":true}]}}