{"id":413768,"date":"2025-08-18T17:42:51","date_gmt":"2025-08-18T17:42:51","guid":{"rendered":"https:\/\/raktoras.lt\/product\/stabdziu-disku-nuozulu-nuemejo-rinkinys-3vnt\/"},"modified":"2025-10-24T16:26:55","modified_gmt":"2025-10-24T16:26:55","slug":"stabdziu-disku-nuozulu-nuemejo-rinkinys-3vnt","status":"publish","type":"product","link":"https:\/\/raktoras.lt\/ru\/product\/stabdziu-disku-nuozulu-nuemejo-rinkinys-3vnt\/","title":{"rendered":"Stabd\u017ei\u0173 disk\u0173 nuo\u017eul\u0173 nu\u0117m\u0117jo rinkinys 3vnt."},"content":{"rendered":"<p>Stabd\u017ei\u0173 disk\u0173 nuo\u017eul\u0173 nu\u0117mimo \u012frankis, skirtas pa\u0161alinti korozij\u0105 ant stabd\u017ei\u0173 disk\u0173 ir stebuli\u0173 susikaupusias briaunas<br \/>\n\tLabai naudinga pa\u0161alinti metalin\u0119 l\u016bp\u0105 aplink disko kra\u0161t\u0105<br \/>\n\tPasukite, laikydami grandikl\u012f prie stabd\u017ei\u0173 disko, kad pa\u0161alintume r\u016bdis ir korozij\u0105<br \/>\n\tAtsukant grandiklio ranken\u0105, volframo plieno a\u0161men\u0173 galvut\u0117s atlaisvinama ir a\u0161menis galima pasukti arba pakeisti<\/p>\n<p><strong>Stabd\u017ei\u0173 disko pasukimo rankena \u012f komplekt\u0105 ne\u012feina!<\/strong><\/p>\n<p><iframe allow=\"accelerometer; autoplay; clipboard-write; encrypted-media; gyroscope; picture-in-picture; web-share\" allowfullscreen=\"\" frameborder=\"0\" height=\"315\" src=\"https:\/\/www.youtube.com\/embed\/OaeytCCmHEA?si=A4ez_KUK3VRQuVKg\" title=\"YouTube video player\" width=\"560\"><\/iframe><\/p>","protected":false},"excerpt":{"rendered":"<p>Stabd\u017ei\u0173 disk\u0173 nuo\u017eul\u0173 nu\u0117mimo \u012frankis, skirtas pa\u0161alinti korozij\u0105 ant stabd\u017ei\u0173 disk\u0173 ir stebuli\u0173 susikaupusias briaunas Labai naudinga pa\u0161alinti metalin\u0119 l\u016bp\u0105 aplink disko kra\u0161t\u0105 Pasukite, laikydami grandikl\u012f prie stabd\u017ei\u0173 disko, kad<\/p>","protected":false},"featured_media":418805,"comment_status":"closed","ping_status":"open","template":"","meta":[],"product_cat":[11095,11103,10287],"product_tag":[],"class_list":{"0":"post-413768","1":"product","2":"type-product","3":"status-publish","4":"has-post-thumbnail","6":"product_brand-ellient-tools","7":"product_cat-autoservisu-iranga-prekiu-katalogas","8":"product_cat-irankiai-stabdziu-remontui-autoservisu-iranga-prekiu-katalogas","9":"product_cat-prekiu-katalogas","11":"first","12":"instock","13":"purchasable","14":"product-type-simple"},"jetpack_sharing_enabled":true,"_links":{"self":[{"href":"https:\/\/raktoras.lt\/ru\/wp-json\/wp\/v2\/product\/413768","targetHints":{"allow":["GET"]}}],"collection":[{"href":"https:\/\/raktoras.lt\/ru\/wp-json\/wp\/v2\/product"}],"about":[{"href":"https:\/\/raktoras.lt\/ru\/wp-json\/wp\/v2\/types\/product"}],"replies":[{"embeddable":true,"href":"https:\/\/raktoras.lt\/ru\/wp-json\/wp\/v2\/comments?post=413768"}],"version-history":[{"count":1,"href":"https:\/\/raktoras.lt\/ru\/wp-json\/wp\/v2\/product\/413768\/revisions"}],"predecessor-version":[{"id":413769,"href":"https:\/\/raktoras.lt\/ru\/wp-json\/wp\/v2\/product\/413768\/revisions\/413769"}],"wp:featuredmedia":[{"embeddable":true,"href":"https:\/\/raktoras.lt\/ru\/wp-json\/wp\/v2\/media\/418805"}],"wp:attachment":[{"href":"https:\/\/raktoras.lt\/ru\/wp-json\/wp\/v2\/media?parent=413768"}],"wp:term":[{"taxonomy":"product_cat","embeddable":true,"href":"https:\/\/raktoras.lt\/ru\/wp-json\/wp\/v2\/product_cat?post=413768"},{"taxonomy":"product_tag","embeddable":true,"href":"https:\/\/raktoras.lt\/ru\/wp-json\/wp\/v2\/product_tag?post=413768"}],"curies":[{"name":"wp","href":"https:\/\/api.w.org\/{rel}","templated":true}]}}