{"id":413804,"date":"2025-08-18T17:42:58","date_gmt":"2025-08-18T17:42:58","guid":{"rendered":"https:\/\/raktoras.lt\/product\/kabelio-nukirpimo-zirkles-180mm\/"},"modified":"2025-10-02T17:45:23","modified_gmt":"2025-10-02T17:45:23","slug":"kabelio-nukirpimo-zirkles-180mm","status":"publish","type":"product","link":"https:\/\/raktoras.lt\/ru\/product\/kabelio-nukirpimo-zirkles-180mm\/","title":{"rendered":"Kabelio nukirpimo \u017eirkl\u0117s 180mm"},"content":{"rendered":"<p>A\u0161tr\u016bs, patvar\u016bs peiliai<br \/>\n\tVarini\u0173 ir aliuminio kabeli\u0173 iki 16 mm skersmens pjovimui<br \/>\n\tErgonomi\u0161kos dviej\u0173 spalv\u0173 rankenos Neslysta ir patogios<br \/>\n\tSu savaime \u012fsitempian\u010diomis spyruokl\u0117mis. Daug lengviau naudoti<br \/>\n\tReguliuojamos sriegin\u0117s jungtys, kad b\u016bt\u0173 lengva pri\u017ei\u016br\u0117ti&nbsp;<\/p>","protected":false},"excerpt":{"rendered":"<p>A\u0161tr\u016bs, patvar\u016bs peiliai Varini\u0173 ir aliuminio kabeli\u0173 iki 16 mm skersmens pjovimui Ergonomi\u0161kos dviej\u0173 spalv\u0173 rankenos Neslysta ir patogios Su savaime \u012fsitempian\u010diomis spyruokl\u0117mis. Daug lengviau naudoti Reguliuojamos sriegin\u0117s jungtys, kad<\/p>","protected":false},"featured_media":418823,"comment_status":"closed","ping_status":"open","template":"","meta":[],"product_cat":[11092,10287,11080,11083],"product_tag":[],"class_list":{"0":"post-413804","1":"product","2":"type-product","3":"status-publish","4":"has-post-thumbnail","6":"product_brand-sata","7":"product_cat-pjovikliai-pjuklai-vielos-ir-kabelio-zirkles-reples-zirkles-pjovimo-irankiai-rankiniai-irankiai","8":"product_cat-prekiu-katalogas","9":"product_cat-rankiniai-irankiai","10":"product_cat-reples-zirkles-pjovimo-irankiai-rankiniai-irankiai","12":"first","13":"instock","14":"purchasable","15":"product-type-simple"},"jetpack_sharing_enabled":true,"_links":{"self":[{"href":"https:\/\/raktoras.lt\/ru\/wp-json\/wp\/v2\/product\/413804","targetHints":{"allow":["GET"]}}],"collection":[{"href":"https:\/\/raktoras.lt\/ru\/wp-json\/wp\/v2\/product"}],"about":[{"href":"https:\/\/raktoras.lt\/ru\/wp-json\/wp\/v2\/types\/product"}],"replies":[{"embeddable":true,"href":"https:\/\/raktoras.lt\/ru\/wp-json\/wp\/v2\/comments?post=413804"}],"version-history":[{"count":1,"href":"https:\/\/raktoras.lt\/ru\/wp-json\/wp\/v2\/product\/413804\/revisions"}],"predecessor-version":[{"id":413805,"href":"https:\/\/raktoras.lt\/ru\/wp-json\/wp\/v2\/product\/413804\/revisions\/413805"}],"wp:featuredmedia":[{"embeddable":true,"href":"https:\/\/raktoras.lt\/ru\/wp-json\/wp\/v2\/media\/418823"}],"wp:attachment":[{"href":"https:\/\/raktoras.lt\/ru\/wp-json\/wp\/v2\/media?parent=413804"}],"wp:term":[{"taxonomy":"product_cat","embeddable":true,"href":"https:\/\/raktoras.lt\/ru\/wp-json\/wp\/v2\/product_cat?post=413804"},{"taxonomy":"product_tag","embeddable":true,"href":"https:\/\/raktoras.lt\/ru\/wp-json\/wp\/v2\/product_tag?post=413804"}],"curies":[{"name":"wp","href":"https:\/\/api.w.org\/{rel}","templated":true}]}}