{"id":413806,"date":"2025-08-18T17:42:58","date_gmt":"2025-08-18T17:42:58","guid":{"rendered":"https:\/\/raktoras.lt\/product\/kabelio-nukirpimo-zirkles-200mm\/"},"modified":"2025-10-02T17:45:23","modified_gmt":"2025-10-02T17:45:23","slug":"kabelio-nukirpimo-zirkles-200mm","status":"publish","type":"product","link":"https:\/\/raktoras.lt\/ru\/product\/kabelio-nukirpimo-zirkles-200mm\/","title":{"rendered":"Kabelio nukirpimo \u017eirkl\u0117s 200mm"},"content":{"rendered":"<p>Optimizuotas a\u0161men\u0173 kampas tiksliam pjovimo rezultatui<br \/>\n\tNeslystanti rankena u\u017etikrina puik\u0173 komfort\u0105 ir sukibim\u0105<br \/>\n\tPeiliai, pagaminti i\u0161 chromo vanad\u017eio legiruoto plieno (Cr-V), u\u017etikrina i\u0161skirtin\u012f stiprum\u0105 ir ilgaam\u017ei\u0161kum\u0105<br \/>\n\tNaudojamas pjaustyti plienin\u012f tros\u0105, \u0161iurk\u0161\u010diavilni\u0173 arba smulki\u0173 vij\u0173 kabelius, vielinius lynus, spyruoklines plienines vielos ir kt&nbsp;<\/p>","protected":false},"excerpt":{"rendered":"<p>Optimizuotas a\u0161men\u0173 kampas tiksliam pjovimo rezultatui Neslystanti rankena u\u017etikrina puik\u0173 komfort\u0105 ir sukibim\u0105 Peiliai, pagaminti i\u0161 chromo vanad\u017eio legiruoto plieno (Cr-V), u\u017etikrina i\u0161skirtin\u012f stiprum\u0105 ir ilgaam\u017ei\u0161kum\u0105 Naudojamas pjaustyti plienin\u012f tros\u0105,<\/p>","protected":false},"featured_media":418824,"comment_status":"closed","ping_status":"open","template":"","meta":[],"product_cat":[11092,10287,11080,11083],"product_tag":[],"class_list":{"0":"post-413806","1":"product","2":"type-product","3":"status-publish","4":"has-post-thumbnail","6":"product_brand-sata","7":"product_cat-pjovikliai-pjuklai-vielos-ir-kabelio-zirkles-reples-zirkles-pjovimo-irankiai-rankiniai-irankiai","8":"product_cat-prekiu-katalogas","9":"product_cat-rankiniai-irankiai","10":"product_cat-reples-zirkles-pjovimo-irankiai-rankiniai-irankiai","12":"first","13":"instock","14":"purchasable","15":"product-type-simple"},"jetpack_sharing_enabled":true,"_links":{"self":[{"href":"https:\/\/raktoras.lt\/ru\/wp-json\/wp\/v2\/product\/413806","targetHints":{"allow":["GET"]}}],"collection":[{"href":"https:\/\/raktoras.lt\/ru\/wp-json\/wp\/v2\/product"}],"about":[{"href":"https:\/\/raktoras.lt\/ru\/wp-json\/wp\/v2\/types\/product"}],"replies":[{"embeddable":true,"href":"https:\/\/raktoras.lt\/ru\/wp-json\/wp\/v2\/comments?post=413806"}],"version-history":[{"count":1,"href":"https:\/\/raktoras.lt\/ru\/wp-json\/wp\/v2\/product\/413806\/revisions"}],"predecessor-version":[{"id":413807,"href":"https:\/\/raktoras.lt\/ru\/wp-json\/wp\/v2\/product\/413806\/revisions\/413807"}],"wp:featuredmedia":[{"embeddable":true,"href":"https:\/\/raktoras.lt\/ru\/wp-json\/wp\/v2\/media\/418824"}],"wp:attachment":[{"href":"https:\/\/raktoras.lt\/ru\/wp-json\/wp\/v2\/media?parent=413806"}],"wp:term":[{"taxonomy":"product_cat","embeddable":true,"href":"https:\/\/raktoras.lt\/ru\/wp-json\/wp\/v2\/product_cat?post=413806"},{"taxonomy":"product_tag","embeddable":true,"href":"https:\/\/raktoras.lt\/ru\/wp-json\/wp\/v2\/product_tag?post=413806"}],"curies":[{"name":"wp","href":"https:\/\/api.w.org\/{rel}","templated":true}]}}