{"id":413856,"date":"2025-08-18T17:43:17","date_gmt":"2025-08-18T17:43:17","guid":{"rendered":"https:\/\/raktoras.lt\/product\/kabelio-nuzievinimo-peilis-lenkta-gelezte\/"},"modified":"2025-10-02T17:43:55","modified_gmt":"2025-10-02T17:43:55","slug":"kabelio-nuzievinimo-peilis-lenkta-gelezte","status":"publish","type":"product","link":"https:\/\/raktoras.lt\/ru\/product\/kabelio-nuzievinimo-peilis-lenkta-gelezte\/","title":{"rendered":"Kabelio nu\u017eievinimo peilis (lenkta gele\u017et\u0117)"},"content":{"rendered":"<p>Su a\u0161triu ir patvariu itin kokybi\u0161ku peiliuku<br \/>\n\tPatvari dviej\u0173 atspalvi\u0173 rankena u\u017etikrina komfort\u0105, valdym\u0105 ir apsaugo nuo slydimo<br \/>\n\tLenkti a\u0161menys su slankiojan\u010dia apsauga ant pjovimo antgalio u\u017etikrina, kad a\u0161menys nepa\u017eeist\u0173 vidin\u0117s vielos \u0161erdies<br \/>\n\tNaudoti elektros energijos ir susijusios pramon\u0117s laid\u0173 ir kabeli\u0173 darbuose&nbsp;<\/p>","protected":false},"excerpt":{"rendered":"<p>Su a\u0161triu ir patvariu itin kokybi\u0161ku peiliuku Patvari dviej\u0173 atspalvi\u0173 rankena u\u017etikrina komfort\u0105, valdym\u0105 ir apsaugo nuo slydimo Lenkti a\u0161menys su slankiojan\u010dia apsauga ant pjovimo antgalio u\u017etikrina, kad a\u0161menys nepa\u017eeist\u0173<\/p>","protected":false},"featured_media":418849,"comment_status":"closed","ping_status":"open","template":"","meta":[],"product_cat":[11092,10287,11080,11083],"product_tag":[],"class_list":{"0":"post-413856","1":"product","2":"type-product","3":"status-publish","4":"has-post-thumbnail","6":"product_brand-sata","7":"product_cat-pjovikliai-pjuklai-vielos-ir-kabelio-zirkles-reples-zirkles-pjovimo-irankiai-rankiniai-irankiai","8":"product_cat-prekiu-katalogas","9":"product_cat-rankiniai-irankiai","10":"product_cat-reples-zirkles-pjovimo-irankiai-rankiniai-irankiai","12":"first","13":"instock","14":"purchasable","15":"product-type-simple"},"jetpack_sharing_enabled":true,"_links":{"self":[{"href":"https:\/\/raktoras.lt\/ru\/wp-json\/wp\/v2\/product\/413856","targetHints":{"allow":["GET"]}}],"collection":[{"href":"https:\/\/raktoras.lt\/ru\/wp-json\/wp\/v2\/product"}],"about":[{"href":"https:\/\/raktoras.lt\/ru\/wp-json\/wp\/v2\/types\/product"}],"replies":[{"embeddable":true,"href":"https:\/\/raktoras.lt\/ru\/wp-json\/wp\/v2\/comments?post=413856"}],"version-history":[{"count":1,"href":"https:\/\/raktoras.lt\/ru\/wp-json\/wp\/v2\/product\/413856\/revisions"}],"predecessor-version":[{"id":413857,"href":"https:\/\/raktoras.lt\/ru\/wp-json\/wp\/v2\/product\/413856\/revisions\/413857"}],"wp:featuredmedia":[{"embeddable":true,"href":"https:\/\/raktoras.lt\/ru\/wp-json\/wp\/v2\/media\/418849"}],"wp:attachment":[{"href":"https:\/\/raktoras.lt\/ru\/wp-json\/wp\/v2\/media?parent=413856"}],"wp:term":[{"taxonomy":"product_cat","embeddable":true,"href":"https:\/\/raktoras.lt\/ru\/wp-json\/wp\/v2\/product_cat?post=413856"},{"taxonomy":"product_tag","embeddable":true,"href":"https:\/\/raktoras.lt\/ru\/wp-json\/wp\/v2\/product_tag?post=413856"}],"curies":[{"name":"wp","href":"https:\/\/api.w.org\/{rel}","templated":true}]}}