{"id":413858,"date":"2025-08-18T17:43:17","date_gmt":"2025-08-18T17:43:17","guid":{"rendered":"https:\/\/raktoras.lt\/product\/peilis-gumuotas-su-keiciama-gelezte-25mm\/"},"modified":"2025-10-02T17:43:55","modified_gmt":"2025-10-02T17:43:55","slug":"peilis-gumuotas-su-keiciama-gelezte-25mm","status":"publish","type":"product","link":"https:\/\/raktoras.lt\/ru\/product\/peilis-gumuotas-su-keiciama-gelezte-25mm\/","title":{"rendered":"Peilis (gumuotas) su kei\u010diama gele\u017ete 25mm"},"content":{"rendered":"<p>Plienin\u0117 a\u0161men\u0173 \u012fvor\u0117 padidina patvarum\u0105<br \/>\n\tUnikalus dviej\u0173 med\u017eiag\u0173 d\u0117klas su nyk\u0161\u010diu, kad padidint\u0173 komfort\u0105<br \/>\n\tGalimi SK2 peiliai, kurie prailgina a\u0161men\u0173 tarnavimo laik\u0105<br \/>\n\tErgonomi\u0161ka dviguba med\u017eiaga pagerina sukibim\u0105 ir suma\u017eina rank\u0173 nuovarg\u012f<br \/>\n\t7 ta\u0161k\u0173 kei\u010diama gele\u017et\u0117&nbsp;<\/p>","protected":false},"excerpt":{"rendered":"<p>Plienin\u0117 a\u0161men\u0173 \u012fvor\u0117 padidina patvarum\u0105 Unikalus dviej\u0173 med\u017eiag\u0173 d\u0117klas su nyk\u0161\u010diu, kad padidint\u0173 komfort\u0105 Galimi SK2 peiliai, kurie prailgina a\u0161men\u0173 tarnavimo laik\u0105 Ergonomi\u0161ka dviguba med\u017eiaga pagerina sukibim\u0105 ir suma\u017eina rank\u0173<\/p>","protected":false},"featured_media":418850,"comment_status":"closed","ping_status":"open","template":"","meta":[],"product_cat":[11092,10287,11080,11083],"product_tag":[],"class_list":{"0":"post-413858","1":"product","2":"type-product","3":"status-publish","4":"has-post-thumbnail","6":"product_brand-sata","7":"product_cat-pjovikliai-pjuklai-vielos-ir-kabelio-zirkles-reples-zirkles-pjovimo-irankiai-rankiniai-irankiai","8":"product_cat-prekiu-katalogas","9":"product_cat-rankiniai-irankiai","10":"product_cat-reples-zirkles-pjovimo-irankiai-rankiniai-irankiai","12":"first","13":"instock","14":"purchasable","15":"product-type-simple"},"jetpack_sharing_enabled":true,"_links":{"self":[{"href":"https:\/\/raktoras.lt\/ru\/wp-json\/wp\/v2\/product\/413858","targetHints":{"allow":["GET"]}}],"collection":[{"href":"https:\/\/raktoras.lt\/ru\/wp-json\/wp\/v2\/product"}],"about":[{"href":"https:\/\/raktoras.lt\/ru\/wp-json\/wp\/v2\/types\/product"}],"replies":[{"embeddable":true,"href":"https:\/\/raktoras.lt\/ru\/wp-json\/wp\/v2\/comments?post=413858"}],"version-history":[{"count":1,"href":"https:\/\/raktoras.lt\/ru\/wp-json\/wp\/v2\/product\/413858\/revisions"}],"predecessor-version":[{"id":413859,"href":"https:\/\/raktoras.lt\/ru\/wp-json\/wp\/v2\/product\/413858\/revisions\/413859"}],"wp:featuredmedia":[{"embeddable":true,"href":"https:\/\/raktoras.lt\/ru\/wp-json\/wp\/v2\/media\/418850"}],"wp:attachment":[{"href":"https:\/\/raktoras.lt\/ru\/wp-json\/wp\/v2\/media?parent=413858"}],"wp:term":[{"taxonomy":"product_cat","embeddable":true,"href":"https:\/\/raktoras.lt\/ru\/wp-json\/wp\/v2\/product_cat?post=413858"},{"taxonomy":"product_tag","embeddable":true,"href":"https:\/\/raktoras.lt\/ru\/wp-json\/wp\/v2\/product_tag?post=413858"}],"curies":[{"name":"wp","href":"https:\/\/api.w.org\/{rel}","templated":true}]}}