{"id":413860,"date":"2025-08-18T17:43:17","date_gmt":"2025-08-18T17:43:17","guid":{"rendered":"https:\/\/raktoras.lt\/product\/trapecinis-peilis-su-keiciama-gelezte-19mm\/"},"modified":"2025-10-02T17:43:56","modified_gmt":"2025-10-02T17:43:56","slug":"trapecinis-peilis-su-keiciama-gelezte-19mm","status":"publish","type":"product","link":"https:\/\/raktoras.lt\/ru\/product\/trapecinis-peilis-su-keiciama-gelezte-19mm\/","title":{"rendered":"Trapecinis peilis su kei\u010diama gele\u017ete 19mm"},"content":{"rendered":"<p>Peilis u\u017esifiksuoja atidarytoje pad\u0117tyje, kad b\u016bt\u0173 u\u017etikrintas saugus pjovimas<br \/>\n\tGalimi SK2 peiliai, kurie prailgina a\u0161men\u0173 tarnavimo laik\u0105<br \/>\n\tErgonomi\u0161ka dviguba med\u017eiaga pagerina sukibim\u0105 ir suma\u017eina rank\u0173 nuovarg\u012f<br \/>\n\tA\u0161men\u0173 laikymo skyrelis rankenoje turi papildomus 5 peiliukus, kad b\u016bt\u0173 lengva prieiti<br \/>\n\tGreitas ir lengvas gele\u017et\u0117s pakeitimas&nbsp;<\/p>","protected":false},"excerpt":{"rendered":"<p>Peilis u\u017esifiksuoja atidarytoje pad\u0117tyje, kad b\u016bt\u0173 u\u017etikrintas saugus pjovimas Galimi SK2 peiliai, kurie prailgina a\u0161men\u0173 tarnavimo laik\u0105 Ergonomi\u0161ka dviguba med\u017eiaga pagerina sukibim\u0105 ir suma\u017eina rank\u0173 nuovarg\u012f A\u0161men\u0173 laikymo skyrelis rankenoje<\/p>","protected":false},"featured_media":418851,"comment_status":"closed","ping_status":"open","template":"","meta":[],"product_cat":[11092,10287,11080,11083],"product_tag":[],"class_list":{"0":"post-413860","1":"product","2":"type-product","3":"status-publish","4":"has-post-thumbnail","6":"product_brand-sata","7":"product_cat-pjovikliai-pjuklai-vielos-ir-kabelio-zirkles-reples-zirkles-pjovimo-irankiai-rankiniai-irankiai","8":"product_cat-prekiu-katalogas","9":"product_cat-rankiniai-irankiai","10":"product_cat-reples-zirkles-pjovimo-irankiai-rankiniai-irankiai","12":"first","13":"instock","14":"purchasable","15":"product-type-simple"},"jetpack_sharing_enabled":true,"_links":{"self":[{"href":"https:\/\/raktoras.lt\/ru\/wp-json\/wp\/v2\/product\/413860","targetHints":{"allow":["GET"]}}],"collection":[{"href":"https:\/\/raktoras.lt\/ru\/wp-json\/wp\/v2\/product"}],"about":[{"href":"https:\/\/raktoras.lt\/ru\/wp-json\/wp\/v2\/types\/product"}],"replies":[{"embeddable":true,"href":"https:\/\/raktoras.lt\/ru\/wp-json\/wp\/v2\/comments?post=413860"}],"version-history":[{"count":1,"href":"https:\/\/raktoras.lt\/ru\/wp-json\/wp\/v2\/product\/413860\/revisions"}],"predecessor-version":[{"id":413861,"href":"https:\/\/raktoras.lt\/ru\/wp-json\/wp\/v2\/product\/413860\/revisions\/413861"}],"wp:featuredmedia":[{"embeddable":true,"href":"https:\/\/raktoras.lt\/ru\/wp-json\/wp\/v2\/media\/418851"}],"wp:attachment":[{"href":"https:\/\/raktoras.lt\/ru\/wp-json\/wp\/v2\/media?parent=413860"}],"wp:term":[{"taxonomy":"product_cat","embeddable":true,"href":"https:\/\/raktoras.lt\/ru\/wp-json\/wp\/v2\/product_cat?post=413860"},{"taxonomy":"product_tag","embeddable":true,"href":"https:\/\/raktoras.lt\/ru\/wp-json\/wp\/v2\/product_tag?post=413860"}],"curies":[{"name":"wp","href":"https:\/\/api.w.org\/{rel}","templated":true}]}}