{"id":413862,"date":"2025-08-18T17:43:17","date_gmt":"2025-08-18T17:43:17","guid":{"rendered":"https:\/\/raktoras.lt\/product\/kabelio-nukirpimo-zirkles-610mm\/"},"modified":"2025-10-17T00:00:08","modified_gmt":"2025-10-17T00:00:08","slug":"kabelio-nukirpimo-zirkles-610mm","status":"publish","type":"product","link":"https:\/\/raktoras.lt\/ru\/product\/kabelio-nukirpimo-zirkles-610mm\/","title":{"rendered":"Kabelio nukirpimo \u017eirkl\u0117s 610mm"},"content":{"rendered":"<p>Optimizuotas a\u0161men\u0173 kampas tiksliam pjovimo rezultatui<br \/>\nNeslystanti rankena u\u017etikrina puik\u0173 komfort\u0105 ir sukibim\u0105<br \/>\nRankena pagaminta i\u0161 aliuminio lydinio, kad b\u016bt\u0173 lengvumas ir ilgaam\u017ei\u0161kumas<br \/>\nPeiliai, pagaminti i\u0161 chromo vanad\u017eio legiruoto plieno (Cr-V), u\u017etikrina i\u0161skirtin\u012f stiprum\u0105 ir ilgaam\u017ei\u0161kum\u0105<br \/>\nNaudojamas vieliniam lynui (\u00d85 mm), spyruoklinei plieninei vielai (\u00d81,6 mm), plieniniam kabeliui, neapdirbt\u0173 ir apdirbt\u0173 gij\u0173 kabeliams ir kt.<\/p>","protected":false},"excerpt":{"rendered":"<p>Optimizuotas a\u0161men\u0173 kampas tiksliam pjovimo rezultatui Neslystanti rankena u\u017etikrina puik\u0173 komfort\u0105 ir sukibim\u0105 Rankena pagaminta i\u0161 aliuminio lydinio, kad b\u016bt\u0173 lengvumas ir ilgaam\u017ei\u0161kumas Peiliai, pagaminti i\u0161 chromo vanad\u017eio legiruoto plieno<\/p>","protected":false},"featured_media":418852,"comment_status":"closed","ping_status":"closed","template":"","meta":[],"product_cat":[11092,10287,11080,11083],"product_tag":[],"class_list":{"0":"post-413862","1":"product","2":"type-product","3":"status-publish","4":"has-post-thumbnail","6":"product_brand-sata","7":"product_cat-pjovikliai-pjuklai-vielos-ir-kabelio-zirkles-reples-zirkles-pjovimo-irankiai-rankiniai-irankiai","8":"product_cat-prekiu-katalogas","9":"product_cat-rankiniai-irankiai","10":"product_cat-reples-zirkles-pjovimo-irankiai-rankiniai-irankiai","12":"first","13":"instock","14":"purchasable","15":"product-type-simple"},"jetpack_sharing_enabled":true,"_links":{"self":[{"href":"https:\/\/raktoras.lt\/ru\/wp-json\/wp\/v2\/product\/413862","targetHints":{"allow":["GET"]}}],"collection":[{"href":"https:\/\/raktoras.lt\/ru\/wp-json\/wp\/v2\/product"}],"about":[{"href":"https:\/\/raktoras.lt\/ru\/wp-json\/wp\/v2\/types\/product"}],"replies":[{"embeddable":true,"href":"https:\/\/raktoras.lt\/ru\/wp-json\/wp\/v2\/comments?post=413862"}],"version-history":[{"count":2,"href":"https:\/\/raktoras.lt\/ru\/wp-json\/wp\/v2\/product\/413862\/revisions"}],"predecessor-version":[{"id":419895,"href":"https:\/\/raktoras.lt\/ru\/wp-json\/wp\/v2\/product\/413862\/revisions\/419895"}],"wp:featuredmedia":[{"embeddable":true,"href":"https:\/\/raktoras.lt\/ru\/wp-json\/wp\/v2\/media\/418852"}],"wp:attachment":[{"href":"https:\/\/raktoras.lt\/ru\/wp-json\/wp\/v2\/media?parent=413862"}],"wp:term":[{"taxonomy":"product_cat","embeddable":true,"href":"https:\/\/raktoras.lt\/ru\/wp-json\/wp\/v2\/product_cat?post=413862"},{"taxonomy":"product_tag","embeddable":true,"href":"https:\/\/raktoras.lt\/ru\/wp-json\/wp\/v2\/product_tag?post=413862"}],"curies":[{"name":"wp","href":"https:\/\/api.w.org\/{rel}","templated":true}]}}