{"id":413864,"date":"2025-08-18T17:43:17","date_gmt":"2025-08-18T17:43:17","guid":{"rendered":"https:\/\/raktoras.lt\/product\/vamzdziu-pjoviklio-pjovimo-ratukai-2vnt\/"},"modified":"2025-10-02T17:45:19","modified_gmt":"2025-10-02T17:45:19","slug":"vamzdziu-pjoviklio-pjovimo-ratukai-2vnt","status":"publish","type":"product","link":"https:\/\/raktoras.lt\/ru\/product\/vamzdziu-pjoviklio-pjovimo-ratukai-2vnt\/","title":{"rendered":"Vamzd\u017ei\u0173 pjoviklio pjovimo ratukai (2vnt)"},"content":{"rendered":"<p>Vario, aliuminio, \u017ealvario ir plonasieni\u0173 vamzd\u017ei\u0173 pjovimui<br \/>\n\tGr\u016bdintas plienas u\u017etikrina tvirtum\u0105 ir ilgaam\u017ei\u0161kum\u0105, u\u017etikrinant\u012f ilgalaik\u012f veikim\u0105<br \/>\n\tJuodo oksido apdaila atspari korozijai<br \/>\n\tA\u0161menys, skirti ST97303ST&nbsp;<\/p>","protected":false},"excerpt":{"rendered":"<p>Vario, aliuminio, \u017ealvario ir plonasieni\u0173 vamzd\u017ei\u0173 pjovimui Gr\u016bdintas plienas u\u017etikrina tvirtum\u0105 ir ilgaam\u017ei\u0161kum\u0105, u\u017etikrinant\u012f ilgalaik\u012f veikim\u0105 Juodo oksido apdaila atspari korozijai A\u0161menys, skirti ST97303ST&nbsp;<\/p>","protected":false},"featured_media":418853,"comment_status":"closed","ping_status":"open","template":"","meta":[],"product_cat":[11092,10287,11080,11083],"product_tag":[],"class_list":{"0":"post-413864","1":"product","2":"type-product","3":"status-publish","4":"has-post-thumbnail","6":"product_brand-sata","7":"product_cat-pjovikliai-pjuklai-vielos-ir-kabelio-zirkles-reples-zirkles-pjovimo-irankiai-rankiniai-irankiai","8":"product_cat-prekiu-katalogas","9":"product_cat-rankiniai-irankiai","10":"product_cat-reples-zirkles-pjovimo-irankiai-rankiniai-irankiai","12":"first","13":"instock","14":"purchasable","15":"product-type-simple"},"jetpack_sharing_enabled":true,"_links":{"self":[{"href":"https:\/\/raktoras.lt\/ru\/wp-json\/wp\/v2\/product\/413864","targetHints":{"allow":["GET"]}}],"collection":[{"href":"https:\/\/raktoras.lt\/ru\/wp-json\/wp\/v2\/product"}],"about":[{"href":"https:\/\/raktoras.lt\/ru\/wp-json\/wp\/v2\/types\/product"}],"replies":[{"embeddable":true,"href":"https:\/\/raktoras.lt\/ru\/wp-json\/wp\/v2\/comments?post=413864"}],"version-history":[{"count":1,"href":"https:\/\/raktoras.lt\/ru\/wp-json\/wp\/v2\/product\/413864\/revisions"}],"predecessor-version":[{"id":413865,"href":"https:\/\/raktoras.lt\/ru\/wp-json\/wp\/v2\/product\/413864\/revisions\/413865"}],"wp:featuredmedia":[{"embeddable":true,"href":"https:\/\/raktoras.lt\/ru\/wp-json\/wp\/v2\/media\/418853"}],"wp:attachment":[{"href":"https:\/\/raktoras.lt\/ru\/wp-json\/wp\/v2\/media?parent=413864"}],"wp:term":[{"taxonomy":"product_cat","embeddable":true,"href":"https:\/\/raktoras.lt\/ru\/wp-json\/wp\/v2\/product_cat?post=413864"},{"taxonomy":"product_tag","embeddable":true,"href":"https:\/\/raktoras.lt\/ru\/wp-json\/wp\/v2\/product_tag?post=413864"}],"curies":[{"name":"wp","href":"https:\/\/api.w.org\/{rel}","templated":true}]}}