{"id":414112,"date":"2025-08-18T17:44:06","date_gmt":"2025-08-18T17:44:06","guid":{"rendered":"https:\/\/raktoras.lt\/product\/terksle-reversine-1-2-72th-ovalo-formos-galvute\/"},"modified":"2025-10-24T15:24:43","modified_gmt":"2025-10-24T15:24:43","slug":"terksle-reversine-1-2-72th-ovalo-formos-galvute","status":"publish","type":"product","link":"https:\/\/raktoras.lt\/ru\/product\/terksle-reversine-1-2-72th-ovalo-formos-galvute\/","title":{"rendered":"Terk\u0161l\u0117 reversin\u0117 1\/2&#8242; 72TH (ovalo formos galvut\u0117)"},"content":{"rendered":"<p>72 dantuk\u0173 &#8211; pasuka tvirtinimo detales 5\u00b0 kampu<br \/>\nErgonomin\u0117 rankena<br \/>\nCRV plienas<\/p>","protected":false},"excerpt":{"rendered":"<p>72 dantuk\u0173 &#8211; pasuka tvirtinimo detales 5\u00b0 kampu Ergonomin\u0117 rankena CRV plienas<\/p>","protected":false},"featured_media":418977,"comment_status":"closed","ping_status":"closed","template":"","meta":[],"product_cat":[11216,11215,10287,11080],"product_tag":[],"class_list":{"0":"post-414112","1":"product","2":"type-product","3":"status-publish","4":"has-post-thumbnail","6":"product_brand-sata","7":"product_cat-1-2-galvutes-galvuciu-priedai-galvutes-adapteriai-rankiniai-irankiai","8":"product_cat-galvutes-adapteriai-rankiniai-irankiai","9":"product_cat-prekiu-katalogas","10":"product_cat-rankiniai-irankiai","12":"first","13":"instock","14":"purchasable","15":"product-type-simple"},"jetpack_sharing_enabled":true,"_links":{"self":[{"href":"https:\/\/raktoras.lt\/ru\/wp-json\/wp\/v2\/product\/414112","targetHints":{"allow":["GET"]}}],"collection":[{"href":"https:\/\/raktoras.lt\/ru\/wp-json\/wp\/v2\/product"}],"about":[{"href":"https:\/\/raktoras.lt\/ru\/wp-json\/wp\/v2\/types\/product"}],"replies":[{"embeddable":true,"href":"https:\/\/raktoras.lt\/ru\/wp-json\/wp\/v2\/comments?post=414112"}],"version-history":[{"count":2,"href":"https:\/\/raktoras.lt\/ru\/wp-json\/wp\/v2\/product\/414112\/revisions"}],"predecessor-version":[{"id":420955,"href":"https:\/\/raktoras.lt\/ru\/wp-json\/wp\/v2\/product\/414112\/revisions\/420955"}],"wp:featuredmedia":[{"embeddable":true,"href":"https:\/\/raktoras.lt\/ru\/wp-json\/wp\/v2\/media\/418977"}],"wp:attachment":[{"href":"https:\/\/raktoras.lt\/ru\/wp-json\/wp\/v2\/media?parent=414112"}],"wp:term":[{"taxonomy":"product_cat","embeddable":true,"href":"https:\/\/raktoras.lt\/ru\/wp-json\/wp\/v2\/product_cat?post=414112"},{"taxonomy":"product_tag","embeddable":true,"href":"https:\/\/raktoras.lt\/ru\/wp-json\/wp\/v2\/product_tag?post=414112"}],"curies":[{"name":"wp","href":"https:\/\/api.w.org\/{rel}","templated":true}]}}