{"id":414116,"date":"2025-08-18T17:44:06","date_gmt":"2025-08-18T17:44:06","guid":{"rendered":"https:\/\/raktoras.lt\/product\/terksle-reversine-3-8-72th-l-240mm\/"},"modified":"2025-10-24T15:16:12","modified_gmt":"2025-10-24T15:16:12","slug":"terksle-reversine-3-8-72th-l-240mm","status":"publish","type":"product","link":"https:\/\/raktoras.lt\/ru\/product\/terksle-reversine-3-8-72th-l-240mm\/","title":{"rendered":"Terk\u0161l\u0117 reversin\u0117 3\/8&#8242; 72TH L= 240mm"},"content":{"rendered":"<p>72 dantuk\u0173 &#8211; pasuka tvirtinimo detales 5&deg; kampu<br \/>\n\tL= 240 mm<br \/>\n\tErgonomin\u0117 rankena<br \/>\n\tCRV plienas<\/p>","protected":false},"excerpt":{"rendered":"<p>72 dantuk\u0173 &#8211; pasuka tvirtinimo detales 5&deg; kampu L= 240 mm Ergonomin\u0117 rankena CRV plienas<\/p>","protected":false},"featured_media":418979,"comment_status":"closed","ping_status":"open","template":"","meta":[],"product_cat":[11233,11215,10287,11080],"product_tag":[],"class_list":{"0":"post-414116","1":"product","2":"type-product","3":"status-publish","4":"has-post-thumbnail","6":"product_brand-sata","7":"product_cat-3-8-galvutes-galvuciu-priedai-galvutes-adapteriai-rankiniai-irankiai","8":"product_cat-galvutes-adapteriai-rankiniai-irankiai","9":"product_cat-prekiu-katalogas","10":"product_cat-rankiniai-irankiai","12":"first","13":"instock","14":"purchasable","15":"product-type-simple"},"jetpack_sharing_enabled":true,"_links":{"self":[{"href":"https:\/\/raktoras.lt\/ru\/wp-json\/wp\/v2\/product\/414116","targetHints":{"allow":["GET"]}}],"collection":[{"href":"https:\/\/raktoras.lt\/ru\/wp-json\/wp\/v2\/product"}],"about":[{"href":"https:\/\/raktoras.lt\/ru\/wp-json\/wp\/v2\/types\/product"}],"replies":[{"embeddable":true,"href":"https:\/\/raktoras.lt\/ru\/wp-json\/wp\/v2\/comments?post=414116"}],"version-history":[{"count":1,"href":"https:\/\/raktoras.lt\/ru\/wp-json\/wp\/v2\/product\/414116\/revisions"}],"predecessor-version":[{"id":414117,"href":"https:\/\/raktoras.lt\/ru\/wp-json\/wp\/v2\/product\/414116\/revisions\/414117"}],"wp:featuredmedia":[{"embeddable":true,"href":"https:\/\/raktoras.lt\/ru\/wp-json\/wp\/v2\/media\/418979"}],"wp:attachment":[{"href":"https:\/\/raktoras.lt\/ru\/wp-json\/wp\/v2\/media?parent=414116"}],"wp:term":[{"taxonomy":"product_cat","embeddable":true,"href":"https:\/\/raktoras.lt\/ru\/wp-json\/wp\/v2\/product_cat?post=414116"},{"taxonomy":"product_tag","embeddable":true,"href":"https:\/\/raktoras.lt\/ru\/wp-json\/wp\/v2\/product_tag?post=414116"}],"curies":[{"name":"wp","href":"https:\/\/api.w.org\/{rel}","templated":true}]}}