{"id":414118,"date":"2025-08-18T17:44:06","date_gmt":"2025-08-18T17:44:06","guid":{"rendered":"https:\/\/raktoras.lt\/product\/1-4-3-8-1-2-galvuciu-su-antgaliais-rinkinys-180vnt-6-kampes\/"},"modified":"2025-10-24T15:26:20","modified_gmt":"2025-10-24T15:26:20","slug":"1-4-3-8-1-2-galvuciu-su-antgaliais-rinkinys-180vnt-6-kampes","status":"publish","type":"product","link":"https:\/\/raktoras.lt\/ru\/product\/1-4-3-8-1-2-galvuciu-su-antgaliais-rinkinys-180vnt-6-kampes\/","title":{"rendered":"1\/4&#8221; + 3\/8&#8221; + 1\/2&#8221; Galvu\u010di\u0173 su antgaliais rinkinys 180vnt. 6-kamp\u0117s"},"content":{"rendered":"<p>Itin platus galvu\u010di\u0173 rinkinys 1\/4&#8243;+ 3\/8&#8243;+ 1\/2&#8243; 180 dali\u0173 apima \u012frankius, reikalingus daugeliui mechanini\u0173 remonto darb\u0173. Su naujomis 72 dant\u0173 terk\u0161l\u0117mis kurios turi pamink\u0161tinta rankena kuriai u\u017etenka tik 5\u00b0 pasisukimo, o galvut\u0117s turi suapvalint\u0105 vidin\u012f kamp\u0105, kuris sutelkia \u012ftamp\u0105 plok\u0161\u010dioje pus\u0117je ir suma\u017eina tvirtinimo detal\u0117s apvalinim\u0105.<br \/>\nKomplekte yra ir trump\u0173 galvu\u010di\u0173, ir da\u017eniausiai naudojamos prailgintos galvut\u0117s. Taip pat pridedami 17, 19 ir 21 mm plastiku apsaugoti prailgintos sm\u016bgin\u0117s galvut\u0117s, kuriuos galima naudoti su sm\u016bginiais \u012frankiais pvz. kei\u010diant padangas. \u012e komplekt\u0105 \u012feina vis\u0173 trij\u0173 dyd\u017ei\u0173\u00a01\/4&#8221;, 3\/8&#8221;, 1\/2&#8221;\u00a0daugyb\u0117 skirting\u0173 jiems skirt\u0173 prailgintuv\u0173 ir adapteri\u0173 var\u017etams, taip pat ir sunkiai pasiekiamoms tvirtinimo detal\u0117ms.<br \/>\nApvalia galvute \u0161e\u0161iabriauniai raktai leid\u017eia pasukti net kampuose. Komplektuojamas su patvariu plastikiniu d\u0117klu transportavimui ir laikymui.<br \/>\nKomplekto turinys:<\/p>\n<p>3vnt. 1\/4&#8243;, 3\/8&#8243;, 1\/2&#8243;\u00a0 Terk\u0161l\u0117s\u00a072 dant\u0173 greito atleidimo<br \/>\n1vnt. 3\/8&#8243;F x 1\/2&#8243;M Adapteris<br \/>\n3vnt. 1\/4&#8243; x 1\/4&#8243;, 3\/8&#8243; x 5\/16&#8243;, 1\/2&#8243; x 5\/16&#8243; Antgali\u0173 adapteriai<br \/>\n2vnt. 1\/4&#8243; Prailginimo rankena 50, 100 mm<br \/>\n2vnt. 3\/8&#8243; Prailginimo rankena\u00a075, 225 mm<br \/>\n2vnt. 1\/2&#8243; Prailginimo rankena\u00a0125, 225 mm<br \/>\n1vnt. 1\/4&#8243; Lankstus prailginimas 150 mm<br \/>\n3vnt. 1\/4&#8243;, 3\/8&#8243;, 1\/2&#8243; Universalios jungtys<br \/>\n1vnt. 1\/4&#8243; Rankena su slankiojan\u010diu kvadratu<br \/>\n1vnt. 1\/4&#8243; Suktukas<br \/>\n1vnt. 3\/8&#8243; Galvut\u0117 \u017evakei 18 mm<br \/>\n2vnt. 1\/2&#8243; Galvut\u0117s \u017evakei 16, 21 mm<br \/>\n13 vnt. 1\/4&#8243; Galvut\u0117s 3.5, 4, 4.5, 5, 6, 7, 8, 9, 10, 11, 12, 13, 14 mm<br \/>\n7 vnt. 1\/4&#8243; Prailgintos galvut\u0117s 4, 5, 6, 7, 8, 9, 10 mm<br \/>\n10 vnt. 3\/8&#8243; Galvut\u0117s\u00a010, 11, 12, 13, 14, 15, 16, 17, 18, 19 mm<br \/>\n6vnt. 3\/8&#8243; Prailgintos galvut\u0117s 10, 11, 12, 13, 14, 15 mm<br \/>\n19 vnt. 1\/2&#8243; Galvut\u0117s 10, 11, 12, 13, 14, 15, 16, 17, 18, 19, 20, 21, 22, 23, 24, 26, 27, 30, 32 mm<br \/>\n5vnt. 1\/2&#8243; Prailgintos galvut\u0117s 16, 17, 18, 19, 22 mm<br \/>\n3vnt. 1\/2&#8243; Sm\u016bgin\u0117s galvut\u0117s 17, 19, 21 mm<br \/>\n21 vnt. 1\/4&#8243; Galvut\u0117s su antgaliais<br \/>\nPhillips #1, #2, #3<br \/>\nPlok\u0161ti 4, 5.5, 6.5 mm<br \/>\nHEX 3, 4, 5, 6, 7 mm<br \/>\nTorx T8, T10, T15, T20, T25, T27, T30<br \/>\nPozidriv #1, #2, #3<br \/>\n4vnt. 3\/8&#8243; Torx-S galvut\u0117s su antgaliais\u00a0T45, T50, T55, T60<br \/>\n3vnt. 1\/4&#8243; E-Torx galvut\u0117s E4, E6, E8<br \/>\n5vnt. 1\/2&#8243; SPLINE galvut\u0117s su antgaliais\u00a0M5, M6, M8, M10, M12<br \/>\n8vnt. 3\/8&#8243; E-Torx galvut\u0117s E5, E7, E10, E11, E12, E14, E16, E18<br \/>\n2vnt. 1\/2&#8243; E-Torx galvut\u0117s E20, E24<br \/>\n1vnt. 9 vnt. Apvalia galvute \u0161e\u0161iakampi\u0173 rakt\u0173 rinkinys 1.5, 2, 2.5, 3, 4, 5, 6, 8, 10 mm<br \/>\n22 vnt. 1\/4&#8243; Antgaliai 25L<br \/>\nPhillips #0, #1, #2, #3<br \/>\nHEX 2, 2.5, 3, 4, 5, 6, 7, 8 mm<br \/>\nPlok\u0161ti 6.5 mm<br \/>\nTorx-S T10, T15, T20, T25, T27, T30<br \/>\nPozidriv #1, #2, #3<br \/>\n21 vnt. 5\/15&#8243; Antgaliai 30L<br \/>\nPhillips #3, #4<br \/>\nHEX 8, 10, 12, 14 mm<br \/>\nPlok\u0161ti 8, 10, 12 mm<br \/>\nTorx T40, T45, T50, T55, T60, T70<br \/>\nTorx-S T40, T45, T50, T55, T60, T70<\/p>","protected":false},"excerpt":{"rendered":"<p>Itin platus galvu\u010di\u0173 rinkinys 1\/4&#8243;+ 3\/8&#8243;+ 1\/2&#8243; 180 dali\u0173 apima \u012frankius, reikalingus daugeliui mechanini\u0173 remonto darb\u0173. Su naujomis 72 dant\u0173 terk\u0161l\u0117mis kurios turi pamink\u0161tinta rankena kuriai u\u017etenka tik 5\u00b0 pasisukimo,<\/p>","protected":false},"featured_media":418980,"comment_status":"closed","ping_status":"closed","template":"","meta":[],"product_cat":[11267,11215,10287,11080],"product_tag":[],"class_list":{"0":"post-414118","1":"product","2":"type-product","3":"status-publish","4":"has-post-thumbnail","6":"product_brand-sata","7":"product_cat-1-4-3-8-1-2-kombinuoti-galvuciu-rinkiniai-galvutes-adapteriai-rankiniai-irankiai","8":"product_cat-galvutes-adapteriai-rankiniai-irankiai","9":"product_cat-prekiu-katalogas","10":"product_cat-rankiniai-irankiai","12":"first","13":"instock","14":"purchasable","15":"product-type-simple"},"jetpack_sharing_enabled":true,"_links":{"self":[{"href":"https:\/\/raktoras.lt\/ru\/wp-json\/wp\/v2\/product\/414118","targetHints":{"allow":["GET"]}}],"collection":[{"href":"https:\/\/raktoras.lt\/ru\/wp-json\/wp\/v2\/product"}],"about":[{"href":"https:\/\/raktoras.lt\/ru\/wp-json\/wp\/v2\/types\/product"}],"replies":[{"embeddable":true,"href":"https:\/\/raktoras.lt\/ru\/wp-json\/wp\/v2\/comments?post=414118"}],"version-history":[{"count":2,"href":"https:\/\/raktoras.lt\/ru\/wp-json\/wp\/v2\/product\/414118\/revisions"}],"predecessor-version":[{"id":420957,"href":"https:\/\/raktoras.lt\/ru\/wp-json\/wp\/v2\/product\/414118\/revisions\/420957"}],"wp:featuredmedia":[{"embeddable":true,"href":"https:\/\/raktoras.lt\/ru\/wp-json\/wp\/v2\/media\/418980"}],"wp:attachment":[{"href":"https:\/\/raktoras.lt\/ru\/wp-json\/wp\/v2\/media?parent=414118"}],"wp:term":[{"taxonomy":"product_cat","embeddable":true,"href":"https:\/\/raktoras.lt\/ru\/wp-json\/wp\/v2\/product_cat?post=414118"},{"taxonomy":"product_tag","embeddable":true,"href":"https:\/\/raktoras.lt\/ru\/wp-json\/wp\/v2\/product_tag?post=414118"}],"curies":[{"name":"wp","href":"https:\/\/api.w.org\/{rel}","templated":true}]}}