{"id":414244,"date":"2025-08-18T17:44:41","date_gmt":"2025-08-18T17:44:41","guid":{"rendered":"https:\/\/raktoras.lt\/product\/mobilus-darbastalis-su-skysciu-surinkimo-talpa-13l-3-5gal\/"},"modified":"2025-10-18T22:33:42","modified_gmt":"2025-10-18T22:33:42","slug":"mobilus-darbastalis-su-skysciu-surinkimo-talpa-13l-3-5gal","status":"publish","type":"product","link":"https:\/\/raktoras.lt\/ru\/product\/mobilus-darbastalis-su-skysciu-surinkimo-talpa-13l-3-5gal\/","title":{"rendered":"Mobilus darbastalis su skys\u010di\u0173 surinkimo talpa 13L (3.5gal)"},"content":{"rendered":"<p>Patogus ir mobilus valymo darbastalis su skys\u010di\u0173 surinkimo talpa bei stal\u010diumi susid\u0117ti reikiamus \u012frankius<br \/>\n\tStalvir\u0161io dydis 1200 x 805 x 1040 mm su 19 mm kantu, kad skys\u010diai neprab\u0117gt\u0173 pro \u0161on\u0105 ir darbo vieta i\u0161liktu \u0161vari<br \/>\n\tVisas skystis sub\u0117ga \u012f special\u0173 poliuretanin\u012f ind\u0105 kur\u012f po to galima i\u0161imti ir i\u0161tu\u0161tinti<br \/>\n\tRatuk\u0173 dydis 100 mm, du i\u0161 j\u0173 turi stabd\u017eius&nbsp;<\/p>\n<p>Pakuot\u0117s matmenys 1210 x 820 x 90 mm; 860 x 720 x 210 mm; 550 x 540 x 200 mm<br \/>\n\t&nbsp;<\/p>","protected":false},"excerpt":{"rendered":"<p>Patogus ir mobilus valymo darbastalis su skys\u010di\u0173 surinkimo talpa bei stal\u010diumi susid\u0117ti reikiamus \u012frankius Stalvir\u0161io dydis 1200 x 805 x 1040 mm su 19 mm kantu, kad skys\u010diai neprab\u0117gt\u0173 pro<\/p>","protected":false},"featured_media":419043,"comment_status":"closed","ping_status":"open","template":"","meta":[],"product_cat":[11095,11337,11096,10287],"product_tag":[],"class_list":{"0":"post-414244","1":"product","2":"type-product","3":"status-publish","4":"has-post-thumbnail","6":"product_cat-autoservisu-iranga-prekiu-katalogas","7":"product_cat-darbastaliai","8":"product_cat-irankiu-spinteles-dezes-vezimeliai-darbastaliai-autoservisu-iranga-prekiu-katalogas","9":"product_cat-prekiu-katalogas","11":"first","12":"instock","13":"purchasable","14":"product-type-simple"},"jetpack_sharing_enabled":true,"_links":{"self":[{"href":"https:\/\/raktoras.lt\/ru\/wp-json\/wp\/v2\/product\/414244","targetHints":{"allow":["GET"]}}],"collection":[{"href":"https:\/\/raktoras.lt\/ru\/wp-json\/wp\/v2\/product"}],"about":[{"href":"https:\/\/raktoras.lt\/ru\/wp-json\/wp\/v2\/types\/product"}],"replies":[{"embeddable":true,"href":"https:\/\/raktoras.lt\/ru\/wp-json\/wp\/v2\/comments?post=414244"}],"version-history":[{"count":1,"href":"https:\/\/raktoras.lt\/ru\/wp-json\/wp\/v2\/product\/414244\/revisions"}],"predecessor-version":[{"id":414245,"href":"https:\/\/raktoras.lt\/ru\/wp-json\/wp\/v2\/product\/414244\/revisions\/414245"}],"wp:featuredmedia":[{"embeddable":true,"href":"https:\/\/raktoras.lt\/ru\/wp-json\/wp\/v2\/media\/419043"}],"wp:attachment":[{"href":"https:\/\/raktoras.lt\/ru\/wp-json\/wp\/v2\/media?parent=414244"}],"wp:term":[{"taxonomy":"product_cat","embeddable":true,"href":"https:\/\/raktoras.lt\/ru\/wp-json\/wp\/v2\/product_cat?post=414244"},{"taxonomy":"product_tag","embeddable":true,"href":"https:\/\/raktoras.lt\/ru\/wp-json\/wp\/v2\/product_tag?post=414244"}],"curies":[{"name":"wp","href":"https:\/\/api.w.org\/{rel}","templated":true}]}}