{"id":414246,"date":"2025-08-18T17:44:41","date_gmt":"2025-08-18T17:44:41","guid":{"rendered":"https:\/\/raktoras.lt\/product\/smeliapute-28-galonu-106l-su-vakuuminiu-nusiurbimu\/"},"modified":"2025-10-18T22:33:42","modified_gmt":"2025-10-18T22:33:42","slug":"smeliapute-28-galonu-106l-su-vakuuminiu-nusiurbimu","status":"publish","type":"product","link":"https:\/\/raktoras.lt\/ru\/product\/smeliapute-28-galonu-106l-su-vakuuminiu-nusiurbimu\/","title":{"rendered":"Sm\u0117liap\u016bt\u0117 28 galon\u0173 (106L) su vakuuminiu nusiurbimu"},"content":{"rendered":"<p>Talpa 106 l<br \/>\n\tDarbinis sl\u0117gis 4 &#8211; 8 bar<br \/>\n\tOro sunaudojimas 170 &#8211; 640 l\/min<br \/>\n\t\u017darnos L = 2.5 m<br \/>\n\tOro pajungimas 1\/2&#39;&#39;-18NPT<br \/>\n\tMatmenys auk\u0161tis x ilgis x plotis 980 x 780 x 450 mm<br \/>\n\tSvoris 36.0 kg<br \/>\n\tPakuot\u0117s matmenys 1020 x 460 x 515 mm<\/p>\n<p>\u012emontuotas vakuuminis nusiurbimas leid\u017eia dirbti erdv\u0117je be papildomos kv\u0117pavimo \u012frangos.<br \/>\n\tSurenka sm\u0117liavimo ambrazyvus antram panaudojimui<br \/>\n\tAtskiria ambrazyva nuo \u0161iuk\u0161li\u0173<\/p>\n<p>&nbsp;&nbsp;<\/p>","protected":false},"excerpt":{"rendered":"<p>Talpa 106 l Darbinis sl\u0117gis 4 &#8211; 8 bar Oro sunaudojimas 170 &#8211; 640 l\/min \u017darnos L = 2.5 m Oro pajungimas 1\/2&#39;&#39;-18NPT Matmenys auk\u0161tis x ilgis x plotis 980<\/p>","protected":false},"featured_media":419044,"comment_status":"closed","ping_status":"open","template":"","meta":[],"product_cat":[11121,10287,11160],"product_tag":[],"class_list":{"0":"post-414246","1":"product","2":"type-product","3":"status-publish","4":"has-post-thumbnail","6":"product_cat-pneumatine-iranga-kompresoriai-prekiu-katalogas","7":"product_cat-prekiu-katalogas","8":"product_cat-smeliaputes-sodaputes-pneumatine-iranga-kompresoriai-prekiu-katalogas","10":"first","11":"instock","12":"purchasable","13":"product-type-simple"},"jetpack_sharing_enabled":true,"_links":{"self":[{"href":"https:\/\/raktoras.lt\/ru\/wp-json\/wp\/v2\/product\/414246","targetHints":{"allow":["GET"]}}],"collection":[{"href":"https:\/\/raktoras.lt\/ru\/wp-json\/wp\/v2\/product"}],"about":[{"href":"https:\/\/raktoras.lt\/ru\/wp-json\/wp\/v2\/types\/product"}],"replies":[{"embeddable":true,"href":"https:\/\/raktoras.lt\/ru\/wp-json\/wp\/v2\/comments?post=414246"}],"version-history":[{"count":1,"href":"https:\/\/raktoras.lt\/ru\/wp-json\/wp\/v2\/product\/414246\/revisions"}],"predecessor-version":[{"id":414247,"href":"https:\/\/raktoras.lt\/ru\/wp-json\/wp\/v2\/product\/414246\/revisions\/414247"}],"wp:featuredmedia":[{"embeddable":true,"href":"https:\/\/raktoras.lt\/ru\/wp-json\/wp\/v2\/media\/419044"}],"wp:attachment":[{"href":"https:\/\/raktoras.lt\/ru\/wp-json\/wp\/v2\/media?parent=414246"}],"wp:term":[{"taxonomy":"product_cat","embeddable":true,"href":"https:\/\/raktoras.lt\/ru\/wp-json\/wp\/v2\/product_cat?post=414246"},{"taxonomy":"product_tag","embeddable":true,"href":"https:\/\/raktoras.lt\/ru\/wp-json\/wp\/v2\/product_tag?post=414246"}],"curies":[{"name":"wp","href":"https:\/\/api.w.org\/{rel}","templated":true}]}}