{"id":414350,"date":"2025-08-18T17:44:55","date_gmt":"2025-08-18T17:44:55","guid":{"rendered":"https:\/\/raktoras.lt\/product\/variklio-grandines-nusidevejimo-tikrinimo-kaistis-bmw-mini\/"},"modified":"2025-10-18T22:02:12","modified_gmt":"2025-10-18T22:02:12","slug":"variklio-grandines-nusidevejimo-tikrinimo-kaistis-bmw-mini","status":"publish","type":"product","link":"https:\/\/raktoras.lt\/ru\/product\/variklio-grandines-nusidevejimo-tikrinimo-kaistis-bmw-mini\/","title":{"rendered":"Variklio grandin\u0117s nusidev\u0117jimo tikrinimo kai\u0161tis BMW \/ Mini"},"content":{"rendered":"<p>Variklio grandin\u0117s nusidev\u0117ijimo tikrinimo kai\u0161tis&nbsp;yra esminis BMW MINI benzinini\u0173 varikli\u0173 diagnostikos \u012frankis, leid\u017eiantis patikrinti paskirstymo grandin\u0117s tempim\u0105 nei\u0161ardant variklio, taip sutaupant daug laiko ir i\u0161laid\u0173.<br \/>\n\t\u0160is \u012frankis, sudarytas i\u0161 5 atskir\u0173 komponent\u0173, yra sukurtas veikti kartu ir kiekvien\u0105 kart\u0105 u\u017etikrinti pakartojam\u0105 rezultat\u0105. D\u0117l ma\u017eos trinties leistin\u0173 nuokrypi\u0173 poreikio \u0161is \u012frankis atrodo brangus, ta\u010diau sutaupytas laikas diagnozuojant ir patvirtinant grandin\u0117s susid\u0117v\u0117jimo problemas gali daugiau nei pateisinti i\u0161laidas.<br \/>\n\tSuderinami BMW ir MINI varikliai: 1,4 l, 1,6 l, 2,0 l ir 3,0 l darbinio t\u016brio ir \u0161i\u0173 varikli\u0173 kod\u0173: N12, N13, N16, N18, N47 ir N57, \u012fskaitant benzininius ir dyzelinius variantus.<br \/>\n\tAtitinka OEM 2 353 281: \u0160is \u012frankis yra lygiavertis OEM 2 353 281, u\u017etikrinant, kad j\u016bs gaunate tok\u012f pat\u012f kokyb\u0117s ir tikslumo lyg\u012f kaip ir originalus gamintojo \u012frankis.<br \/>\n\tSuderinamas su Citro&euml;n ir Peugeot varikliais: Be BMW MINI varikli\u0173, \u0161is \u012frankis taip pat naudingas lygiaver\u010diams Citro&euml;n ir Peugeot varikliams&nbsp;<\/p>\n<p><iframe allow=\"accelerometer; autoplay; clipboard-write; encrypted-media; gyroscope; picture-in-picture; web-share\" allowfullscreen=\"\" frameborder=\"0\" height=\"315\" referrerpolicy=\"strict-origin-when-cross-origin\" src=\"https:\/\/www.youtube.com\/embed\/_dZ6cuqy69A?si=9LbEmpH2pKCnHC0e\" title=\"YouTube video player\" width=\"560\"><\/iframe><\/p>","protected":false},"excerpt":{"rendered":"<p>Variklio grandin\u0117s nusidev\u0117ijimo tikrinimo kai\u0161tis&nbsp;yra esminis BMW MINI benzinini\u0173 varikli\u0173 diagnostikos \u012frankis, leid\u017eiantis patikrinti paskirstymo grandin\u0117s tempim\u0105 nei\u0161ardant variklio, taip sutaupant daug laiko ir i\u0161laid\u0173. \u0160is \u012frankis, sudarytas i\u0161 5<\/p>","protected":false},"featured_media":419096,"comment_status":"closed","ping_status":"open","template":"","meta":[],"product_cat":[11095,11257,10287],"product_tag":[],"class_list":{"0":"post-414350","1":"product","2":"type-product","3":"status-publish","4":"has-post-thumbnail","6":"product_cat-autoservisu-iranga-prekiu-katalogas","7":"product_cat-irankiai-variklio-remontui","8":"product_cat-prekiu-katalogas","10":"first","11":"instock","12":"purchasable","13":"product-type-simple"},"jetpack_sharing_enabled":true,"_links":{"self":[{"href":"https:\/\/raktoras.lt\/ru\/wp-json\/wp\/v2\/product\/414350","targetHints":{"allow":["GET"]}}],"collection":[{"href":"https:\/\/raktoras.lt\/ru\/wp-json\/wp\/v2\/product"}],"about":[{"href":"https:\/\/raktoras.lt\/ru\/wp-json\/wp\/v2\/types\/product"}],"replies":[{"embeddable":true,"href":"https:\/\/raktoras.lt\/ru\/wp-json\/wp\/v2\/comments?post=414350"}],"version-history":[{"count":1,"href":"https:\/\/raktoras.lt\/ru\/wp-json\/wp\/v2\/product\/414350\/revisions"}],"predecessor-version":[{"id":414351,"href":"https:\/\/raktoras.lt\/ru\/wp-json\/wp\/v2\/product\/414350\/revisions\/414351"}],"wp:featuredmedia":[{"embeddable":true,"href":"https:\/\/raktoras.lt\/ru\/wp-json\/wp\/v2\/media\/419096"}],"wp:attachment":[{"href":"https:\/\/raktoras.lt\/ru\/wp-json\/wp\/v2\/media?parent=414350"}],"wp:term":[{"taxonomy":"product_cat","embeddable":true,"href":"https:\/\/raktoras.lt\/ru\/wp-json\/wp\/v2\/product_cat?post=414350"},{"taxonomy":"product_tag","embeddable":true,"href":"https:\/\/raktoras.lt\/ru\/wp-json\/wp\/v2\/product_tag?post=414350"}],"curies":[{"name":"wp","href":"https:\/\/api.w.org\/{rel}","templated":true}]}}