{"id":414478,"date":"2025-08-18T17:45:35","date_gmt":"2025-08-18T17:45:35","guid":{"rendered":"https:\/\/raktoras.lt\/product\/stiklo-reztukas-175mm\/"},"modified":"2025-10-18T21:38:16","modified_gmt":"2025-10-18T21:38:16","slug":"stiklo-reztukas-175mm","status":"publish","type":"product","link":"https:\/\/raktoras.lt\/ru\/product\/stiklo-reztukas-175mm\/","title":{"rendered":"Stiklo r\u0117\u017etukas 175mm"},"content":{"rendered":"<p>Atitinka QB\/T 2097.1 standarto gamybos reikalavimus<br \/>\n\tStiklo r\u0117\u017etukas yra pailgintas, tod\u0117l pjovimo diapazonas yra didesnis, a\u0161is pastorinta, kas lems ilgesn\u012f tarnavimo laik\u0105<br \/>\n\tGalvut\u0117 pagaminta i\u0161 metalo ir naudojama pjaustyti stikl\u0105, o v\u0117liau j\u012f sudau\u017eyti<br \/>\n\tLengvas naudojimas, patogus sukibimas ir jokio nuovargio naudojant ilg\u0105 laik\u0105<\/p>","protected":false},"excerpt":{"rendered":"<p>Atitinka QB\/T 2097.1 standarto gamybos reikalavimus Stiklo r\u0117\u017etukas yra pailgintas, tod\u0117l pjovimo diapazonas yra didesnis, a\u0161is pastorinta, kas lems ilgesn\u012f tarnavimo laik\u0105 Galvut\u0117 pagaminta i\u0161 metalo ir naudojama pjaustyti stikl\u0105,<\/p>","protected":false},"featured_media":419160,"comment_status":"closed","ping_status":"open","template":"","meta":[],"product_cat":[11463,11462,10287,11080],"product_tag":[],"class_list":{"0":"post-414478","1":"product","2":"type-product","3":"status-publish","4":"has-post-thumbnail","6":"product_brand-changlu-tools","7":"product_cat-kirstukai-centro-zymekliai-kirstukai-skylamusiai-rankiniai-irankiai","8":"product_cat-kirstukai-skylamusiai-rankiniai-irankiai","9":"product_cat-prekiu-katalogas","10":"product_cat-rankiniai-irankiai","12":"first","13":"instock","14":"purchasable","15":"product-type-simple"},"jetpack_sharing_enabled":true,"_links":{"self":[{"href":"https:\/\/raktoras.lt\/ru\/wp-json\/wp\/v2\/product\/414478","targetHints":{"allow":["GET"]}}],"collection":[{"href":"https:\/\/raktoras.lt\/ru\/wp-json\/wp\/v2\/product"}],"about":[{"href":"https:\/\/raktoras.lt\/ru\/wp-json\/wp\/v2\/types\/product"}],"replies":[{"embeddable":true,"href":"https:\/\/raktoras.lt\/ru\/wp-json\/wp\/v2\/comments?post=414478"}],"version-history":[{"count":1,"href":"https:\/\/raktoras.lt\/ru\/wp-json\/wp\/v2\/product\/414478\/revisions"}],"predecessor-version":[{"id":414479,"href":"https:\/\/raktoras.lt\/ru\/wp-json\/wp\/v2\/product\/414478\/revisions\/414479"}],"wp:featuredmedia":[{"embeddable":true,"href":"https:\/\/raktoras.lt\/ru\/wp-json\/wp\/v2\/media\/419160"}],"wp:attachment":[{"href":"https:\/\/raktoras.lt\/ru\/wp-json\/wp\/v2\/media?parent=414478"}],"wp:term":[{"taxonomy":"product_cat","embeddable":true,"href":"https:\/\/raktoras.lt\/ru\/wp-json\/wp\/v2\/product_cat?post=414478"},{"taxonomy":"product_tag","embeddable":true,"href":"https:\/\/raktoras.lt\/ru\/wp-json\/wp\/v2\/product_tag?post=414478"}],"curies":[{"name":"wp","href":"https:\/\/api.w.org\/{rel}","templated":true}]}}