{"id":414556,"date":"2025-08-18T17:45:55","date_gmt":"2025-08-18T17:45:55","guid":{"rendered":"https:\/\/raktoras.lt\/product\/autonominis-sviestuvas-su-saules-baterija-ir-sviesos-jutikliu-50w\/"},"modified":"2025-10-18T19:49:09","modified_gmt":"2025-10-18T19:49:09","slug":"autonominis-sviestuvas-su-saules-baterija-ir-sviesos-jutikliu-50w","status":"publish","type":"product","link":"https:\/\/raktoras.lt\/ru\/product\/autonominis-sviestuvas-su-saules-baterija-ir-sviesos-jutikliu-50w\/","title":{"rendered":"Autonominis \u0161viestuvas su saul\u0117s baterija Ir \u0161viesos jutikliu 50W"},"content":{"rendered":"<p>Korpuso med\u017eiaga: Aliuminis + gr\u016bdintas stiklas<br \/>\n\tGaminio dydis: 185 x 163 x 50 mm<br \/>\n\tSaul\u0117s kolektoriaus dydis: 350 x 235 x 17 mm&nbsp;<br \/>\n\tLi\u010dio baterija: 5AH<br \/>\n\tGaminio galia: 50W 2835K<br \/>\n\tLempos modelis: LED 128 vnt.<br \/>\n\tSaul\u0117s baterijos \u012f\u0117jimo \u012ftampa: 6V\/6W<br \/>\n\tSaul\u0117s plok\u0161t\u0117: monokristalin\u0117 silicio plok\u0161tel\u0117<br \/>\n\tAtsparumo vandeniui lygis: IP65<br \/>\n\t\u0160viesos jutiklis<br \/>\n\tNuotolinio valdymo pultas&nbsp; &nbsp;<\/p>","protected":false},"excerpt":{"rendered":"<p>Korpuso med\u017eiaga: Aliuminis + gr\u016bdintas stiklas Gaminio dydis: 185 x 163 x 50 mm Saul\u0117s kolektoriaus dydis: 350 x 235 x 17 mm&nbsp; Li\u010dio baterija: 5AH Gaminio galia: 50W 2835K<\/p>","protected":false},"featured_media":419199,"comment_status":"closed","ping_status":"open","template":"","meta":[],"product_cat":[11247,10287,11499],"product_tag":[],"class_list":{"0":"post-414556","1":"product","2":"type-product","3":"status-publish","4":"has-post-thumbnail","6":"product_brand-lumio","7":"product_cat-elektriniai-akumuliatoriniai-irankiai-prekiu-katalogas","8":"product_cat-prekiu-katalogas","9":"product_cat-prozektoriai-sviestuvai-elektriniai-akumuliatoriniai-irankiai-prekiu-katalogas","11":"first","12":"instock","13":"purchasable","14":"product-type-simple"},"jetpack_sharing_enabled":true,"_links":{"self":[{"href":"https:\/\/raktoras.lt\/ru\/wp-json\/wp\/v2\/product\/414556","targetHints":{"allow":["GET"]}}],"collection":[{"href":"https:\/\/raktoras.lt\/ru\/wp-json\/wp\/v2\/product"}],"about":[{"href":"https:\/\/raktoras.lt\/ru\/wp-json\/wp\/v2\/types\/product"}],"replies":[{"embeddable":true,"href":"https:\/\/raktoras.lt\/ru\/wp-json\/wp\/v2\/comments?post=414556"}],"version-history":[{"count":1,"href":"https:\/\/raktoras.lt\/ru\/wp-json\/wp\/v2\/product\/414556\/revisions"}],"predecessor-version":[{"id":414557,"href":"https:\/\/raktoras.lt\/ru\/wp-json\/wp\/v2\/product\/414556\/revisions\/414557"}],"wp:featuredmedia":[{"embeddable":true,"href":"https:\/\/raktoras.lt\/ru\/wp-json\/wp\/v2\/media\/419199"}],"wp:attachment":[{"href":"https:\/\/raktoras.lt\/ru\/wp-json\/wp\/v2\/media?parent=414556"}],"wp:term":[{"taxonomy":"product_cat","embeddable":true,"href":"https:\/\/raktoras.lt\/ru\/wp-json\/wp\/v2\/product_cat?post=414556"},{"taxonomy":"product_tag","embeddable":true,"href":"https:\/\/raktoras.lt\/ru\/wp-json\/wp\/v2\/product_tag?post=414556"}],"curies":[{"name":"wp","href":"https:\/\/api.w.org\/{rel}","templated":true}]}}