{"id":414560,"date":"2025-08-18T17:45:55","date_gmt":"2025-08-18T17:45:55","guid":{"rendered":"https:\/\/raktoras.lt\/product\/autonominis-sviestuvas-su-saules-baterija-100w\/"},"modified":"2025-10-18T19:49:09","modified_gmt":"2025-10-18T19:49:09","slug":"autonominis-sviestuvas-su-saules-baterija-100w","status":"publish","type":"product","link":"https:\/\/raktoras.lt\/ru\/product\/autonominis-sviestuvas-su-saules-baterija-100w\/","title":{"rendered":"Autonominis \u0161viestuvas su saul\u0117s baterija  100W"},"content":{"rendered":"<p>Korpuso med\u017eiaga: ABS plastikas<br \/>\n\tGaminio dydis: 210 x 208 x 63 mm<br \/>\n\tSaul\u0117s kolektoriaus dydis: 350 x 350 x 17 mm<br \/>\n\tLi\u010dio baterija: 10AH<br \/>\n\tGaminio galia: 100W 2835K<br \/>\n\tLempos modelis: LED 288 vnt.<br \/>\n\tSaul\u0117s baterijos \u012f\u0117jimo \u012ftampa: 6V\/12W<br \/>\n\tSaul\u0117s plok\u0161t\u0117: monokristalin\u0117 silicio plok\u0161tel\u0117<br \/>\n\tAtsparumo vandeniui lygis: IP66<br \/>\n\t\u0160viesos jutiklis<br \/>\n\tNuotolinio valdymo pultas&nbsp; &nbsp; &nbsp;<\/p>","protected":false},"excerpt":{"rendered":"<p>Korpuso med\u017eiaga: ABS plastikas Gaminio dydis: 210 x 208 x 63 mm Saul\u0117s kolektoriaus dydis: 350 x 350 x 17 mm Li\u010dio baterija: 10AH Gaminio galia: 100W 2835K Lempos modelis:<\/p>","protected":false},"featured_media":419201,"comment_status":"closed","ping_status":"open","template":"","meta":[],"product_cat":[11247,10287,11499],"product_tag":[],"class_list":{"0":"post-414560","1":"product","2":"type-product","3":"status-publish","4":"has-post-thumbnail","6":"product_brand-lumio","7":"product_cat-elektriniai-akumuliatoriniai-irankiai-prekiu-katalogas","8":"product_cat-prekiu-katalogas","9":"product_cat-prozektoriai-sviestuvai-elektriniai-akumuliatoriniai-irankiai-prekiu-katalogas","11":"first","12":"instock","13":"purchasable","14":"product-type-simple"},"jetpack_sharing_enabled":true,"_links":{"self":[{"href":"https:\/\/raktoras.lt\/ru\/wp-json\/wp\/v2\/product\/414560","targetHints":{"allow":["GET"]}}],"collection":[{"href":"https:\/\/raktoras.lt\/ru\/wp-json\/wp\/v2\/product"}],"about":[{"href":"https:\/\/raktoras.lt\/ru\/wp-json\/wp\/v2\/types\/product"}],"replies":[{"embeddable":true,"href":"https:\/\/raktoras.lt\/ru\/wp-json\/wp\/v2\/comments?post=414560"}],"version-history":[{"count":1,"href":"https:\/\/raktoras.lt\/ru\/wp-json\/wp\/v2\/product\/414560\/revisions"}],"predecessor-version":[{"id":414561,"href":"https:\/\/raktoras.lt\/ru\/wp-json\/wp\/v2\/product\/414560\/revisions\/414561"}],"wp:featuredmedia":[{"embeddable":true,"href":"https:\/\/raktoras.lt\/ru\/wp-json\/wp\/v2\/media\/419201"}],"wp:attachment":[{"href":"https:\/\/raktoras.lt\/ru\/wp-json\/wp\/v2\/media?parent=414560"}],"wp:term":[{"taxonomy":"product_cat","embeddable":true,"href":"https:\/\/raktoras.lt\/ru\/wp-json\/wp\/v2\/product_cat?post=414560"},{"taxonomy":"product_tag","embeddable":true,"href":"https:\/\/raktoras.lt\/ru\/wp-json\/wp\/v2\/product_tag?post=414560"}],"curies":[{"name":"wp","href":"https:\/\/api.w.org\/{rel}","templated":true}]}}