{"id":414702,"date":"2025-08-18T17:46:36","date_gmt":"2025-08-18T17:46:36","guid":{"rendered":"https:\/\/raktoras.lt\/product\/tepimo-tasku-rinkinys-110vnt\/"},"modified":"2025-11-17T16:26:45","modified_gmt":"2025-11-17T16:26:45","slug":"tepimo-tasku-rinkinys-110vnt","status":"publish","type":"product","link":"https:\/\/raktoras.lt\/ru\/product\/tepimo-tasku-rinkinys-110vnt\/","title":{"rendered":"Tepimo ta\u0161k\u0173 rinkinys 110vnt."},"content":{"rendered":"<p>M6 x 1 mm &#8211; 50 vnt. ties\u016bs<br \/>\n\tM6 x 1 mm &#8211; 5 vnt. 45 &deg;<br \/>\n\tM6 x 1 mm &#8211; 5 vnt. 90 &deg;<br \/>\n\tM8 x 1 mm &#8211; 5 vnt. ties\u016bs<br \/>\n\tM8 x 1 mm &#8211; 10 vnt. 45 &deg;<br \/>\n\tM8 x 1 mm &#8211; 5 vnt 90 &deg;<br \/>\n\tM10 x 1 mm &#8211; 10 vnt. ties\u016bs<br \/>\n\tM10 x 1 mm &#8211; 5 vnt 45 &deg;<br \/>\n\tM10 x 1 mm &#8211; 5 vnt 90 &deg;&nbsp;<\/p>","protected":false},"excerpt":{"rendered":"<p>M6 x 1 mm &#8211; 50 vnt. ties\u016bs M6 x 1 mm &#8211; 5 vnt. 45 &deg; M6 x 1 mm &#8211; 5 vnt. 90 &deg; M8 x 1 mm<\/p>","protected":false},"featured_media":419276,"comment_status":"closed","ping_status":"closed","template":"","meta":[],"product_cat":[11129,10287,11153],"product_tag":[],"class_list":{"0":"post-414702","1":"product","2":"type-product","3":"status-publish","4":"has-post-thumbnail","6":"product_cat-alyvos-keitimas-tepimo-irankiai-prekiu-katalogas","7":"product_cat-prekiu-katalogas","8":"product_cat-tepimo-taskai-alyvos-keitimas-tepimo-irankiai-prekiu-katalogas","10":"first","11":"instock","12":"purchasable","13":"product-type-simple"},"jetpack_sharing_enabled":true,"_links":{"self":[{"href":"https:\/\/raktoras.lt\/ru\/wp-json\/wp\/v2\/product\/414702","targetHints":{"allow":["GET"]}}],"collection":[{"href":"https:\/\/raktoras.lt\/ru\/wp-json\/wp\/v2\/product"}],"about":[{"href":"https:\/\/raktoras.lt\/ru\/wp-json\/wp\/v2\/types\/product"}],"replies":[{"embeddable":true,"href":"https:\/\/raktoras.lt\/ru\/wp-json\/wp\/v2\/comments?post=414702"}],"version-history":[{"count":1,"href":"https:\/\/raktoras.lt\/ru\/wp-json\/wp\/v2\/product\/414702\/revisions"}],"predecessor-version":[{"id":414703,"href":"https:\/\/raktoras.lt\/ru\/wp-json\/wp\/v2\/product\/414702\/revisions\/414703"}],"wp:featuredmedia":[{"embeddable":true,"href":"https:\/\/raktoras.lt\/ru\/wp-json\/wp\/v2\/media\/419276"}],"wp:attachment":[{"href":"https:\/\/raktoras.lt\/ru\/wp-json\/wp\/v2\/media?parent=414702"}],"wp:term":[{"taxonomy":"product_cat","embeddable":true,"href":"https:\/\/raktoras.lt\/ru\/wp-json\/wp\/v2\/product_cat?post=414702"},{"taxonomy":"product_tag","embeddable":true,"href":"https:\/\/raktoras.lt\/ru\/wp-json\/wp\/v2\/product_tag?post=414702"}],"curies":[{"name":"wp","href":"https:\/\/api.w.org\/{rel}","templated":true}]}}