{"id":414704,"date":"2025-08-18T17:46:36","date_gmt":"2025-08-18T17:46:36","guid":{"rendered":"https:\/\/raktoras.lt\/product\/susitraukianciu-zarneliu-kembriku-rinkinys-127vnt\/"},"modified":"2025-10-18T18:55:06","modified_gmt":"2025-10-18T18:55:06","slug":"susitraukianciu-zarneliu-kembriku-rinkinys-127vnt","status":"publish","type":"product","link":"https:\/\/raktoras.lt\/ru\/product\/susitraukianciu-zarneliu-kembriku-rinkinys-127vnt\/","title":{"rendered":"Susitraukian\u010di\u0173 \u017earneli\u0173 (kembrik\u0173) rinkinys 127vnt."},"content":{"rendered":"<p>30 vnt. 2.0 x 40 mm<br \/>\n\t25 vnt. 2.5 x 40 mm<br \/>\n\t20 vnt. 3.5 x 40 mm<br \/>\n\t20 vnt. 5.0 x 40 mm<br \/>\n\t16 vnt. 7.0 x 80 mm<br \/>\n\t8 vnt. 10.0 x 80 mm<br \/>\n\t8 vnt. 13.0 x 85 mm<br \/>\n\tMax temperat\u016bra 125&deg; C<br \/>\n\tMax \u012ftampa 600 V&nbsp;<\/p>","protected":false},"excerpt":{"rendered":"<p>30 vnt. 2.0 x 40 mm 25 vnt. 2.5 x 40 mm 20 vnt. 3.5 x 40 mm 20 vnt. 5.0 x 40 mm 16 vnt. 7.0 x 80 mm<\/p>","protected":false},"featured_media":419277,"comment_status":"closed","ping_status":"open","template":"","meta":[],"product_cat":[11180,10287,11506],"product_tag":[],"class_list":{"0":"post-414704","1":"product","2":"type-product","3":"status-publish","4":"has-post-thumbnail","6":"product_cat-automobiliniai-priedai-ivairus-prekiu-katalogas","7":"product_cat-prekiu-katalogas","8":"product_cat-tarpines-manzetai-ziedai-savarzos-automobiliniai-priedai-ivairus-prekiu-katalogas","10":"first","11":"instock","12":"purchasable","13":"product-type-simple"},"jetpack_sharing_enabled":true,"_links":{"self":[{"href":"https:\/\/raktoras.lt\/ru\/wp-json\/wp\/v2\/product\/414704","targetHints":{"allow":["GET"]}}],"collection":[{"href":"https:\/\/raktoras.lt\/ru\/wp-json\/wp\/v2\/product"}],"about":[{"href":"https:\/\/raktoras.lt\/ru\/wp-json\/wp\/v2\/types\/product"}],"replies":[{"embeddable":true,"href":"https:\/\/raktoras.lt\/ru\/wp-json\/wp\/v2\/comments?post=414704"}],"version-history":[{"count":1,"href":"https:\/\/raktoras.lt\/ru\/wp-json\/wp\/v2\/product\/414704\/revisions"}],"predecessor-version":[{"id":414705,"href":"https:\/\/raktoras.lt\/ru\/wp-json\/wp\/v2\/product\/414704\/revisions\/414705"}],"wp:featuredmedia":[{"embeddable":true,"href":"https:\/\/raktoras.lt\/ru\/wp-json\/wp\/v2\/media\/419277"}],"wp:attachment":[{"href":"https:\/\/raktoras.lt\/ru\/wp-json\/wp\/v2\/media?parent=414704"}],"wp:term":[{"taxonomy":"product_cat","embeddable":true,"href":"https:\/\/raktoras.lt\/ru\/wp-json\/wp\/v2\/product_cat?post=414704"},{"taxonomy":"product_tag","embeddable":true,"href":"https:\/\/raktoras.lt\/ru\/wp-json\/wp\/v2\/product_tag?post=414704"}],"curies":[{"name":"wp","href":"https:\/\/api.w.org\/{rel}","templated":true}]}}