{"id":414772,"date":"2025-08-18T17:46:43","date_gmt":"2025-08-18T17:46:43","guid":{"rendered":"https:\/\/raktoras.lt\/product\/adapteriu-smuginiu-rinkinys-6vnt\/"},"modified":"2025-10-18T18:55:04","modified_gmt":"2025-10-18T18:55:04","slug":"adapteriu-smuginiu-rinkinys-6vnt","status":"publish","type":"product","link":"https:\/\/raktoras.lt\/ru\/product\/adapteriu-smuginiu-rinkinys-6vnt\/","title":{"rendered":"Adapteri\u0173 sm\u016bgini\u0173 rinkinys 6vnt."},"content":{"rendered":"<p>Adapteriai pagaminti i\u0161 auk\u0161\u010diausios kokyb\u0117s chromo molibdeno legiruoto plieno, kuris pasi\u017eymi dideliu stiprumu, geru kietumu ir puikiu atsparumu sm\u016bgiams, u\u017etikrinant jo ilgaam\u017ei\u0161kum\u0105 ir patikimum\u0105. lengvai praple\u010diant galvu\u010di\u0173 asortiment\u0105, \u0161is komplektas suteikia daugiau lankstumo<\/p>\n<p>3\/4 &quot;&rarr; 1\/2&quot; &#8211; H &#8211; 50 mm<br \/>\n\t1\/2 &quot;&rarr; 3\/4&quot; &#8211; H &#8211; 45 mm<br \/>\n\t3\/8 &quot;&rarr; 1\/2&quot; &#8211; H &#8211; 35 mm<br \/>\n\t1\/2 &quot;&rarr; 3\/8&quot; &#8211; H &#8211; 35 mm<br \/>\n\t3\/8 &quot;&rarr; 1\/4&quot; &#8211; H &#8211; 25 mm<br \/>\n\t1\/4 &quot;&rarr; 3\/8&quot; &#8211; H &#8211; 25 mm&nbsp;<\/p>","protected":false},"excerpt":{"rendered":"<p>Adapteriai pagaminti i\u0161 auk\u0161\u010diausios kokyb\u0117s chromo molibdeno legiruoto plieno, kuris pasi\u017eymi dideliu stiprumu, geru kietumu ir puikiu atsparumu sm\u016bgiams, u\u017etikrinant jo ilgaam\u017ei\u0161kum\u0105 ir patikimum\u0105. lengvai praple\u010diant galvu\u010di\u0173 asortiment\u0105, \u0161is komplektas<\/p>","protected":false},"featured_media":419312,"comment_status":"closed","ping_status":"open","template":"","meta":[],"product_cat":[11215,10287,11080,11508],"product_tag":[],"class_list":{"0":"post-414772","1":"product","2":"type-product","3":"status-publish","4":"has-post-thumbnail","6":"product_cat-galvutes-adapteriai-rankiniai-irankiai","7":"product_cat-prekiu-katalogas","8":"product_cat-rankiniai-irankiai","9":"product_cat-smuginiai-adapteriai-ir-rinkiniai-galvutes-adapteriai-rankiniai-irankiai","11":"first","12":"instock","13":"purchasable","14":"product-type-simple"},"jetpack_sharing_enabled":true,"_links":{"self":[{"href":"https:\/\/raktoras.lt\/ru\/wp-json\/wp\/v2\/product\/414772","targetHints":{"allow":["GET"]}}],"collection":[{"href":"https:\/\/raktoras.lt\/ru\/wp-json\/wp\/v2\/product"}],"about":[{"href":"https:\/\/raktoras.lt\/ru\/wp-json\/wp\/v2\/types\/product"}],"replies":[{"embeddable":true,"href":"https:\/\/raktoras.lt\/ru\/wp-json\/wp\/v2\/comments?post=414772"}],"version-history":[{"count":1,"href":"https:\/\/raktoras.lt\/ru\/wp-json\/wp\/v2\/product\/414772\/revisions"}],"predecessor-version":[{"id":414773,"href":"https:\/\/raktoras.lt\/ru\/wp-json\/wp\/v2\/product\/414772\/revisions\/414773"}],"wp:featuredmedia":[{"embeddable":true,"href":"https:\/\/raktoras.lt\/ru\/wp-json\/wp\/v2\/media\/419312"}],"wp:attachment":[{"href":"https:\/\/raktoras.lt\/ru\/wp-json\/wp\/v2\/media?parent=414772"}],"wp:term":[{"taxonomy":"product_cat","embeddable":true,"href":"https:\/\/raktoras.lt\/ru\/wp-json\/wp\/v2\/product_cat?post=414772"},{"taxonomy":"product_tag","embeddable":true,"href":"https:\/\/raktoras.lt\/ru\/wp-json\/wp\/v2\/product_tag?post=414772"}],"curies":[{"name":"wp","href":"https:\/\/api.w.org\/{rel}","templated":true}]}}