{"id":414836,"date":"2025-08-18T17:47:01","date_gmt":"2025-08-18T17:47:01","guid":{"rendered":"https:\/\/raktoras.lt\/product\/terksle-reversines-rinkinys-3vnt-60th-120xp-ovalo-formos-galvute-metaline-rankena\/"},"modified":"2026-01-03T00:01:43","modified_gmt":"2026-01-03T00:01:43","slug":"terksle-reversines-rinkinys-3vnt-60th-120xp-ovalo-formos-galvute-metaline-rankena","status":"publish","type":"product","link":"https:\/\/raktoras.lt\/ru\/product\/terksle-reversines-rinkinys-3vnt-60th-120xp-ovalo-formos-galvute-metaline-rankena\/","title":{"rendered":"Terk\u0161l\u0117 reversin\u0117s rinkinys 3vnt. 60TH 120XP (ovalo formos galvut\u0117, metaline rankena)"},"content":{"rendered":"<p>Sukurtas su 120 dantuk\u0173, pasuka tvirtinimo detales 3&deg; kampu<br \/>\n\tSukurtas su dviem dvigubais 60 dantukais, kad b\u016bt\u0173 u\u017etikrintas i\u0161skirtinis tvirtumas<br \/>\n\tU\u017edaroji terk\u0161l\u0117s galvut\u0117s konstrukcija apsaugo nuo ne\u0161varum\u0173 \u012fsiskverbimo ir u\u017etikrina nuolatin\u012f ir efektyv\u0173 veikim\u0105<br \/>\n\tIki 50 % plonesnis nei \u012fprastos terk\u0161lin\u0117s sistemos<br \/>\n\tOvalo forma, \u017eemo profilio galvut\u0117 ir \u012fleid\u017eiamas \u012fjungimo \/ i\u0161jungimo jungiklis leid\u017eia geriau pasiekti ank\u0161tose vietose<br \/>\n\t\u012egilinta atbulin\u0117s eigos svirtis leid\u017eia vartotojui keisti krypt\u012f viena ranka nenuimant ver\u017eliarak\u010dio&nbsp;<\/p>","protected":false},"excerpt":{"rendered":"<p>Sukurtas su 120 dantuk\u0173, pasuka tvirtinimo detales 3&deg; kampu Sukurtas su dviem dvigubais 60 dantukais, kad b\u016bt\u0173 u\u017etikrintas i\u0161skirtinis tvirtumas U\u017edaroji terk\u0161l\u0117s galvut\u0117s konstrukcija apsaugo nuo ne\u0161varum\u0173 \u012fsiskverbimo ir u\u017etikrina<\/p>","protected":false},"featured_media":419344,"comment_status":"closed","ping_status":"closed","template":"","meta":[],"product_cat":[11216,11215,10287,11080],"product_tag":[],"class_list":{"0":"post-414836","1":"product","2":"type-product","3":"status-publish","4":"has-post-thumbnail","6":"product_brand-sata","7":"product_cat-1-2-galvutes-galvuciu-priedai-galvutes-adapteriai-rankiniai-irankiai","8":"product_cat-galvutes-adapteriai-rankiniai-irankiai","9":"product_cat-prekiu-katalogas","10":"product_cat-rankiniai-irankiai","12":"first","13":"instock","14":"purchasable","15":"product-type-simple"},"jetpack_sharing_enabled":true,"_links":{"self":[{"href":"https:\/\/raktoras.lt\/ru\/wp-json\/wp\/v2\/product\/414836","targetHints":{"allow":["GET"]}}],"collection":[{"href":"https:\/\/raktoras.lt\/ru\/wp-json\/wp\/v2\/product"}],"about":[{"href":"https:\/\/raktoras.lt\/ru\/wp-json\/wp\/v2\/types\/product"}],"replies":[{"embeddable":true,"href":"https:\/\/raktoras.lt\/ru\/wp-json\/wp\/v2\/comments?post=414836"}],"version-history":[{"count":1,"href":"https:\/\/raktoras.lt\/ru\/wp-json\/wp\/v2\/product\/414836\/revisions"}],"predecessor-version":[{"id":414837,"href":"https:\/\/raktoras.lt\/ru\/wp-json\/wp\/v2\/product\/414836\/revisions\/414837"}],"wp:featuredmedia":[{"embeddable":true,"href":"https:\/\/raktoras.lt\/ru\/wp-json\/wp\/v2\/media\/419344"}],"wp:attachment":[{"href":"https:\/\/raktoras.lt\/ru\/wp-json\/wp\/v2\/media?parent=414836"}],"wp:term":[{"taxonomy":"product_cat","embeddable":true,"href":"https:\/\/raktoras.lt\/ru\/wp-json\/wp\/v2\/product_cat?post=414836"},{"taxonomy":"product_tag","embeddable":true,"href":"https:\/\/raktoras.lt\/ru\/wp-json\/wp\/v2\/product_tag?post=414836"}],"curies":[{"name":"wp","href":"https:\/\/api.w.org\/{rel}","templated":true}]}}