{"id":414902,"date":"2025-08-18T17:47:18","date_gmt":"2025-08-18T17:47:18","guid":{"rendered":"https:\/\/raktoras.lt\/product\/irankiu-spintele-7-iu-stalciu\/"},"modified":"2026-01-09T19:02:53","modified_gmt":"2026-01-09T19:02:53","slug":"irankiu-spintele-7-iu-stalciu","status":"publish","type":"product","link":"https:\/\/raktoras.lt\/ru\/product\/irankiu-spintele-7-iu-stalciu\/","title":{"rendered":"\u012eranki\u0173 spintel\u0117 7-i\u0173 stal\u010di\u0173"},"content":{"rendered":"<p>Matmenys su ratukais 770 x 480 x 970 mm<br \/>\n7 stal\u010diai:<br \/>\n5 \u2013 535 x 400 x 65 mm\u00a0(atlaiko iki 25 kg apkrov\u0105)<br \/>\n1 \u2013 535 x 400 x 135 mm\u00a0(atlaiko iki 35 kg apkrov\u0105)<br \/>\n1 \u2013 535 x 400 x 216 mm\u00a0(atlaiko iki 35 kg apkrov\u0105)<br \/>\nPakuot\u0117s matmenys 790 x 500 x 1000 mm<br \/>\nSvoris 62 kg<\/p>\n<p>D\u0116MESIO! \u0160IAI PREKEI TAIKOMAS PRISTATYMO MOKESTIS.<\/p>","protected":false},"excerpt":{"rendered":"<p>Matmenys su ratukais 770 x 480 x 970 mm 7 stal\u010diai: 5 \u2013 535 x 400 x 65 mm\u00a0(atlaiko iki 25 kg apkrov\u0105) 1 \u2013 535 x 400 x 135<\/p>","protected":false},"featured_media":419377,"comment_status":"closed","ping_status":"closed","template":"","meta":[],"product_cat":[11095,11448,11096,10287],"product_tag":[],"class_list":{"0":"post-414902","1":"product","2":"type-product","3":"status-publish","4":"has-post-thumbnail","6":"product_brand-changlu-tools","7":"product_cat-autoservisu-iranga-prekiu-katalogas","8":"product_cat-irankiu-spinteles-irankiu-spinteles-dezes-vezimeliai-darbastaliai-autoservisu-iranga-prekiu-katalogas","9":"product_cat-irankiu-spinteles-dezes-vezimeliai-darbastaliai-autoservisu-iranga-prekiu-katalogas","10":"product_cat-prekiu-katalogas","12":"first","13":"instock","14":"purchasable","15":"product-type-simple"},"jetpack_sharing_enabled":true,"_links":{"self":[{"href":"https:\/\/raktoras.lt\/ru\/wp-json\/wp\/v2\/product\/414902","targetHints":{"allow":["GET"]}}],"collection":[{"href":"https:\/\/raktoras.lt\/ru\/wp-json\/wp\/v2\/product"}],"about":[{"href":"https:\/\/raktoras.lt\/ru\/wp-json\/wp\/v2\/types\/product"}],"replies":[{"embeddable":true,"href":"https:\/\/raktoras.lt\/ru\/wp-json\/wp\/v2\/comments?post=414902"}],"version-history":[{"count":3,"href":"https:\/\/raktoras.lt\/ru\/wp-json\/wp\/v2\/product\/414902\/revisions"}],"predecessor-version":[{"id":422434,"href":"https:\/\/raktoras.lt\/ru\/wp-json\/wp\/v2\/product\/414902\/revisions\/422434"}],"wp:featuredmedia":[{"embeddable":true,"href":"https:\/\/raktoras.lt\/ru\/wp-json\/wp\/v2\/media\/419377"}],"wp:attachment":[{"href":"https:\/\/raktoras.lt\/ru\/wp-json\/wp\/v2\/media?parent=414902"}],"wp:term":[{"taxonomy":"product_cat","embeddable":true,"href":"https:\/\/raktoras.lt\/ru\/wp-json\/wp\/v2\/product_cat?post=414902"},{"taxonomy":"product_tag","embeddable":true,"href":"https:\/\/raktoras.lt\/ru\/wp-json\/wp\/v2\/product_tag?post=414902"}],"curies":[{"name":"wp","href":"https:\/\/api.w.org\/{rel}","templated":true}]}}