{"id":414976,"date":"2025-08-18T17:47:36","date_gmt":"2025-08-18T17:47:36","guid":{"rendered":"https:\/\/raktoras.lt\/product\/transmisijos-domkratas-0-6t\/"},"modified":"2025-10-02T17:19:29","modified_gmt":"2025-10-02T17:19:29","slug":"transmisijos-domkratas-0-6t","status":"publish","type":"product","link":"https:\/\/raktoras.lt\/ru\/product\/transmisijos-domkratas-0-6t\/","title":{"rendered":"Transmisijos domkratas 0.6t"},"content":{"rendered":"<p>Keliamoji galia 0.6 t<br \/>\nMin auk\u0161tis 1230 mm<br \/>\nMax auk\u0161tis 2055 mm<br \/>\nSvoris 29 kg<br \/>\nCE atitiktis<\/p>\n<p>Pakuot\u0117s matmenys 1100 x 210 x 230 mm &#8211; 34 kg<\/p>","protected":false},"excerpt":{"rendered":"<p>Keliamoji galia 0.6 t Min auk\u0161tis 1230 mm Max auk\u0161tis 2055 mm Svoris 29 kg CE atitiktis Pakuot\u0117s matmenys 1100 x 210 x 230 mm &#8211; 34 kg<\/p>","protected":false},"featured_media":419414,"comment_status":"closed","ping_status":"closed","template":"","meta":[],"product_cat":[11095,11244,10287,11279],"product_tag":[],"class_list":{"0":"post-414976","1":"product","2":"type-product","3":"status-publish","4":"has-post-thumbnail","6":"product_brand-tongli","7":"product_cat-autoservisu-iranga-prekiu-katalogas","8":"product_cat-domkratai-autoservisu-iranga-prekiu-katalogas","9":"product_cat-prekiu-katalogas","10":"product_cat-transmisijos-domkratai-domkratai-autoservisu-iranga-prekiu-katalogas","12":"first","13":"outofstock","14":"purchasable","15":"product-type-simple"},"jetpack_sharing_enabled":true,"_links":{"self":[{"href":"https:\/\/raktoras.lt\/ru\/wp-json\/wp\/v2\/product\/414976","targetHints":{"allow":["GET"]}}],"collection":[{"href":"https:\/\/raktoras.lt\/ru\/wp-json\/wp\/v2\/product"}],"about":[{"href":"https:\/\/raktoras.lt\/ru\/wp-json\/wp\/v2\/types\/product"}],"replies":[{"embeddable":true,"href":"https:\/\/raktoras.lt\/ru\/wp-json\/wp\/v2\/comments?post=414976"}],"version-history":[{"count":2,"href":"https:\/\/raktoras.lt\/ru\/wp-json\/wp\/v2\/product\/414976\/revisions"}],"predecessor-version":[{"id":419885,"href":"https:\/\/raktoras.lt\/ru\/wp-json\/wp\/v2\/product\/414976\/revisions\/419885"}],"wp:featuredmedia":[{"embeddable":true,"href":"https:\/\/raktoras.lt\/ru\/wp-json\/wp\/v2\/media\/419414"}],"wp:attachment":[{"href":"https:\/\/raktoras.lt\/ru\/wp-json\/wp\/v2\/media?parent=414976"}],"wp:term":[{"taxonomy":"product_cat","embeddable":true,"href":"https:\/\/raktoras.lt\/ru\/wp-json\/wp\/v2\/product_cat?post=414976"},{"taxonomy":"product_tag","embeddable":true,"href":"https:\/\/raktoras.lt\/ru\/wp-json\/wp\/v2\/product_tag?post=414976"}],"curies":[{"name":"wp","href":"https:\/\/api.w.org\/{rel}","templated":true}]}}