{"id":415020,"date":"2025-08-18T17:47:43","date_gmt":"2025-08-18T17:47:43","guid":{"rendered":"https:\/\/raktoras.lt\/product\/skaitmenines-pakabinamos-svarstykles-su-kabliu-300kg\/"},"modified":"2025-12-07T14:24:11","modified_gmt":"2025-12-07T14:24:11","slug":"skaitmenines-pakabinamos-svarstykles-su-kabliu-300kg","status":"publish","type":"product","link":"https:\/\/raktoras.lt\/ru\/product\/skaitmenines-pakabinamos-svarstykles-su-kabliu-300kg\/","title":{"rendered":"Skaitmenin\u0117s pakabinamos svarstykl\u0117s su kabliu 300kg"},"content":{"rendered":"<p>Skaitmenin\u0117s pakabinamos svarstykl\u0117s su kabliu, gali b\u016bti naudojamos sand\u0117liuose, parduotuv\u0117se ir transporto \u012fmon\u0117se. Skaitmeniui stabilizuoti prireikia ma\u017eiau nei 10 sekund\u017ei\u0173. Svarstykl\u0117s maitinamos 3 AA baterijomis, su kuriomis svarstykl\u0117s veiks apie 150 valand\u0173. Jame yra lengvai skaitomas LCD ekranas. Sustiprinta deformacijos matuoklio jutiklio konstrukcija, 8 mm storio. Galimyb\u0117 keisti matavimo vienetus (kg, lb, N).&nbsp;<br \/>\n\tKorpusas pagamintas i\u0161 aliuminio ir garantuoja atsparum\u0105 sm\u016bgiams. Be to, turi nuimam\u0105 kabliuk\u0105.<br \/>\n\tPrek\u0117s savyb\u0117s:<br \/>\n\tTaravimas (TARE)<br \/>\n\tRezultato sulaikymas (HOLD)<br \/>\n\tNulinis nustatymas (ZERO)<br \/>\n\tVieneto keitimas (UNIT)<br \/>\n\tMiegojimo rezimas<br \/>\n\t\u012esp\u0117jimas apie perkrov\u0105<\/p>\n<p>Specifikacijos:<br \/>\n\tMaitinimas: 3 x AA 1.5V baterijos (Komplekte yra)<br \/>\n\tSv\u0117rimo tikslumas: 0.1<br \/>\n\tSv\u0117rimo diapazonas: 0.2 &#8211; 300 kg<br \/>\n\tI\u0161matavimai: g, kg, lb,<br \/>\n\tLCD ekranas<br \/>\n\tSkaitmen\u0173 auk\u0161tis: 16 mm<br \/>\n\tMatmenys: 265 x 46 x 65 mm<br \/>\n\tSvoris: apytiksl. 0.6 kg<br \/>\n\t\u017dinut\u0117s:<br \/>\n\tO-ld &ndash; perkrova (per didelis gaminio svoris)<br \/>\n\tLo &#8211; senka baterija<\/p>","protected":false},"excerpt":{"rendered":"<p>Skaitmenin\u0117s pakabinamos svarstykl\u0117s su kabliu, gali b\u016bti naudojamos sand\u0117liuose, parduotuv\u0117se ir transporto \u012fmon\u0117se. Skaitmeniui stabilizuoti prireikia ma\u017eiau nei 10 sekund\u017ei\u0173. Svarstykl\u0117s maitinamos 3 AA baterijomis, su kuriomis svarstykl\u0117s veiks apie<\/p>","protected":false},"featured_media":419436,"comment_status":"closed","ping_status":"closed","template":"","meta":[],"product_cat":[11367,10287,11491,10563],"product_tag":[],"class_list":{"0":"post-415020","1":"product","2":"type-product","3":"status-publish","4":"has-post-thumbnail","6":"product_cat-matavimo-ir-zymejimo-priemones-prekiu-katalogas","7":"product_cat-prekiu-katalogas","8":"product_cat-ruletes-liniuotes-matuokliai-matavimo-ir-zymejimo-priemones-prekiu-katalogas","9":"product_cat-znyples","11":"first","12":"outofstock","13":"purchasable","14":"product-type-simple"},"jetpack_sharing_enabled":true,"_links":{"self":[{"href":"https:\/\/raktoras.lt\/ru\/wp-json\/wp\/v2\/product\/415020","targetHints":{"allow":["GET"]}}],"collection":[{"href":"https:\/\/raktoras.lt\/ru\/wp-json\/wp\/v2\/product"}],"about":[{"href":"https:\/\/raktoras.lt\/ru\/wp-json\/wp\/v2\/types\/product"}],"replies":[{"embeddable":true,"href":"https:\/\/raktoras.lt\/ru\/wp-json\/wp\/v2\/comments?post=415020"}],"version-history":[{"count":1,"href":"https:\/\/raktoras.lt\/ru\/wp-json\/wp\/v2\/product\/415020\/revisions"}],"predecessor-version":[{"id":415021,"href":"https:\/\/raktoras.lt\/ru\/wp-json\/wp\/v2\/product\/415020\/revisions\/415021"}],"wp:featuredmedia":[{"embeddable":true,"href":"https:\/\/raktoras.lt\/ru\/wp-json\/wp\/v2\/media\/419436"}],"wp:attachment":[{"href":"https:\/\/raktoras.lt\/ru\/wp-json\/wp\/v2\/media?parent=415020"}],"wp:term":[{"taxonomy":"product_cat","embeddable":true,"href":"https:\/\/raktoras.lt\/ru\/wp-json\/wp\/v2\/product_cat?post=415020"},{"taxonomy":"product_tag","embeddable":true,"href":"https:\/\/raktoras.lt\/ru\/wp-json\/wp\/v2\/product_tag?post=415020"}],"curies":[{"name":"wp","href":"https:\/\/api.w.org\/{rel}","templated":true}]}}