{"id":415160,"date":"2025-08-18T17:48:08","date_gmt":"2025-08-18T17:48:08","guid":{"rendered":"https:\/\/raktoras.lt\/product\/ev-bateriju-hidraulinis-keltuvas-zirklinis-1t-220v\/"},"modified":"2025-10-02T16:19:03","modified_gmt":"2025-10-02T16:19:03","slug":"ev-bateriju-hidraulinis-keltuvas-zirklinis-1t-220v","status":"publish","type":"product","link":"https:\/\/raktoras.lt\/ru\/product\/ev-bateriju-hidraulinis-keltuvas-zirklinis-1t-220v\/","title":{"rendered":"EV baterij\u0173 hidraulinis keltuvas (\u017eirklinis) 1t, 220V"},"content":{"rendered":"<p>Galingumas 1.0 t<br \/>\nHidraulinis fiksavimas<br \/>\nK\u0117limo auk\u0161tis 1800 mm<br \/>\nMin auk\u0161tis 450 mm<br \/>\nPlatformos ilgis x plotis 1300 x 900 mm<br \/>\nGabaritiniai matmenys 1905 x 1016 x 450 mm<br \/>\nPak\u0117limo\/nuleidimo laikas &lt;55 s<br \/>\nVariklis 0.75 kW, 220 V<br \/>\nDarbin\u0117 temperat\u016bra 5\u00b0 C +40\u00b0 C<br \/>\nTriuk\u0161mo lygis &lt;70 dB<br \/>\nAlyvos talpa ir r\u016b\u0161is 15 l ISO VG 32\/46<br \/>\nSvoris 390 kg<br \/>\nCE atitiktis<br \/>\n12 m\u0117nesi\u0173 garantija<\/p>","protected":false},"excerpt":{"rendered":"<p>Galingumas 1.0 t Hidraulinis fiksavimas K\u0117limo auk\u0161tis 1800 mm Min auk\u0161tis 450 mm Platformos ilgis x plotis 1300 x 900 mm Gabaritiniai matmenys 1905 x 1016 x 450 mm Pak\u0117limo\/nuleidimo<\/p>","protected":false},"featured_media":419506,"comment_status":"closed","ping_status":"closed","template":"","meta":[],"product_cat":[11326,11095,10287,11415],"product_tag":[],"class_list":{"0":"post-415160","1":"product","2":"type-product","3":"status-publish","4":"has-post-thumbnail","6":"product_brand-puli","7":"product_cat-automobiliu-motociklu-keltuvai-autoservisu-iranga-prekiu-katalogas","8":"product_cat-autoservisu-iranga-prekiu-katalogas","9":"product_cat-prekiu-katalogas","10":"product_cat-zirkliniai-keltuvai-automobiliu-motociklu-keltuvai-autoservisu-iranga-prekiu-katalogas","12":"first","13":"outofstock","14":"purchasable","15":"product-type-simple"},"jetpack_sharing_enabled":true,"_links":{"self":[{"href":"https:\/\/raktoras.lt\/ru\/wp-json\/wp\/v2\/product\/415160","targetHints":{"allow":["GET"]}}],"collection":[{"href":"https:\/\/raktoras.lt\/ru\/wp-json\/wp\/v2\/product"}],"about":[{"href":"https:\/\/raktoras.lt\/ru\/wp-json\/wp\/v2\/types\/product"}],"replies":[{"embeddable":true,"href":"https:\/\/raktoras.lt\/ru\/wp-json\/wp\/v2\/comments?post=415160"}],"version-history":[{"count":2,"href":"https:\/\/raktoras.lt\/ru\/wp-json\/wp\/v2\/product\/415160\/revisions"}],"predecessor-version":[{"id":419784,"href":"https:\/\/raktoras.lt\/ru\/wp-json\/wp\/v2\/product\/415160\/revisions\/419784"}],"wp:featuredmedia":[{"embeddable":true,"href":"https:\/\/raktoras.lt\/ru\/wp-json\/wp\/v2\/media\/419506"}],"wp:attachment":[{"href":"https:\/\/raktoras.lt\/ru\/wp-json\/wp\/v2\/media?parent=415160"}],"wp:term":[{"taxonomy":"product_cat","embeddable":true,"href":"https:\/\/raktoras.lt\/ru\/wp-json\/wp\/v2\/product_cat?post=415160"},{"taxonomy":"product_tag","embeddable":true,"href":"https:\/\/raktoras.lt\/ru\/wp-json\/wp\/v2\/product_tag?post=415160"}],"curies":[{"name":"wp","href":"https:\/\/api.w.org\/{rel}","templated":true}]}}