{"id":415194,"date":"2025-08-18T17:48:15","date_gmt":"2025-08-18T17:48:15","guid":{"rendered":"https:\/\/raktoras.lt\/product\/presas-su-hidrauliniu-domkratu-20t\/"},"modified":"2025-10-02T16:01:28","modified_gmt":"2025-10-02T16:01:28","slug":"presas-su-hidrauliniu-domkratu-20t","status":"publish","type":"product","link":"https:\/\/raktoras.lt\/ru\/product\/presas-su-hidrauliniu-domkratu-20t\/","title":{"rendered":"Presas su hidrauliniu domkratu 20t"},"content":{"rendered":"<p>Galia 20 t<br \/>\nCilindro eiga 160 mm<br \/>\nDarbin\u0117 zona 0 &#8211; 750 mm<br \/>\nValdymas rankinis<br \/>\nIntegruota st\u016bmoklio gr\u0105\u017einimo spyruokl\u0117<br \/>\nGabaritiniai matmenys 1800 x 820 x 700 mm<br \/>\nPakuot\u0117s matmenys 1610 x 240 x 150 mm + 170 x 180 x 250 mm<br \/>\nSvoris 78 kg<br \/>\nCE atitiktis<\/p>\n<p>Prie\u0161 prad\u0117dami naudotis presu, b\u016btinai atlaisvinkite hidraulin\u0117s pompos alsuoklio var\u017et\u0105!<\/p>","protected":false},"excerpt":{"rendered":"<p>Galia 20 t Cilindro eiga 160 mm Darbin\u0117 zona 0 &#8211; 750 mm Valdymas rankinis Integruota st\u016bmoklio gr\u0105\u017einimo spyruokl\u0117 Gabaritiniai matmenys 1800 x 820 x 700 mm Pakuot\u0117s matmenys 1610<\/p>","protected":false},"featured_media":419523,"comment_status":"closed","ping_status":"closed","template":"","meta":[],"product_cat":[11131,11132,10287],"product_tag":[],"class_list":{"0":"post-415194","1":"product","2":"type-product","3":"status-publish","4":"has-post-thumbnail","6":"product_brand-tongli","7":"product_cat-hidrauline-iranga-prekiu-katalogas","8":"product_cat-hidrauliniai-presai","9":"product_cat-prekiu-katalogas","11":"first","12":"instock","13":"purchasable","14":"product-type-simple"},"jetpack_sharing_enabled":true,"_links":{"self":[{"href":"https:\/\/raktoras.lt\/ru\/wp-json\/wp\/v2\/product\/415194","targetHints":{"allow":["GET"]}}],"collection":[{"href":"https:\/\/raktoras.lt\/ru\/wp-json\/wp\/v2\/product"}],"about":[{"href":"https:\/\/raktoras.lt\/ru\/wp-json\/wp\/v2\/types\/product"}],"replies":[{"embeddable":true,"href":"https:\/\/raktoras.lt\/ru\/wp-json\/wp\/v2\/comments?post=415194"}],"version-history":[{"count":2,"href":"https:\/\/raktoras.lt\/ru\/wp-json\/wp\/v2\/product\/415194\/revisions"}],"predecessor-version":[{"id":419850,"href":"https:\/\/raktoras.lt\/ru\/wp-json\/wp\/v2\/product\/415194\/revisions\/419850"}],"wp:featuredmedia":[{"embeddable":true,"href":"https:\/\/raktoras.lt\/ru\/wp-json\/wp\/v2\/media\/419523"}],"wp:attachment":[{"href":"https:\/\/raktoras.lt\/ru\/wp-json\/wp\/v2\/media?parent=415194"}],"wp:term":[{"taxonomy":"product_cat","embeddable":true,"href":"https:\/\/raktoras.lt\/ru\/wp-json\/wp\/v2\/product_cat?post=415194"},{"taxonomy":"product_tag","embeddable":true,"href":"https:\/\/raktoras.lt\/ru\/wp-json\/wp\/v2\/product_tag?post=415194"}],"curies":[{"name":"wp","href":"https:\/\/api.w.org\/{rel}","templated":true}]}}