{"id":415304,"date":"2025-08-18T17:48:39","date_gmt":"2025-08-18T17:48:39","guid":{"rendered":"https:\/\/raktoras.lt\/product\/specialiu-smuginiu-galvuciu-rinkinys-sarnyrams-9vnt-m-10-m-18\/"},"modified":"2026-02-01T15:51:31","modified_gmt":"2026-02-01T15:51:31","slug":"specialiu-smuginiu-galvuciu-rinkinys-sarnyrams-9vnt-m-10-m-18","status":"publish","type":"product","link":"https:\/\/raktoras.lt\/ru\/product\/specialiu-smuginiu-galvuciu-rinkinys-sarnyrams-9vnt-m-10-m-18\/","title":{"rendered":"Speciali\u0173 sm\u016bgini\u0173 galvu\u010di\u0173 rinkinys \u0161arnyrams 9vnt. M-10 &#8211; M-18"},"content":{"rendered":"<p>Produkto taikymas:<br \/>\nSpecialiai sukurta profesionaliems mechanikams ir automobili\u0173 entuziastams. Galvu\u010di\u0173 komplektas yra sudarytas i\u0161 \u012fvairi\u0173 dyd\u017ei\u0173, atitinkan\u010di\u0173 \u0161arnyr\u0173 (rutulini\u0173 jung\u010di\u0173) sriegius, tod\u0117l juos lengviau i\u0161imti ir atlaisvinti.<br \/>\nGaminio specifikacija:<br \/>\nPasirinkite tinkam\u0105 galvut\u0119, atitinkant\u012f \u0161arnyro (rutulin\u0117s jungties) sriegio dyd\u012f. \u012estatykite galvut\u0119 ant rutulin\u0117s jungties ir pneumatiniu arba \u012fprastu plaktuku smogkite \u012f j\u012f ir taip atlaisvinkite.<br \/>\nAuk\u0161tos kokyb\u0117s chromo-molibdeno plienas. CrMo<br \/>\nJuodojo oksido pavir\u0161iaus apdorojimas apsaugo gamin\u012f nuo r\u016bd\u017ei\u0173.<br \/>\nLengvas rutulin\u0117s jungties nu\u0117mimas pneumatiniu plaktuku.<br \/>\nTaip pat gali b\u016bti naudojamas su prailginimo juosta ir \u012fprastu plaktuku.<br \/>\nSud\u0117tis:<br \/>\n1 vnt. Sm\u016bgin\u0117 galvut\u0117 (M10x P1.25)<br \/>\n1 vnt. Sm\u016bgin\u0117 galvut\u0117 (M10x P1.5)<br \/>\n1 vnt. Sm\u016bgin\u0117 galvut\u0117 (M12x P1.25)<br \/>\n1 vnt. Sm\u016bgin\u0117 galvut\u0117 (M12x P1.5)<br \/>\n1 vnt. Sm\u016bgin\u0117 galvut\u0117 (M14x P1.5)<br \/>\n1 vnt. Sm\u016bgin\u0117 galvut\u0117 (M16x P1.5)<br \/>\n1 vnt. Sm\u016bgin\u0117 galvut\u0117 (M18x P1.5)<br \/>\n1 vnt. Sm\u016bgin\u0117 rankena 200 mm ilgio<br \/>\n1 vnt. Sm\u016bginis adapteris pneumatiniam plaktukui 110 mm ilgio<\/p>\n<p><a href=\"\/ru\/images\/Userfiles\/CT4046_video.mp4\/\" target=\"_blank\" rel=\"noopener\"><img decoding=\"async\" style=\"width: 500px; height: 579px;\" src=\"\/images\/Userfiles\/CT4056_video_picture.jpg\" alt=\"\" \/><\/a><\/p>","protected":false},"excerpt":{"rendered":"<p>Produkto taikymas: Specialiai sukurta profesionaliems mechanikams ir automobili\u0173 entuziastams. Galvu\u010di\u0173 komplektas yra sudarytas i\u0161 \u012fvairi\u0173 dyd\u017ei\u0173, atitinkan\u010di\u0173 \u0161arnyr\u0173 (rutulini\u0173 jung\u010di\u0173) sriegius, tod\u0117l juos lengviau i\u0161imti ir atlaisvinti. Gaminio specifikacija: Pasirinkite<\/p>","protected":false},"featured_media":419578,"comment_status":"closed","ping_status":"closed","template":"","meta":[],"product_cat":[11095,10287,11214],"product_tag":[],"class_list":{"0":"post-415304","1":"product","2":"type-product","3":"status-publish","4":"has-post-thumbnail","6":"product_brand-ellient-tools","7":"product_cat-autoservisu-iranga-prekiu-katalogas","8":"product_cat-prekiu-katalogas","9":"product_cat-spec-galvutes-autoservisu-iranga-prekiu-katalogas","11":"first","12":"instock","13":"purchasable","14":"product-type-simple"},"jetpack_sharing_enabled":true,"_links":{"self":[{"href":"https:\/\/raktoras.lt\/ru\/wp-json\/wp\/v2\/product\/415304","targetHints":{"allow":["GET"]}}],"collection":[{"href":"https:\/\/raktoras.lt\/ru\/wp-json\/wp\/v2\/product"}],"about":[{"href":"https:\/\/raktoras.lt\/ru\/wp-json\/wp\/v2\/types\/product"}],"replies":[{"embeddable":true,"href":"https:\/\/raktoras.lt\/ru\/wp-json\/wp\/v2\/comments?post=415304"}],"version-history":[{"count":2,"href":"https:\/\/raktoras.lt\/ru\/wp-json\/wp\/v2\/product\/415304\/revisions"}],"predecessor-version":[{"id":419829,"href":"https:\/\/raktoras.lt\/ru\/wp-json\/wp\/v2\/product\/415304\/revisions\/419829"}],"wp:featuredmedia":[{"embeddable":true,"href":"https:\/\/raktoras.lt\/ru\/wp-json\/wp\/v2\/media\/419578"}],"wp:attachment":[{"href":"https:\/\/raktoras.lt\/ru\/wp-json\/wp\/v2\/media?parent=415304"}],"wp:term":[{"taxonomy":"product_cat","embeddable":true,"href":"https:\/\/raktoras.lt\/ru\/wp-json\/wp\/v2\/product_cat?post=415304"},{"taxonomy":"product_tag","embeddable":true,"href":"https:\/\/raktoras.lt\/ru\/wp-json\/wp\/v2\/product_tag?post=415304"}],"curies":[{"name":"wp","href":"https:\/\/api.w.org\/{rel}","templated":true}]}}