{"id":415382,"date":"2025-08-18T17:48:57","date_gmt":"2025-08-18T17:48:57","guid":{"rendered":"https:\/\/raktoras.lt\/product\/santechnines-reples-250mm-vde-dezutes-tipo\/"},"modified":"2025-10-02T17:30:13","modified_gmt":"2025-10-02T17:30:13","slug":"santechnines-reples-250mm-vde-dezutes-tipo","status":"publish","type":"product","link":"https:\/\/raktoras.lt\/ru\/product\/santechnines-reples-250mm-vde-dezutes-tipo\/","title":{"rendered":"Santechnin\u0117s repl\u0117s 250mm VDE d\u0117\u017eut\u0117s tipo"},"content":{"rendered":"<p>Pagamintas i\u0161 auk\u0161tos kokyb\u0117s chromo-vanad\u017eio plieno, termi\u0161kai apdorotas bendram sukiet\u0117jimui, pajuodintas ir poliruotas i\u0161 abiej\u0173 pusi\u0173, kad b\u016bt\u0173 i\u0161vengta r\u016bd\u017ei\u0173<br \/>\nNaudojamas prispaudimui, tvirtinimui, presavimui, fiksavimui, montavimui ir i\u0161montavimui<br \/>\nRankena pagaminta i\u0161 importuotos aplinkai nekenksmingos dviej\u0173 spalv\u0173 TPE izoliacin\u0117s med\u017eiagos, kuri gali atlaikyti minusin\u0119 temperat\u016br\u0105 ir yra patogi laikyti<br \/>\nRankenos dangtis pra\u0117jo Vokietijos VDE izoliacijos atsparumo \u012ftampai sertifikat\u0105 ir atitinka EN\/IEC standartus<\/p>","protected":false},"excerpt":{"rendered":"<p>Pagamintas i\u0161 auk\u0161tos kokyb\u0117s chromo-vanad\u017eio plieno, termi\u0161kai apdorotas bendram sukiet\u0117jimui, pajuodintas ir poliruotas i\u0161 abiej\u0173 pusi\u0173, kad b\u016bt\u0173 i\u0161vengta r\u016bd\u017ei\u0173 Naudojamas prispaudimui, tvirtinimui, presavimui, fiksavimui, montavimui ir i\u0161montavimui Rankena pagaminta<\/p>","protected":false},"featured_media":419617,"comment_status":"closed","ping_status":"closed","template":"","meta":[],"product_cat":[10287,11080,11083,11102],"product_tag":[],"class_list":{"0":"post-415382","1":"product","2":"type-product","3":"status-publish","4":"has-post-thumbnail","6":"product_brand-changlu-tools","7":"product_cat-prekiu-katalogas","8":"product_cat-rankiniai-irankiai","9":"product_cat-reples-zirkles-pjovimo-irankiai-rankiniai-irankiai","10":"product_cat-santechnines-reples-reples-zirkles-pjovimo-irankiai-rankiniai-irankiai","12":"first","13":"instock","14":"purchasable","15":"product-type-simple"},"jetpack_sharing_enabled":true,"_links":{"self":[{"href":"https:\/\/raktoras.lt\/ru\/wp-json\/wp\/v2\/product\/415382","targetHints":{"allow":["GET"]}}],"collection":[{"href":"https:\/\/raktoras.lt\/ru\/wp-json\/wp\/v2\/product"}],"about":[{"href":"https:\/\/raktoras.lt\/ru\/wp-json\/wp\/v2\/types\/product"}],"replies":[{"embeddable":true,"href":"https:\/\/raktoras.lt\/ru\/wp-json\/wp\/v2\/comments?post=415382"}],"version-history":[{"count":2,"href":"https:\/\/raktoras.lt\/ru\/wp-json\/wp\/v2\/product\/415382\/revisions"}],"predecessor-version":[{"id":419892,"href":"https:\/\/raktoras.lt\/ru\/wp-json\/wp\/v2\/product\/415382\/revisions\/419892"}],"wp:featuredmedia":[{"embeddable":true,"href":"https:\/\/raktoras.lt\/ru\/wp-json\/wp\/v2\/media\/419617"}],"wp:attachment":[{"href":"https:\/\/raktoras.lt\/ru\/wp-json\/wp\/v2\/media?parent=415382"}],"wp:term":[{"taxonomy":"product_cat","embeddable":true,"href":"https:\/\/raktoras.lt\/ru\/wp-json\/wp\/v2\/product_cat?post=415382"},{"taxonomy":"product_tag","embeddable":true,"href":"https:\/\/raktoras.lt\/ru\/wp-json\/wp\/v2\/product_tag?post=415382"}],"curies":[{"name":"wp","href":"https:\/\/api.w.org\/{rel}","templated":true}]}}