{"id":421179,"date":"2025-10-25T11:20:39","date_gmt":"2025-10-25T11:20:39","guid":{"rendered":"https:\/\/raktoras.lt\/product\/soninio-kirpimo-jegos-reples-170mm\/"},"modified":"2025-12-06T15:08:22","modified_gmt":"2025-12-06T15:08:22","slug":"soninio-kirpimo-jegos-reples-170mm","status":"publish","type":"product","link":"https:\/\/raktoras.lt\/ru\/product\/soninio-kirpimo-jegos-reples-170mm\/","title":{"rendered":"\u0160oninio kirpimo j\u0117gos repl\u0117s 170mm"},"content":{"rendered":"<p>Lazeriu gr\u016bdintos pjovimo briaunos kerpa \u0161variai ir ilgiau i\u0161lieka a\u0161trios<br \/>\n\tDidel\u0117s sverto jungties konstrukcija u\u017etikrina didesn\u0119 kirpimo gali\u0105<br \/>\n\tPlona galvut\u0117s konstrukcija suteikia puiki\u0105 prieig\u0105 ank\u0161tose vietose<br \/>\n\t20&deg; galvos kampas tikram lygiam kirpimui<br \/>\n\tPagaminta i\u0161 chromuoto nikelio plieno, u\u017etikrinan\u010dio didesn\u012f patvarum\u0105 ir kietum\u0105<br \/>\n\tSuspaudimo \/ sugriebimo sritis, skirta smulkinti ir sugriebti<br \/>\n\tErgonomi\u0161kos rankenos su priri\u0161imo ta\u0161ku u\u017etikrina didesn\u012f komfort\u0105 ir saugum\u0105&nbsp;<\/p>","protected":false},"excerpt":{"rendered":"<p>Lazeriu gr\u016bdintos pjovimo briaunos kerpa \u0161variai ir ilgiau i\u0161lieka a\u0161trios Didel\u0117s sverto jungties konstrukcija u\u017etikrina didesn\u0119 kirpimo gali\u0105 Plona galvut\u0117s konstrukcija suteikia puiki\u0105 prieig\u0105 ank\u0161tose vietose 20&deg; galvos kampas tikram<\/p>","protected":false},"featured_media":419349,"comment_status":"closed","ping_status":"open","template":"","meta":[],"product_cat":[10287,11080,11083,11086],"product_tag":[],"class_list":{"0":"post-421179","1":"product","2":"type-product","3":"status-publish","4":"has-post-thumbnail","6":"product_brand-sata","7":"product_cat-prekiu-katalogas","8":"product_cat-rankiniai-irankiai","9":"product_cat-reples-zirkles-pjovimo-irankiai-rankiniai-irankiai","10":"product_cat-soninio-kirpimo-reples-reples-zirkles-pjovimo-irankiai-rankiniai-irankiai","12":"first","13":"instock","14":"purchasable","15":"product-type-simple"},"jetpack_sharing_enabled":true,"_links":{"self":[{"href":"https:\/\/raktoras.lt\/ru\/wp-json\/wp\/v2\/product\/421179","targetHints":{"allow":["GET"]}}],"collection":[{"href":"https:\/\/raktoras.lt\/ru\/wp-json\/wp\/v2\/product"}],"about":[{"href":"https:\/\/raktoras.lt\/ru\/wp-json\/wp\/v2\/types\/product"}],"replies":[{"embeddable":true,"href":"https:\/\/raktoras.lt\/ru\/wp-json\/wp\/v2\/comments?post=421179"}],"version-history":[{"count":1,"href":"https:\/\/raktoras.lt\/ru\/wp-json\/wp\/v2\/product\/421179\/revisions"}],"predecessor-version":[{"id":421180,"href":"https:\/\/raktoras.lt\/ru\/wp-json\/wp\/v2\/product\/421179\/revisions\/421180"}],"wp:featuredmedia":[{"embeddable":true,"href":"https:\/\/raktoras.lt\/ru\/wp-json\/wp\/v2\/media\/419349"}],"wp:attachment":[{"href":"https:\/\/raktoras.lt\/ru\/wp-json\/wp\/v2\/media?parent=421179"}],"wp:term":[{"taxonomy":"product_cat","embeddable":true,"href":"https:\/\/raktoras.lt\/ru\/wp-json\/wp\/v2\/product_cat?post=421179"},{"taxonomy":"product_tag","embeddable":true,"href":"https:\/\/raktoras.lt\/ru\/wp-json\/wp\/v2\/product_tag?post=421179"}],"curies":[{"name":"wp","href":"https:\/\/api.w.org\/{rel}","templated":true}]}}