{"id":421199,"date":"2025-10-25T11:21:13","date_gmt":"2025-10-25T11:21:13","guid":{"rendered":"https:\/\/raktoras.lt\/product\/prailginta-smugine-galvute-1-2-17mm-plonasiene-su-apsauga\/"},"modified":"2026-01-02T23:44:34","modified_gmt":"2026-01-02T23:44:34","slug":"prailginta-smugine-galvute-1-2-17mm-plonasiene-su-apsauga","status":"publish","type":"product","link":"https:\/\/raktoras.lt\/ru\/product\/prailginta-smugine-galvute-1-2-17mm-plonasiene-su-apsauga\/","title":{"rendered":"Prailginta sm\u016bgin\u0117 galvut\u0117 1\/2&#8221; 17mm plonasien\u0117 su apsauga"},"content":{"rendered":"<p>Gumuota galvut\u0117 apsaugos detales, kad nesusigadintu naudojimo metu<br \/>\n\tSkirtas naudoti su sm\u016bginiais suktuvais<br \/>\n\tSpeciali konstrukcija suma\u017eina tvirtinimo var\u017et\u0173 galv\u0173 apvalinim\u0105<br \/>\n\tPrailginta galvut\u0117 leis pasiekti tvirtinimo detales giliau<br \/>\n\tSpalvotos gumos leis lengvai nustatyti dyd\u012f<br \/>\n\tJuodo oksido u\u017ebaigimas atsparus korozijai<br \/>\n\tChromo molibdeno lydinio plienas (Cr-Mo) u\u017etikrina i\u0161skirtin\u012f stiprum\u0105 ir ilgaam\u017ei\u0161kum\u0105&nbsp;<\/p>","protected":false},"excerpt":{"rendered":"<p>Gumuota galvut\u0117 apsaugos detales, kad nesusigadintu naudojimo metu Skirtas naudoti su sm\u016bginiais suktuvais Speciali konstrukcija suma\u017eina tvirtinimo var\u017et\u0173 galv\u0173 apvalinim\u0105 Prailginta galvut\u0117 leis pasiekti tvirtinimo detales giliau Spalvotos gumos leis<\/p>","protected":false},"featured_media":419366,"comment_status":"closed","ping_status":"closed","template":"","meta":[],"product_cat":[11238,11215,10287,11080],"product_tag":[],"class_list":{"0":"post-421199","1":"product","2":"type-product","3":"status-publish","4":"has-post-thumbnail","6":"product_brand-sata","7":"product_cat-1-2-galvutes-smugines-galvuciu-priedai-galvutes-adapteriai-rankiniai-irankiai","8":"product_cat-galvutes-adapteriai-rankiniai-irankiai","9":"product_cat-prekiu-katalogas","10":"product_cat-rankiniai-irankiai","12":"first","13":"instock","14":"purchasable","15":"product-type-simple"},"jetpack_sharing_enabled":true,"_links":{"self":[{"href":"https:\/\/raktoras.lt\/ru\/wp-json\/wp\/v2\/product\/421199","targetHints":{"allow":["GET"]}}],"collection":[{"href":"https:\/\/raktoras.lt\/ru\/wp-json\/wp\/v2\/product"}],"about":[{"href":"https:\/\/raktoras.lt\/ru\/wp-json\/wp\/v2\/types\/product"}],"replies":[{"embeddable":true,"href":"https:\/\/raktoras.lt\/ru\/wp-json\/wp\/v2\/comments?post=421199"}],"version-history":[{"count":1,"href":"https:\/\/raktoras.lt\/ru\/wp-json\/wp\/v2\/product\/421199\/revisions"}],"predecessor-version":[{"id":421200,"href":"https:\/\/raktoras.lt\/ru\/wp-json\/wp\/v2\/product\/421199\/revisions\/421200"}],"wp:featuredmedia":[{"embeddable":true,"href":"https:\/\/raktoras.lt\/ru\/wp-json\/wp\/v2\/media\/419366"}],"wp:attachment":[{"href":"https:\/\/raktoras.lt\/ru\/wp-json\/wp\/v2\/media?parent=421199"}],"wp:term":[{"taxonomy":"product_cat","embeddable":true,"href":"https:\/\/raktoras.lt\/ru\/wp-json\/wp\/v2\/product_cat?post=421199"},{"taxonomy":"product_tag","embeddable":true,"href":"https:\/\/raktoras.lt\/ru\/wp-json\/wp\/v2\/product_tag?post=421199"}],"curies":[{"name":"wp","href":"https:\/\/api.w.org\/{rel}","templated":true}]}}