{"id":421270,"date":"2025-10-25T11:32:44","date_gmt":"2025-10-25T11:32:44","guid":{"rendered":"https:\/\/raktoras.lt\/product\/trapecinis-peilis-cinkuoto-metalo-su-keiciama-gelezte-19mm-ir-5-peiliukais\/"},"modified":"2025-12-06T14:54:06","modified_gmt":"2025-12-06T14:54:06","slug":"trapecinis-peilis-cinkuoto-metalo-su-keiciama-gelezte-19mm-ir-5-peiliukais","status":"publish","type":"product","link":"https:\/\/raktoras.lt\/ru\/product\/trapecinis-peilis-cinkuoto-metalo-su-keiciama-gelezte-19mm-ir-5-peiliukais\/","title":{"rendered":"Trapecinis peilis cinkuoto metalo su kei\u010diama gele\u017ete 19mm ir 5 peiliukais"},"content":{"rendered":"<p>Cinko fosfato danga atspari korozijai<br \/>\n\tGalimi SK2 peiliai, kurie prailgina a\u0161men\u0173 tarnavimo laik\u0105,&nbsp;19&#215;60 mm&nbsp;<br \/>\n\tPatogi rankena patogiam naudojimui ir apsaugai nuo slydimo<br \/>\n\tLengvai pasiekiamas a\u0161men\u0173 laikymo skyrius korpuse talpina papildomus peiliukus<br \/>\n\t5 A\u0161men\u0173 laikymo vieta rankenoje&nbsp;<\/p>","protected":false},"excerpt":{"rendered":"<p>Cinko fosfato danga atspari korozijai Galimi SK2 peiliai, kurie prailgina a\u0161men\u0173 tarnavimo laik\u0105,&nbsp;19&#215;60 mm&nbsp; Patogi rankena patogiam naudojimui ir apsaugai nuo slydimo Lengvai pasiekiamas a\u0161men\u0173 laikymo skyrius korpuse talpina papildomus<\/p>","protected":false},"featured_media":421272,"comment_status":"closed","ping_status":"open","template":"","meta":[],"product_cat":[11092,10287,11080,11083],"product_tag":[],"class_list":{"0":"post-421270","1":"product","2":"type-product","3":"status-publish","4":"has-post-thumbnail","6":"product_brand-sata","7":"product_cat-pjovikliai-pjuklai-vielos-ir-kabelio-zirkles-reples-zirkles-pjovimo-irankiai-rankiniai-irankiai","8":"product_cat-prekiu-katalogas","9":"product_cat-rankiniai-irankiai","10":"product_cat-reples-zirkles-pjovimo-irankiai-rankiniai-irankiai","12":"first","13":"instock","14":"purchasable","15":"product-type-simple"},"jetpack_sharing_enabled":true,"_links":{"self":[{"href":"https:\/\/raktoras.lt\/ru\/wp-json\/wp\/v2\/product\/421270","targetHints":{"allow":["GET"]}}],"collection":[{"href":"https:\/\/raktoras.lt\/ru\/wp-json\/wp\/v2\/product"}],"about":[{"href":"https:\/\/raktoras.lt\/ru\/wp-json\/wp\/v2\/types\/product"}],"replies":[{"embeddable":true,"href":"https:\/\/raktoras.lt\/ru\/wp-json\/wp\/v2\/comments?post=421270"}],"version-history":[{"count":1,"href":"https:\/\/raktoras.lt\/ru\/wp-json\/wp\/v2\/product\/421270\/revisions"}],"predecessor-version":[{"id":421271,"href":"https:\/\/raktoras.lt\/ru\/wp-json\/wp\/v2\/product\/421270\/revisions\/421271"}],"wp:featuredmedia":[{"embeddable":true,"href":"https:\/\/raktoras.lt\/ru\/wp-json\/wp\/v2\/media\/421272"}],"wp:attachment":[{"href":"https:\/\/raktoras.lt\/ru\/wp-json\/wp\/v2\/media?parent=421270"}],"wp:term":[{"taxonomy":"product_cat","embeddable":true,"href":"https:\/\/raktoras.lt\/ru\/wp-json\/wp\/v2\/product_cat?post=421270"},{"taxonomy":"product_tag","embeddable":true,"href":"https:\/\/raktoras.lt\/ru\/wp-json\/wp\/v2\/product_tag?post=421270"}],"curies":[{"name":"wp","href":"https:\/\/api.w.org\/{rel}","templated":true}]}}