{"id":421273,"date":"2025-10-25T11:32:50","date_gmt":"2025-10-25T11:32:50","guid":{"rendered":"https:\/\/raktoras.lt\/product\/trapecinis-peilis-savaime-susitraukiantis-su-keiciama-gelezte-19mm-ir-5-peiliukais\/"},"modified":"2025-12-06T14:54:06","modified_gmt":"2025-12-06T14:54:06","slug":"trapecinis-peilis-savaime-susitraukiantis-su-keiciama-gelezte-19mm-ir-5-peiliukais","status":"publish","type":"product","link":"https:\/\/raktoras.lt\/ru\/product\/trapecinis-peilis-savaime-susitraukiantis-su-keiciama-gelezte-19mm-ir-5-peiliukais\/","title":{"rendered":"Trapecinis peilis (savaime susitraukiantis) su kei\u010diama gele\u017ete 19mm ir 5 peiliukais"},"content":{"rendered":"<p>A\u0161menys automati\u0161kai \u012fsitraukia, kai praranda kontakt\u0105 su nupjauta med\u017eiaga, kad b\u016bt\u0173 u\u017etikrintas pjovimo saugumas<br \/>\n\tLengvai pasiekiamas a\u0161men\u0173 laikymo skyrius korpuse talpina papildomus peiliukus<br \/>\n\tGreitas a\u0161men\u0173 keitimas vartotojo patogumui<br \/>\n\tUnikali dviguba med\u017eiaga, ergonomi\u0161ka patogi rankena. Idealiai tinka pakartotiniam pjovimui.<br \/>\n\tApima 5 profesionalius atsarginius peilius, pagamintus i\u0161 SK2 anglies plieno, 19&#215;60 mm<\/p>","protected":false},"excerpt":{"rendered":"<p>A\u0161menys automati\u0161kai \u012fsitraukia, kai praranda kontakt\u0105 su nupjauta med\u017eiaga, kad b\u016bt\u0173 u\u017etikrintas pjovimo saugumas Lengvai pasiekiamas a\u0161men\u0173 laikymo skyrius korpuse talpina papildomus peiliukus Greitas a\u0161men\u0173 keitimas vartotojo patogumui Unikali dviguba<\/p>","protected":false},"featured_media":421275,"comment_status":"closed","ping_status":"open","template":"","meta":[],"product_cat":[11092,10287,11080,11083],"product_tag":[],"class_list":{"0":"post-421273","1":"product","2":"type-product","3":"status-publish","4":"has-post-thumbnail","6":"product_brand-sata","7":"product_cat-pjovikliai-pjuklai-vielos-ir-kabelio-zirkles-reples-zirkles-pjovimo-irankiai-rankiniai-irankiai","8":"product_cat-prekiu-katalogas","9":"product_cat-rankiniai-irankiai","10":"product_cat-reples-zirkles-pjovimo-irankiai-rankiniai-irankiai","12":"first","13":"instock","14":"purchasable","15":"product-type-simple"},"jetpack_sharing_enabled":true,"_links":{"self":[{"href":"https:\/\/raktoras.lt\/ru\/wp-json\/wp\/v2\/product\/421273","targetHints":{"allow":["GET"]}}],"collection":[{"href":"https:\/\/raktoras.lt\/ru\/wp-json\/wp\/v2\/product"}],"about":[{"href":"https:\/\/raktoras.lt\/ru\/wp-json\/wp\/v2\/types\/product"}],"replies":[{"embeddable":true,"href":"https:\/\/raktoras.lt\/ru\/wp-json\/wp\/v2\/comments?post=421273"}],"version-history":[{"count":1,"href":"https:\/\/raktoras.lt\/ru\/wp-json\/wp\/v2\/product\/421273\/revisions"}],"predecessor-version":[{"id":421274,"href":"https:\/\/raktoras.lt\/ru\/wp-json\/wp\/v2\/product\/421273\/revisions\/421274"}],"wp:featuredmedia":[{"embeddable":true,"href":"https:\/\/raktoras.lt\/ru\/wp-json\/wp\/v2\/media\/421275"}],"wp:attachment":[{"href":"https:\/\/raktoras.lt\/ru\/wp-json\/wp\/v2\/media?parent=421273"}],"wp:term":[{"taxonomy":"product_cat","embeddable":true,"href":"https:\/\/raktoras.lt\/ru\/wp-json\/wp\/v2\/product_cat?post=421273"},{"taxonomy":"product_tag","embeddable":true,"href":"https:\/\/raktoras.lt\/ru\/wp-json\/wp\/v2\/product_tag?post=421273"}],"curies":[{"name":"wp","href":"https:\/\/api.w.org\/{rel}","templated":true}]}}