{"id":421330,"date":"2025-10-25T11:34:28","date_gmt":"2025-10-25T11:34:28","guid":{"rendered":"https:\/\/raktoras.lt\/product\/spyruokliu-suspaudejas-motociklams-2vnt\/"},"modified":"2026-01-02T23:41:18","modified_gmt":"2026-01-02T23:41:18","slug":"spyruokliu-suspaudejas-motociklams-2vnt","status":"publish","type":"product","link":"https:\/\/raktoras.lt\/ru\/product\/spyruokliu-suspaudejas-motociklams-2vnt\/","title":{"rendered":"Spyruokli\u0173 suspaud\u0117jas motociklams 2vnt."},"content":{"rendered":"<p>Darbin\u0117 zona 110 mm<br \/>\n\tNaudojama su 3\/8&quot; terk\u0161le ar raktu&nbsp;<\/p>\n<p><iframe allow=\"accelerometer; autoplay; clipboard-write; encrypted-media; gyroscope; picture-in-picture; web-share\" allowfullscreen=\"\" frameborder=\"0\" height=\"315\" referrerpolicy=\"strict-origin-when-cross-origin\" src=\"https:\/\/www.youtube.com\/embed\/m4B5EptBirY?si=FY6Yy9H8Fk-MvmuF\" title=\"YouTube video player\" width=\"560\"><\/iframe><\/p>","protected":false},"excerpt":{"rendered":"<p>Darbin\u0117 zona 110 mm Naudojama su 3\/8&quot; terk\u0161le ar raktu&nbsp;<\/p>","protected":false},"featured_media":421332,"comment_status":"closed","ping_status":"closed","template":"","meta":[],"product_cat":[11095,10287,11362],"product_tag":[],"class_list":{"0":"post-421330","1":"product","2":"type-product","3":"status-publish","4":"has-post-thumbnail","6":"product_cat-autoservisu-iranga-prekiu-katalogas","7":"product_cat-prekiu-katalogas","8":"product_cat-spyruokliu-suspaudejai-autoservisu-iranga-prekiu-katalogas","10":"first","11":"instock","12":"purchasable","13":"product-type-simple"},"jetpack_sharing_enabled":true,"_links":{"self":[{"href":"https:\/\/raktoras.lt\/ru\/wp-json\/wp\/v2\/product\/421330","targetHints":{"allow":["GET"]}}],"collection":[{"href":"https:\/\/raktoras.lt\/ru\/wp-json\/wp\/v2\/product"}],"about":[{"href":"https:\/\/raktoras.lt\/ru\/wp-json\/wp\/v2\/types\/product"}],"replies":[{"embeddable":true,"href":"https:\/\/raktoras.lt\/ru\/wp-json\/wp\/v2\/comments?post=421330"}],"version-history":[{"count":1,"href":"https:\/\/raktoras.lt\/ru\/wp-json\/wp\/v2\/product\/421330\/revisions"}],"predecessor-version":[{"id":421331,"href":"https:\/\/raktoras.lt\/ru\/wp-json\/wp\/v2\/product\/421330\/revisions\/421331"}],"wp:featuredmedia":[{"embeddable":true,"href":"https:\/\/raktoras.lt\/ru\/wp-json\/wp\/v2\/media\/421332"}],"wp:attachment":[{"href":"https:\/\/raktoras.lt\/ru\/wp-json\/wp\/v2\/media?parent=421330"}],"wp:term":[{"taxonomy":"product_cat","embeddable":true,"href":"https:\/\/raktoras.lt\/ru\/wp-json\/wp\/v2\/product_cat?post=421330"},{"taxonomy":"product_tag","embeddable":true,"href":"https:\/\/raktoras.lt\/ru\/wp-json\/wp\/v2\/product_tag?post=421330"}],"curies":[{"name":"wp","href":"https:\/\/api.w.org\/{rel}","templated":true}]}}