{"id":421546,"date":"2025-10-25T11:42:58","date_gmt":"2025-10-25T11:42:58","guid":{"rendered":"https:\/\/raktoras.lt\/product\/sodo-zirkles-sekatorius-210mm-tiesios\/"},"modified":"2025-12-07T15:31:08","modified_gmt":"2025-12-07T15:31:08","slug":"sodo-zirkles-sekatorius-210mm-tiesios","status":"publish","type":"product","link":"https:\/\/raktoras.lt\/ru\/product\/sodo-zirkles-sekatorius-210mm-tiesios\/","title":{"rendered":"Sodo \u017eirkl\u0117s &#8211; sekatorius 210mm (tiesios)"},"content":{"rendered":"<p>Pagamintos i\u0161 SK-5 plieno<br \/>\n\tRankenos su neslid\u017eia gumuota danga&nbsp;&nbsp;<\/p>","protected":false},"excerpt":{"rendered":"<p>Pagamintos i\u0161 SK-5 plieno Rankenos su neslid\u017eia gumuota danga&nbsp;&nbsp;<\/p>","protected":false},"featured_media":421548,"comment_status":"closed","ping_status":"closed","template":"","meta":[],"product_cat":[10287,11300,11546,11552],"product_tag":[],"class_list":{"0":"post-421546","1":"product","2":"type-product","3":"status-publish","4":"has-post-thumbnail","6":"product_brand-changlu-tools","7":"product_cat-prekiu-katalogas","8":"product_cat-sodo-plovimo-valymo-iranga-prekiu-katalogas","9":"product_cat-sodo-iranga-sodo-plovimo-valymo-iranga-prekiu-katalogas","10":"product_cat-vejapjoves-zirkles-sekatoriai-sodo-iranga-sodo-plovimo-valymo-iranga-prekiu-katalogas","12":"first","13":"instock","14":"purchasable","15":"product-type-simple"},"jetpack_sharing_enabled":true,"_links":{"self":[{"href":"https:\/\/raktoras.lt\/ru\/wp-json\/wp\/v2\/product\/421546","targetHints":{"allow":["GET"]}}],"collection":[{"href":"https:\/\/raktoras.lt\/ru\/wp-json\/wp\/v2\/product"}],"about":[{"href":"https:\/\/raktoras.lt\/ru\/wp-json\/wp\/v2\/types\/product"}],"replies":[{"embeddable":true,"href":"https:\/\/raktoras.lt\/ru\/wp-json\/wp\/v2\/comments?post=421546"}],"version-history":[{"count":1,"href":"https:\/\/raktoras.lt\/ru\/wp-json\/wp\/v2\/product\/421546\/revisions"}],"predecessor-version":[{"id":421547,"href":"https:\/\/raktoras.lt\/ru\/wp-json\/wp\/v2\/product\/421546\/revisions\/421547"}],"wp:featuredmedia":[{"embeddable":true,"href":"https:\/\/raktoras.lt\/ru\/wp-json\/wp\/v2\/media\/421548"}],"wp:attachment":[{"href":"https:\/\/raktoras.lt\/ru\/wp-json\/wp\/v2\/media?parent=421546"}],"wp:term":[{"taxonomy":"product_cat","embeddable":true,"href":"https:\/\/raktoras.lt\/ru\/wp-json\/wp\/v2\/product_cat?post=421546"},{"taxonomy":"product_tag","embeddable":true,"href":"https:\/\/raktoras.lt\/ru\/wp-json\/wp\/v2\/product_tag?post=421546"}],"curies":[{"name":"wp","href":"https:\/\/api.w.org\/{rel}","templated":true}]}}