{"id":421579,"date":"2025-10-25T11:44:00","date_gmt":"2025-10-25T11:44:00","guid":{"rendered":"https:\/\/raktoras.lt\/product\/prailginta-freza-kietmetalio-g-kugio-formos-pusapvale-o-16-x-25mm\/"},"modified":"2025-11-18T14:00:07","modified_gmt":"2025-11-18T14:00:07","slug":"prailginta-freza-kietmetalio-g-kugio-formos-pusapvale-o-16-x-25mm","status":"publish","type":"product","link":"https:\/\/raktoras.lt\/ru\/product\/prailginta-freza-kietmetalio-g-kugio-formos-pusapvale-o-16-x-25mm\/","title":{"rendered":"Prailginta freza kietmetalio G k\u016bgio formos pusapval\u0117 \u00d8 16 x 25mm"},"content":{"rendered":"<p>L = 150 mm&nbsp;<\/p>","protected":false},"excerpt":{"rendered":"<p>L = 150 mm&nbsp;<\/p>","protected":false},"featured_media":421581,"comment_status":"closed","ping_status":"closed","template":"","meta":[],"product_cat":[11429,11430,11106,10287],"product_tag":[],"class_list":{"0":"post-421579","1":"product","2":"type-product","3":"status-publish","4":"has-post-thumbnail","6":"product_cat-frezos-plestuvai-metalo-apdirbimo-irankiai-prekiu-katalogas","7":"product_cat-frezos-metalo-apdirbimui-frezos-plestuvai-metalo-apdirbimo-irankiai-prekiu-katalogas","8":"product_cat-metalo-apdirbimo-irankiai-prekiu-katalogas","9":"product_cat-prekiu-katalogas","11":"first","12":"instock","13":"purchasable","14":"product-type-simple"},"jetpack_sharing_enabled":true,"_links":{"self":[{"href":"https:\/\/raktoras.lt\/ru\/wp-json\/wp\/v2\/product\/421579","targetHints":{"allow":["GET"]}}],"collection":[{"href":"https:\/\/raktoras.lt\/ru\/wp-json\/wp\/v2\/product"}],"about":[{"href":"https:\/\/raktoras.lt\/ru\/wp-json\/wp\/v2\/types\/product"}],"replies":[{"embeddable":true,"href":"https:\/\/raktoras.lt\/ru\/wp-json\/wp\/v2\/comments?post=421579"}],"version-history":[{"count":1,"href":"https:\/\/raktoras.lt\/ru\/wp-json\/wp\/v2\/product\/421579\/revisions"}],"predecessor-version":[{"id":421580,"href":"https:\/\/raktoras.lt\/ru\/wp-json\/wp\/v2\/product\/421579\/revisions\/421580"}],"wp:featuredmedia":[{"embeddable":true,"href":"https:\/\/raktoras.lt\/ru\/wp-json\/wp\/v2\/media\/421581"}],"wp:attachment":[{"href":"https:\/\/raktoras.lt\/ru\/wp-json\/wp\/v2\/media?parent=421579"}],"wp:term":[{"taxonomy":"product_cat","embeddable":true,"href":"https:\/\/raktoras.lt\/ru\/wp-json\/wp\/v2\/product_cat?post=421579"},{"taxonomy":"product_tag","embeddable":true,"href":"https:\/\/raktoras.lt\/ru\/wp-json\/wp\/v2\/product_tag?post=421579"}],"curies":[{"name":"wp","href":"https:\/\/api.w.org\/{rel}","templated":true}]}}