{"id":421582,"date":"2025-10-25T11:44:05","date_gmt":"2025-10-25T11:44:05","guid":{"rendered":"https:\/\/raktoras.lt\/product\/reples-laidu-uzspaudimui-su-keiciamais-antgaliais\/"},"modified":"2025-12-06T14:48:34","modified_gmt":"2025-12-06T14:48:34","slug":"reples-laidu-uzspaudimui-su-keiciamais-antgaliais","status":"publish","type":"product","link":"https:\/\/raktoras.lt\/ru\/product\/reples-laidu-uzspaudimui-su-keiciamais-antgaliais\/","title":{"rendered":"Repl\u0117s laid\u0173 u\u017espaudimui su kei\u010diamais antgaliais"},"content":{"rendered":"<p>Repl\u0117s su kei\u010diamais antgaliais, skirtos da\u017eniausiai naudojam\u0173 jung\u010di\u0173 u\u017espaudimui. Terk\u0161linis mechanizmas leid\u017eia pritvirtinti jungt\u012f ant laido be dideli\u0173 pastang\u0173. I\u0161 CrMo plieno pagamintos matricos garantuoja tiksl\u0173 u\u017espaudim\u0105 net ir po daugelio m\u0117nesi\u0173 reguliaraus naudojimo.<\/p>\n<p>5 kei\u010diami u\u017espaud\u017eiamiamos matricos da\u017eniausiai naudojamiems jung\u010di\u0173 tipams: neizoliuoti, izoliuoti, u\u017espaud\u017eiami, \u012fvor\u0117<br \/>\n\tTerk\u0161linis mechanizmas su reguliuojama prispaudimo j\u0117ga<br \/>\n\tTvirta polipropileno med\u017eiaga rankenoje ir neslystanti, mink\u0161ta TPR med\u017eiaga paimti i\u0161or\u0117je pagerina sukibim\u0105 ir komfort\u0105 rankai<br \/>\n\tPajuodintas pavir\u0161ius apsaugo nuo korozijos<br \/>\n\tPatogus ne\u0161iojimo d\u0117klas&nbsp;<\/p>","protected":false},"excerpt":{"rendered":"<p>Repl\u0117s su kei\u010diamais antgaliais, skirtos da\u017eniausiai naudojam\u0173 jung\u010di\u0173 u\u017espaudimui. Terk\u0161linis mechanizmas leid\u017eia pritvirtinti jungt\u012f ant laido be dideli\u0173 pastang\u0173. I\u0161 CrMo plieno pagamintos matricos garantuoja tiksl\u0173 u\u017espaudim\u0105 net ir po<\/p>","protected":false},"featured_media":421584,"comment_status":"closed","ping_status":"open","template":"","meta":[],"product_cat":[10287,11080,11091,11083],"product_tag":[],"class_list":{"0":"post-421582","1":"product","2":"type-product","3":"status-publish","4":"has-post-thumbnail","6":"product_cat-prekiu-katalogas","7":"product_cat-rankiniai-irankiai","8":"product_cat-reples-laidu-nuvalymui-ir-uzspaudimui-reples-zirkles-pjovimo-irankiai-rankiniai-irankiai","9":"product_cat-reples-zirkles-pjovimo-irankiai-rankiniai-irankiai","11":"first","12":"instock","13":"purchasable","14":"product-type-simple"},"jetpack_sharing_enabled":true,"_links":{"self":[{"href":"https:\/\/raktoras.lt\/ru\/wp-json\/wp\/v2\/product\/421582","targetHints":{"allow":["GET"]}}],"collection":[{"href":"https:\/\/raktoras.lt\/ru\/wp-json\/wp\/v2\/product"}],"about":[{"href":"https:\/\/raktoras.lt\/ru\/wp-json\/wp\/v2\/types\/product"}],"replies":[{"embeddable":true,"href":"https:\/\/raktoras.lt\/ru\/wp-json\/wp\/v2\/comments?post=421582"}],"version-history":[{"count":1,"href":"https:\/\/raktoras.lt\/ru\/wp-json\/wp\/v2\/product\/421582\/revisions"}],"predecessor-version":[{"id":421583,"href":"https:\/\/raktoras.lt\/ru\/wp-json\/wp\/v2\/product\/421582\/revisions\/421583"}],"wp:featuredmedia":[{"embeddable":true,"href":"https:\/\/raktoras.lt\/ru\/wp-json\/wp\/v2\/media\/421584"}],"wp:attachment":[{"href":"https:\/\/raktoras.lt\/ru\/wp-json\/wp\/v2\/media?parent=421582"}],"wp:term":[{"taxonomy":"product_cat","embeddable":true,"href":"https:\/\/raktoras.lt\/ru\/wp-json\/wp\/v2\/product_cat?post=421582"},{"taxonomy":"product_tag","embeddable":true,"href":"https:\/\/raktoras.lt\/ru\/wp-json\/wp\/v2\/product_tag?post=421582"}],"curies":[{"name":"wp","href":"https:\/\/api.w.org\/{rel}","templated":true}]}}