{"id":421585,"date":"2025-10-25T11:44:08","date_gmt":"2025-10-25T11:44:08","guid":{"rendered":"https:\/\/raktoras.lt\/product\/tepaliniu-guoliu-rieboksliu-sandarinimo-ziedu-presavimo-rink-33vnt\/"},"modified":"2026-02-16T03:00:08","modified_gmt":"2026-02-16T03:00:08","slug":"tepaliniu-guoliu-rieboksliu-sandarinimo-ziedu-presavimo-rink-33vnt","status":"publish","type":"product","link":"https:\/\/raktoras.lt\/ru\/product\/tepaliniu-guoliu-rieboksliu-sandarinimo-ziedu-presavimo-rink-33vnt\/","title":{"rendered":"Tepalini\u0173 guoli\u0173\/riebok\u0161li\u0173\/sandarinimo \u017eied\u0173 presavimo rink. 33vnt."},"content":{"rendered":"<p>Tepalini\u0173 guoli\u0173 ir paprast\u0173 guoli\u0173 presavimo rinkinys<\/p>\n<p>Med\u017eiaga: aliuminis<\/p>\n<p>Sud\u0117tyje yra:<br \/>\n3 kai\u0161\u010diai, kuri\u0173 skersmuo: 0.4&#8243;, 0.6&#8243;, 0.8&#8243;<br \/>\nColiniai adapteriai dyd\u017eiai:<br \/>\n3\/8&#8243; x 7\/16&#8243;<br \/>\n7\/16&#8243; x 1\/2&#8243;<br \/>\n1\/2&#8243; x 9\/16&#8243;<br \/>\n9\/16&#8243; x 5\/8&#8243;<br \/>\n39\/64&#8243; x 11\/16&#8243;<br \/>\n5\/8&#8243; x 3\/4&#8243;<br \/>\n11\/16&#8243; x 13\/16&#8243;<br \/>\n47\/64&#8243; x 7\/8&#8243;<br \/>\n13\/16&#8243; x 15\/16&#8243;<br \/>\n55\/64&#8243; x 1&#8243;<br \/>\n15\/16&#8243; x 1-1\/16&#8243;<br \/>\n1&#8243; x 1-1\/8&#8243;<br \/>\n1-1\/8&#8243; x 1-1\/4&#8243;<br \/>\n1-1\/4&#8243; x 1-3\/8&#8243;<br \/>\n1-1\/16&#8243; x 1-3\/16&#8243;<br \/>\n1-3\/16&#8243; x 1-5\/16&#8243;<br \/>\nMetriniai adapteriai dyd\u017eiai:<br \/>\n10 x 12 mm<br \/>\n12 x 14 mm<br \/>\n14 x 16 mm<br \/>\n15 x 17 mm<br \/>\n16 x 18 mm<br \/>\n18 x 20 mm<br \/>\n20 x 22 mm<br \/>\n22 x 24 mm<br \/>\n25 x 27 mm<br \/>\n28 x 30 mm<br \/>\n30 x 34 mm<br \/>\n32 x 36 mm<br \/>\n35 x 40 mm<br \/>\n38 x 42 mm<\/p>","protected":false},"excerpt":{"rendered":"<p>Tepalini\u0173 guoli\u0173 ir paprast\u0173 guoli\u0173 presavimo rinkinys Med\u017eiaga: aliuminis Sud\u0117tyje yra: 3 kai\u0161\u010diai, kuri\u0173 skersmuo: 0.4&#8243;, 0.6&#8243;, 0.8&#8243; Coliniai adapteriai dyd\u017eiai: 3\/8&#8243; x 7\/16&#8243; 7\/16&#8243; x 1\/2&#8243; 1\/2&#8243; x 9\/16&#8243;<\/p>","protected":false},"featured_media":421587,"comment_status":"closed","ping_status":"closed","template":"","meta":[],"product_cat":[11095,11230,11229,10287],"product_tag":[],"class_list":{"0":"post-421585","1":"product","2":"type-product","3":"status-publish","4":"has-post-thumbnail","6":"product_cat-autoservisu-iranga-prekiu-katalogas","7":"product_cat-guoliu-ivoriu-nuemikliai-nuemikliai-autoservisu-iranga-prekiu-katalogas","8":"product_cat-nuemikliai-autoservisu-iranga-prekiu-katalogas","9":"product_cat-prekiu-katalogas","11":"first","12":"instock","13":"purchasable","14":"product-type-simple"},"jetpack_sharing_enabled":true,"_links":{"self":[{"href":"https:\/\/raktoras.lt\/ru\/wp-json\/wp\/v2\/product\/421585","targetHints":{"allow":["GET"]}}],"collection":[{"href":"https:\/\/raktoras.lt\/ru\/wp-json\/wp\/v2\/product"}],"about":[{"href":"https:\/\/raktoras.lt\/ru\/wp-json\/wp\/v2\/types\/product"}],"replies":[{"embeddable":true,"href":"https:\/\/raktoras.lt\/ru\/wp-json\/wp\/v2\/comments?post=421585"}],"version-history":[{"count":2,"href":"https:\/\/raktoras.lt\/ru\/wp-json\/wp\/v2\/product\/421585\/revisions"}],"predecessor-version":[{"id":423643,"href":"https:\/\/raktoras.lt\/ru\/wp-json\/wp\/v2\/product\/421585\/revisions\/423643"}],"wp:featuredmedia":[{"embeddable":true,"href":"https:\/\/raktoras.lt\/ru\/wp-json\/wp\/v2\/media\/421587"}],"wp:attachment":[{"href":"https:\/\/raktoras.lt\/ru\/wp-json\/wp\/v2\/media?parent=421585"}],"wp:term":[{"taxonomy":"product_cat","embeddable":true,"href":"https:\/\/raktoras.lt\/ru\/wp-json\/wp\/v2\/product_cat?post=421585"},{"taxonomy":"product_tag","embeddable":true,"href":"https:\/\/raktoras.lt\/ru\/wp-json\/wp\/v2\/product_tag?post=421585"}],"curies":[{"name":"wp","href":"https:\/\/api.w.org\/{rel}","templated":true}]}}