{"id":421591,"date":"2025-10-25T11:44:13","date_gmt":"2025-10-25T11:44:13","guid":{"rendered":"https:\/\/raktoras.lt\/product\/reples-skardos-lankstymui-180-60x275mm\/"},"modified":"2025-12-06T14:48:33","modified_gmt":"2025-12-06T14:48:33","slug":"reples-skardos-lankstymui-180-60x275mm","status":"publish","type":"product","link":"https:\/\/raktoras.lt\/ru\/product\/reples-skardos-lankstymui-180-60x275mm\/","title":{"rendered":"Repl\u0117s skardos lankstymui 180\u00b0 60x275mm"},"content":{"rendered":"<p>Skirtos rankiniam metalo lak\u0161t\u0173 formavimui stogo dengimo ir skardos darb\u0173 metu<br \/>\n\tPagaminti i\u0161 auk\u0161\u010diausios kokyb\u0117s plieno&nbsp;&nbsp;<\/p>","protected":false},"excerpt":{"rendered":"<p>Skirtos rankiniam metalo lak\u0161t\u0173 formavimui stogo dengimo ir skardos darb\u0173 metu Pagaminti i\u0161 auk\u0161\u010diausios kokyb\u0117s plieno&nbsp;&nbsp;<\/p>","protected":false},"featured_media":421593,"comment_status":"closed","ping_status":"open","template":"","meta":[],"product_cat":[10287,11080,11083,11104],"product_tag":[],"class_list":{"0":"post-421591","1":"product","2":"type-product","3":"status-publish","4":"has-post-thumbnail","6":"product_cat-prekiu-katalogas","7":"product_cat-rankiniai-irankiai","8":"product_cat-reples-zirkles-pjovimo-irankiai-rankiniai-irankiai","9":"product_cat-skardininko-reples-ir-zirkles-reples-zirkles-pjovimo-irankiai-rankiniai-irankiai","11":"first","12":"instock","13":"purchasable","14":"product-type-simple"},"jetpack_sharing_enabled":true,"_links":{"self":[{"href":"https:\/\/raktoras.lt\/ru\/wp-json\/wp\/v2\/product\/421591","targetHints":{"allow":["GET"]}}],"collection":[{"href":"https:\/\/raktoras.lt\/ru\/wp-json\/wp\/v2\/product"}],"about":[{"href":"https:\/\/raktoras.lt\/ru\/wp-json\/wp\/v2\/types\/product"}],"replies":[{"embeddable":true,"href":"https:\/\/raktoras.lt\/ru\/wp-json\/wp\/v2\/comments?post=421591"}],"version-history":[{"count":1,"href":"https:\/\/raktoras.lt\/ru\/wp-json\/wp\/v2\/product\/421591\/revisions"}],"predecessor-version":[{"id":421592,"href":"https:\/\/raktoras.lt\/ru\/wp-json\/wp\/v2\/product\/421591\/revisions\/421592"}],"wp:featuredmedia":[{"embeddable":true,"href":"https:\/\/raktoras.lt\/ru\/wp-json\/wp\/v2\/media\/421593"}],"wp:attachment":[{"href":"https:\/\/raktoras.lt\/ru\/wp-json\/wp\/v2\/media?parent=421591"}],"wp:term":[{"taxonomy":"product_cat","embeddable":true,"href":"https:\/\/raktoras.lt\/ru\/wp-json\/wp\/v2\/product_cat?post=421591"},{"taxonomy":"product_tag","embeddable":true,"href":"https:\/\/raktoras.lt\/ru\/wp-json\/wp\/v2\/product_tag?post=421591"}],"curies":[{"name":"wp","href":"https:\/\/api.w.org\/{rel}","templated":true}]}}