{"id":421594,"date":"2025-10-25T11:44:15","date_gmt":"2025-10-25T11:44:15","guid":{"rendered":"https:\/\/raktoras.lt\/product\/reples-elektros-instaliacijos-darbams-vde-200mm-knipex\/"},"modified":"2025-12-06T14:48:33","modified_gmt":"2025-12-06T14:48:33","slug":"reples-elektros-instaliacijos-darbams-vde-200mm-knipex","status":"publish","type":"product","link":"https:\/\/raktoras.lt\/ru\/product\/reples-elektros-instaliacijos-darbams-vde-200mm-knipex\/","title":{"rendered":"Repl\u0117s elektros instaliacijos darbams VDE 200mm KNIPEX"},"content":{"rendered":"<p><strong>Prek\u0117s Nr.: 13 96 200&nbsp;<br \/>\n\tEAN: 4003773075110&nbsp;<\/strong><br \/>\n\t6 funkcijos vienoje repli\u0173 poroje<br \/>\n\tPlok\u0161\u010dioms ir apvalioms med\u017eiagoms suimti, lenkti, \u0161alinti, pjauti kabel\u012f, nuimti ir u\u017espausti vielos antgalius<br \/>\n\tLyg\u016bs pavir\u0161iai \u0161alia galiuk\u0173 sugriebia atskiras \u0161erdis j\u0173 nepa\u017eeisdami; dantyti sugriebimo pavir\u0161iai ir vamzd\u017eio rankena, skirta suimti plok\u0161\u010dias ir apvalias med\u017eiagas<br \/>\n\tAi\u0161kus i\u0161orinis kra\u0161tas ant sugriebimo pavir\u0161i\u0173, skirtas darbui su \u012fleid\u017eiamomis jungiamomis d\u0117\u017e\u0117mis ir \u012fvad\u0173 skyli\u0173 pa\u0161alinimui<br \/>\n\tSkyl\u0117s 0,75 &#8211; 1,5 mm&sup2; ir 2,5 mm&sup2; laidininkams<br \/>\n\tU\u017espaudimo antgalis vielos antgaliams 0,5 &#8211; 2,5 mm&sup2;<br \/>\n\tKabeli\u0173 \u017eirkl\u0117s su (indukciniu b\u016bdu gr\u016bdintomis) tiksliomis pjovimo briaunomis variniams ir aliuminio kabeliams iki 5 x 2,5 mm&sup2; \/ &Oslash; 15 mm<br \/>\n\tPloni matmenys, kad b\u016bt\u0173 lengva pasiekti<br \/>\n\tVar\u017etin\u0117 jungtis: tikslus, nulinis repli\u0173 veikimas<br \/>\n\tModeliuose su jungtyje integruota atidaroma spyruokle, aktyvuota fiksavimo svirtis i\u0161laiko pjovimo briaunas u\u017edarytas, o kitos funkcijos i\u0161lieka aktyvios.<br \/>\n\tI\u0161manusis fiksavimo mechanizmas leid\u017eia &bdquo;suimti&ldquo; neatidarant repli\u0173. Pjovimo briauna lieka u\u017edaryta ir apsaugota.<br \/>\n\tViengubos gyslos nuvalymo galimyb\u0117s 0.75 &#8211; 1.5 mm&sup2; \/ 2.5 mm&sup2;&nbsp;<br \/>\n\tI\u0161rai\u0161ka kvadratiniais milimetrais 0.5 &#8211; 2.5 mm&sup2;<br \/>\n\tPjovimo galia variniam, daugiagysliui kabeliui &Oslash; 15 mm<br \/>\n\tPjovimo galia variniam, daugiagysliui kabeliui 50 mm&sup2;&nbsp;<br \/>\n\tVDE patikrintas: taip<br \/>\n\tMatmenys 200 x 85 x 20 mm<br \/>\n\tStandartas DIN EN 60900 IEC 60900<br \/>\n\tSvoris 276 g&nbsp;<\/p>","protected":false},"excerpt":{"rendered":"<p>Prek\u0117s Nr.: 13 96 200&nbsp; EAN: 4003773075110&nbsp; 6 funkcijos vienoje repli\u0173 poroje Plok\u0161\u010dioms ir apvalioms med\u017eiagoms suimti, lenkti, \u0161alinti, pjauti kabel\u012f, nuimti ir u\u017espausti vielos antgalius Lyg\u016bs pavir\u0161iai \u0161alia galiuk\u0173<\/p>","protected":false},"featured_media":421596,"comment_status":"closed","ping_status":"open","template":"","meta":[],"product_cat":[10287,11080,11091,11083],"product_tag":[],"class_list":{"0":"post-421594","1":"product","2":"type-product","3":"status-publish","4":"has-post-thumbnail","6":"product_brand-knipex","7":"product_cat-prekiu-katalogas","8":"product_cat-rankiniai-irankiai","9":"product_cat-reples-laidu-nuvalymui-ir-uzspaudimui-reples-zirkles-pjovimo-irankiai-rankiniai-irankiai","10":"product_cat-reples-zirkles-pjovimo-irankiai-rankiniai-irankiai","12":"first","13":"instock","14":"purchasable","15":"product-type-simple"},"jetpack_sharing_enabled":true,"_links":{"self":[{"href":"https:\/\/raktoras.lt\/ru\/wp-json\/wp\/v2\/product\/421594","targetHints":{"allow":["GET"]}}],"collection":[{"href":"https:\/\/raktoras.lt\/ru\/wp-json\/wp\/v2\/product"}],"about":[{"href":"https:\/\/raktoras.lt\/ru\/wp-json\/wp\/v2\/types\/product"}],"replies":[{"embeddable":true,"href":"https:\/\/raktoras.lt\/ru\/wp-json\/wp\/v2\/comments?post=421594"}],"version-history":[{"count":1,"href":"https:\/\/raktoras.lt\/ru\/wp-json\/wp\/v2\/product\/421594\/revisions"}],"predecessor-version":[{"id":421595,"href":"https:\/\/raktoras.lt\/ru\/wp-json\/wp\/v2\/product\/421594\/revisions\/421595"}],"wp:featuredmedia":[{"embeddable":true,"href":"https:\/\/raktoras.lt\/ru\/wp-json\/wp\/v2\/media\/421596"}],"wp:attachment":[{"href":"https:\/\/raktoras.lt\/ru\/wp-json\/wp\/v2\/media?parent=421594"}],"wp:term":[{"taxonomy":"product_cat","embeddable":true,"href":"https:\/\/raktoras.lt\/ru\/wp-json\/wp\/v2\/product_cat?post=421594"},{"taxonomy":"product_tag","embeddable":true,"href":"https:\/\/raktoras.lt\/ru\/wp-json\/wp\/v2\/product_tag?post=421594"}],"curies":[{"name":"wp","href":"https:\/\/api.w.org\/{rel}","templated":true}]}}