{"id":421864,"date":"2025-10-25T11:59:16","date_gmt":"2025-10-25T11:59:16","guid":{"rendered":"https:\/\/raktoras.lt\/product\/kede-auksta-pasukama\/"},"modified":"2026-01-02T23:32:58","modified_gmt":"2026-01-02T23:32:58","slug":"kede-auksta-pasukama","status":"publish","type":"product","link":"https:\/\/raktoras.lt\/ru\/product\/kede-auksta-pasukama\/","title":{"rendered":"K\u0117d\u0117 (auk\u0161ta) pasukama"},"content":{"rendered":"<p>Leistina apkrova 113 kg (250 LBS)<br \/>\n\tGabaritiniai matmenys 515 x 515 x 730 mm<br \/>\n\tK\u0117d\u0117 pasukama<br \/>\n\tSvoris 5.76 kg<\/p>\n<p>Pakuot\u0117s matmenys 680 x 510 x 90 mm&nbsp;<\/p>","protected":false},"excerpt":{"rendered":"<p>Leistina apkrova 113 kg (250 LBS) Gabaritiniai matmenys 515 x 515 x 730 mm K\u0117d\u0117 pasukama Svoris 5.76 kg Pakuot\u0117s matmenys 680 x 510 x 90 mm&nbsp;<\/p>","protected":false},"featured_media":421866,"comment_status":"closed","ping_status":"closed","template":"","meta":[],"product_cat":[11095,11096,11298,10287],"product_tag":[],"class_list":{"0":"post-421864","1":"product","2":"type-product","3":"status-publish","4":"has-post-thumbnail","6":"product_brand-tongrun","7":"product_cat-autoservisu-iranga-prekiu-katalogas","8":"product_cat-irankiu-spinteles-dezes-vezimeliai-darbastaliai-autoservisu-iranga-prekiu-katalogas","9":"product_cat-kedutes-gultai-ant-ratuku-irankiu-spinteles-dezes-vezimeliai-darbastaliai-autoservisu-iranga-prekiu-katalogas","10":"product_cat-prekiu-katalogas","12":"first","13":"instock","14":"purchasable","15":"product-type-simple"},"jetpack_sharing_enabled":true,"_links":{"self":[{"href":"https:\/\/raktoras.lt\/ru\/wp-json\/wp\/v2\/product\/421864","targetHints":{"allow":["GET"]}}],"collection":[{"href":"https:\/\/raktoras.lt\/ru\/wp-json\/wp\/v2\/product"}],"about":[{"href":"https:\/\/raktoras.lt\/ru\/wp-json\/wp\/v2\/types\/product"}],"replies":[{"embeddable":true,"href":"https:\/\/raktoras.lt\/ru\/wp-json\/wp\/v2\/comments?post=421864"}],"version-history":[{"count":1,"href":"https:\/\/raktoras.lt\/ru\/wp-json\/wp\/v2\/product\/421864\/revisions"}],"predecessor-version":[{"id":421865,"href":"https:\/\/raktoras.lt\/ru\/wp-json\/wp\/v2\/product\/421864\/revisions\/421865"}],"wp:featuredmedia":[{"embeddable":true,"href":"https:\/\/raktoras.lt\/ru\/wp-json\/wp\/v2\/media\/421866"}],"wp:attachment":[{"href":"https:\/\/raktoras.lt\/ru\/wp-json\/wp\/v2\/media?parent=421864"}],"wp:term":[{"taxonomy":"product_cat","embeddable":true,"href":"https:\/\/raktoras.lt\/ru\/wp-json\/wp\/v2\/product_cat?post=421864"},{"taxonomy":"product_tag","embeddable":true,"href":"https:\/\/raktoras.lt\/ru\/wp-json\/wp\/v2\/product_tag?post=421864"}],"curies":[{"name":"wp","href":"https:\/\/api.w.org\/{rel}","templated":true}]}}