{"id":421867,"date":"2025-10-25T11:59:20","date_gmt":"2025-10-25T11:59:20","guid":{"rendered":"https:\/\/raktoras.lt\/product\/kede-su-atlosu-auksta-reguliuojama\/"},"modified":"2026-01-02T23:32:31","modified_gmt":"2026-01-02T23:32:31","slug":"kede-su-atlosu-auksta-reguliuojama","status":"publish","type":"product","link":"https:\/\/raktoras.lt\/ru\/product\/kede-su-atlosu-auksta-reguliuojama\/","title":{"rendered":"K\u0117d\u0117 su atlo\u0161u (auk\u0161ta) reguliuojama"},"content":{"rendered":"<p>Leistina apkrova 150 kg (330 LBS)<br \/>\n\tPo k\u0117de yra vietos susid\u0117ti \u012frankiams, perforotuos sienel\u0117s papildomam atsuktuv\u0173 ar kit\u0173 \u012franki\u0173 patogiam laikymui<br \/>\n\tGabaritiniai matmenys 455 x 430 x 430 mm<br \/>\n\tMin auk\u0161tis 550 mm<br \/>\n\tMax auk\u0161tis 720 mm<br \/>\n\tReguliuojamas auk\u0161tis 170 mm. Pneumatinis<br \/>\n\tSu ratukais 75mm<br \/>\n\tSvoris 9.0 kg<\/p>\n<p>&nbsp;&nbsp;<\/p>","protected":false},"excerpt":{"rendered":"<p>Leistina apkrova 150 kg (330 LBS) Po k\u0117de yra vietos susid\u0117ti \u012frankiams, perforotuos sienel\u0117s papildomam atsuktuv\u0173 ar kit\u0173 \u012franki\u0173 patogiam laikymui Gabaritiniai matmenys 455 x 430 x 430 mm Min<\/p>","protected":false},"featured_media":421869,"comment_status":"closed","ping_status":"closed","template":"","meta":[],"product_cat":[11095,11096,11298,10287],"product_tag":[],"class_list":{"0":"post-421867","1":"product","2":"type-product","3":"status-publish","4":"has-post-thumbnail","6":"product_cat-autoservisu-iranga-prekiu-katalogas","7":"product_cat-irankiu-spinteles-dezes-vezimeliai-darbastaliai-autoservisu-iranga-prekiu-katalogas","8":"product_cat-kedutes-gultai-ant-ratuku-irankiu-spinteles-dezes-vezimeliai-darbastaliai-autoservisu-iranga-prekiu-katalogas","9":"product_cat-prekiu-katalogas","11":"first","12":"instock","13":"purchasable","14":"product-type-simple"},"jetpack_sharing_enabled":true,"_links":{"self":[{"href":"https:\/\/raktoras.lt\/ru\/wp-json\/wp\/v2\/product\/421867","targetHints":{"allow":["GET"]}}],"collection":[{"href":"https:\/\/raktoras.lt\/ru\/wp-json\/wp\/v2\/product"}],"about":[{"href":"https:\/\/raktoras.lt\/ru\/wp-json\/wp\/v2\/types\/product"}],"replies":[{"embeddable":true,"href":"https:\/\/raktoras.lt\/ru\/wp-json\/wp\/v2\/comments?post=421867"}],"version-history":[{"count":1,"href":"https:\/\/raktoras.lt\/ru\/wp-json\/wp\/v2\/product\/421867\/revisions"}],"predecessor-version":[{"id":421868,"href":"https:\/\/raktoras.lt\/ru\/wp-json\/wp\/v2\/product\/421867\/revisions\/421868"}],"wp:featuredmedia":[{"embeddable":true,"href":"https:\/\/raktoras.lt\/ru\/wp-json\/wp\/v2\/media\/421869"}],"wp:attachment":[{"href":"https:\/\/raktoras.lt\/ru\/wp-json\/wp\/v2\/media?parent=421867"}],"wp:term":[{"taxonomy":"product_cat","embeddable":true,"href":"https:\/\/raktoras.lt\/ru\/wp-json\/wp\/v2\/product_cat?post=421867"},{"taxonomy":"product_tag","embeddable":true,"href":"https:\/\/raktoras.lt\/ru\/wp-json\/wp\/v2\/product_tag?post=421867"}],"curies":[{"name":"wp","href":"https:\/\/api.w.org\/{rel}","templated":true}]}}